{"id":536,"date":"2022-06-09T12:50:03","date_gmt":"2022-06-09T12:50:03","guid":{"rendered":"https:\/\/geauxhealth.org\/adolescentes\/"},"modified":"2023-01-23T15:01:30","modified_gmt":"2023-01-23T15:01:30","slug":"adolescentes","status":"publish","type":"page","link":"https:\/\/geauxhealth.org\/es\/adolescentes\/","title":{"rendered":"Adolescentes"},"content":{"rendered":"\n<h3 class=\"wp-block-heading\">CHNOLA Adolescent Medicine Clinic <\/h3>\n\n\n\n<p><em>Asistencia con salud de g\u00e9nero, salud sexual, trastornos alimentarios, y m\u00e9todos anticonceptivos. Atenci\u00f3n m\u00e9dica para adolescentes hasta los 21 a\u00f1os. Escala m\u00f3vil ($25-$100) para los que no tengan seguro m\u00e9dico. Se acepta Medicaid, seguro privado. No se niegue a nadie por incapacidad de pagar. Llame para pedir cita. Se habla espa\u00f1ol, pero pida cita.<\/em><\/p>\n\n\n\n<div style=\"background-color:#f6f6f6;padding-left:4%;padding-right:4%;padding-bottom:4%;padding-top:4%;margin-bottom:5%\" class=\"wp-block-genesis-blocks-gb-container resource-details gb-block-container\"><div class=\"gb-container-inside\"><div class=\"gb-container-content\">\n<p class=\"icon ion-ios-location\">200 Henry Clay Ave., New Orleans, LA 70118<\/p>\n\n\n\n<p class=\"icon ion-ios-telephone\">504-899-9511<\/p>\n\n\n\n<hr class=\"wp-block-separator has-text-color has-alpha-channel-opacity has-background is-style-wide\" style=\"background-color:#d4d4d4;color:#d4d4d4\"\/>\n\n\n\n<p class=\"icon ion-ios-location\">829 Barataria Blvd., Marrero, LA 70072<\/p>\n\n\n\n<p class=\"icon ion-ios-telephone\">504-899-9511<\/p>\n\n\n\n<hr class=\"wp-block-separator has-text-color has-alpha-channel-opacity has-background is-style-wide\" style=\"background-color:#d4d4d4;color:#d4d4d4\"\/>\n\n\n\n<p class=\"icon ion-ios-location\">3040 33rd St., Metairie, LA 70001<\/p>\n\n\n\n<p class=\"icon ion-ios-telephone\">504-899-9511<\/p>\n<\/div><\/div><\/div>\n\n\n\n<h3 class=\"wp-block-heading\"><strong>Crescent Care<\/strong><\/h3>\n\n\n\n<p><em>Cl\u00ednica con servicios de atenci\u00f3n primaria, pediatr\u00eda, salud mental, odontolog\u00eda, salud de la mujer, atenci\u00f3n para al VIH y la hepatitis C, cuidados preventativos, salud de los transexuales, ayuda legal, y seguro m\u00e9dico. Ofrece servicios a los que no tengan seguro m\u00e9dico o que tengan seguro m\u00e9dico insuficiente, Medicaid, o seguro privado. Se habla espa\u00f1ol (504-207-2273, marque 2)<\/em><\/p>\n\n\n\n<div style=\"background-color:#f6f6f6;padding-left:4%;padding-right:4%;padding-bottom:4%;padding-top:4%;margin-bottom:5%\" class=\"wp-block-genesis-blocks-gb-container resource-details gb-block-container\"><div class=\"gb-container-inside\"><div class=\"gb-container-content\">\n<p class=\"icon ion-ios-location\">1631 Elysian Fields Ave., New Orleans, LA 70117<\/p>\n\n\n\n<p class=\"icon ion-ios-telephone\">504-821-2601<\/p>\n\n\n\n<hr class=\"wp-block-separator has-text-color has-alpha-channel-opacity has-background is-style-wide\" style=\"background-color:#d4d4d4;color:#d4d4d4\"\/>\n\n\n\n<p class=\"icon ion-ios-location\">3308 Tulane Ave., New Orleans, LA 70119<\/p>\n\n\n\n<p class=\"icon ion-ios-telephone\">504-821-2601<\/p>\n<\/div><\/div><\/div>\n\n\n\n<div role=\"navigation\" aria-label=\"Selector de idioma\" class=\"wpml-ls-statics-footer wpml-ls wpml-ls-legacy-list-horizontal\">\n\t<ul><li class=\"wpml-ls-slot-footer wpml-ls-item wpml-ls-item-en wpml-ls-first-item wpml-ls-item-legacy-list-horizontal\">\n\t\t\t\t<a href=\"https:\/\/geauxhealth.org\/\" hreflang=\"en\" lang=\"en\" class=\"wpml-ls-link\" aria-label=\"Cambiar a Ingl\u00e9s (English)\" title=\"Cambiar a Ingl\u00e9s (English)\">\n\t\t\t\t\t                                    <img decoding=\"async\"\n            class=\"wpml-ls-flag\"\n            src=\"https:\/\/geauxhealth.org\/wp-content\/plugins\/sitepress-multilingual-cms\/res\/flags\/en.png\"\n            alt=\"\"\n            loading=\"lazy\"\n            width=18\n            height=12\n    \/><span class=\"wpml-ls-native\">English<\/span><span class=\"wpml-ls-display\"><span class=\"wpml-ls-bracket\"> (<\/span>Ingl\u00e9s<span class=\"wpml-ls-bracket\">)<\/span><\/span><\/a>\n\t\t\t<\/li><li class=\"wpml-ls-slot-footer wpml-ls-item wpml-ls-item-es wpml-ls-current-language wpml-ls-last-item wpml-ls-item-legacy-list-horizontal\">\n\t\t\t\t<a href=\"https:\/\/geauxhealth.org\/es\/\" hreflang=\"es\" lang=\"es\" class=\"wpml-ls-link\" aria-current=\"page\" aria-label=\"Cambiar a Espa\u00f1ol (Espa\u00f1ol)\" title=\"Cambiar a Espa\u00f1ol (Espa\u00f1ol)\">\n\t\t\t\t\t                                    <img decoding=\"async\"\n            class=\"wpml-ls-flag\"\n            src=\"https:\/\/geauxhealth.org\/wp-content\/plugins\/sitepress-multilingual-cms\/res\/flags\/es.png\"\n            alt=\"\"\n            loading=\"lazy\"\n            width=18\n            height=12\n    \/><span class=\"wpml-ls-native\">Espa\u00f1ol<\/span><\/a>\n\t\t\t<\/li><\/ul>\n<\/div>\n\n","protected":false},"excerpt":{"rendered":"<p>CHNOLA Adolescent Medicine Clinic Asistencia con salud de g\u00e9nero, salud sexual, trastornos alimentarios, y m\u00e9todos anticonceptivos. Atenci\u00f3n m\u00e9dica para adolescentes hasta los 21 a\u00f1os. Escala m\u00f3vil ($25-$100) para los que no tengan seguro m\u00e9dico. Se acepta Medicaid, seguro privado. No se niegue a nadie por incapacidad de pagar. Llame para pedir cita. Se habla espa\u00f1ol, [&hellip;]<\/p>\n","protected":false},"author":9,"featured_media":0,"parent":0,"menu_order":0,"comment_status":"closed","ping_status":"closed","template":"","meta":{"_genesis_hide_title":false,"_genesis_hide_breadcrumbs":false,"_genesis_hide_singular_image":false,"_genesis_hide_footer_widgets":false,"_genesis_custom_body_class":"","_genesis_custom_post_class":"","_genesis_layout":"content-sidebar","footnotes":""},"class_list":{"0":"post-536","1":"page","2":"type-page","3":"status-publish","5":"entry"},"yoast_head":"<!-- This site is optimized with the Yoast SEO plugin v27.4 - https:\/\/yoast.com\/product\/yoast-seo-wordpress\/ -->\n<title>Doctors for Adolescents in the New Orleans Area - GeauxHealth!<\/title>\n<meta name=\"description\" content=\"This page provides info on doctors offices where you can receive primary care for adolescents. Several non-profit orgs are also available.\" \/>\n<meta name=\"robots\" content=\"index, follow, max-snippet:-1, max-image-preview:large, max-video-preview:-1\" \/>\n<link rel=\"canonical\" href=\"https:\/\/geauxhealth.org\/es\/adolescentes\/\" \/>\n<meta property=\"og:locale\" content=\"es_ES\" \/>\n<meta property=\"og:type\" content=\"article\" \/>\n<meta property=\"og:title\" content=\"Doctors for Adolescents in the New Orleans Area - GeauxHealth!\" \/>\n<meta property=\"og:description\" content=\"This page provides info on doctors offices where you can receive primary care for adolescents. Several non-profit orgs are also available.\" \/>\n<meta property=\"og:url\" content=\"https:\/\/geauxhealth.org\/es\/adolescentes\/\" \/>\n<meta property=\"og:site_name\" content=\"GeauxHealth!\" \/>\n<meta property=\"article:modified_time\" content=\"2023-01-23T15:01:30+00:00\" \/>\n<meta name=\"twitter:card\" content=\"summary_large_image\" \/>\n<meta name=\"twitter:label1\" content=\"Tiempo de lectura\" \/>\n\t<meta name=\"twitter:data1\" content=\"1 minuto\" \/>\n<script type=\"application\/ld+json\" class=\"yoast-schema-graph\">{\"@context\":\"https:\\\/\\\/schema.org\",\"@graph\":[{\"@type\":\"WebPage\",\"@id\":\"https:\\\/\\\/geauxhealth.org\\\/es\\\/adolescentes\\\/\",\"url\":\"https:\\\/\\\/geauxhealth.org\\\/es\\\/adolescentes\\\/\",\"name\":\"Doctors for Adolescents in the New Orleans Area - GeauxHealth!\",\"isPartOf\":{\"@id\":\"https:\\\/\\\/geauxhealth.org\\\/#website\"},\"datePublished\":\"2022-06-09T12:50:03+00:00\",\"dateModified\":\"2023-01-23T15:01:30+00:00\",\"description\":\"This page provides info on doctors offices where you can receive primary care for adolescents. Several non-profit orgs are also available.\",\"breadcrumb\":{\"@id\":\"https:\\\/\\\/geauxhealth.org\\\/es\\\/adolescentes\\\/#breadcrumb\"},\"inLanguage\":\"es\",\"potentialAction\":[{\"@type\":\"ReadAction\",\"target\":[\"https:\\\/\\\/geauxhealth.org\\\/es\\\/adolescentes\\\/\"]}]},{\"@type\":\"BreadcrumbList\",\"@id\":\"https:\\\/\\\/geauxhealth.org\\\/es\\\/adolescentes\\\/#breadcrumb\",\"itemListElement\":[{\"@type\":\"ListItem\",\"position\":1,\"name\":\"Home\",\"item\":\"https:\\\/\\\/geauxhealth.org\\\/es\\\/\"},{\"@type\":\"ListItem\",\"position\":2,\"name\":\"Adolescentes\"}]},{\"@type\":\"WebSite\",\"@id\":\"https:\\\/\\\/geauxhealth.org\\\/#website\",\"url\":\"https:\\\/\\\/geauxhealth.org\\\/\",\"name\":\"GeauxHealth\",\"description\":\"Health Resources for the New Orleans Area\",\"potentialAction\":[{\"@type\":\"SearchAction\",\"target\":{\"@type\":\"EntryPoint\",\"urlTemplate\":\"https:\\\/\\\/geauxhealth.org\\\/?s={search_term_string}\"},\"query-input\":{\"@type\":\"PropertyValueSpecification\",\"valueRequired\":true,\"valueName\":\"search_term_string\"}}],\"inLanguage\":\"es\"}]}<\/script>\n<!-- \/ Yoast SEO plugin. -->","yoast_head_json":{"title":"Doctors for Adolescents in the New Orleans Area - GeauxHealth!","description":"This page provides info on doctors offices where you can receive primary care for adolescents. Several non-profit orgs are also available.","robots":{"index":"index","follow":"follow","max-snippet":"max-snippet:-1","max-image-preview":"max-image-preview:large","max-video-preview":"max-video-preview:-1"},"canonical":"https:\/\/geauxhealth.org\/es\/adolescentes\/","og_locale":"es_ES","og_type":"article","og_title":"Doctors for Adolescents in the New Orleans Area - GeauxHealth!","og_description":"This page provides info on doctors offices where you can receive primary care for adolescents. Several non-profit orgs are also available.","og_url":"https:\/\/geauxhealth.org\/es\/adolescentes\/","og_site_name":"GeauxHealth!","article_modified_time":"2023-01-23T15:01:30+00:00","twitter_card":"summary_large_image","twitter_misc":{"Tiempo de lectura":"1 minuto"},"schema":{"@context":"https:\/\/schema.org","@graph":[{"@type":"WebPage","@id":"https:\/\/geauxhealth.org\/es\/adolescentes\/","url":"https:\/\/geauxhealth.org\/es\/adolescentes\/","name":"Doctors for Adolescents in the New Orleans Area - GeauxHealth!","isPartOf":{"@id":"https:\/\/geauxhealth.org\/#website"},"datePublished":"2022-06-09T12:50:03+00:00","dateModified":"2023-01-23T15:01:30+00:00","description":"This page provides info on doctors offices where you can receive primary care for adolescents. Several non-profit orgs are also available.","breadcrumb":{"@id":"https:\/\/geauxhealth.org\/es\/adolescentes\/#breadcrumb"},"inLanguage":"es","potentialAction":[{"@type":"ReadAction","target":["https:\/\/geauxhealth.org\/es\/adolescentes\/"]}]},{"@type":"BreadcrumbList","@id":"https:\/\/geauxhealth.org\/es\/adolescentes\/#breadcrumb","itemListElement":[{"@type":"ListItem","position":1,"name":"Home","item":"https:\/\/geauxhealth.org\/es\/"},{"@type":"ListItem","position":2,"name":"Adolescentes"}]},{"@type":"WebSite","@id":"https:\/\/geauxhealth.org\/#website","url":"https:\/\/geauxhealth.org\/","name":"GeauxHealth","description":"Health Resources for the New Orleans Area","potentialAction":[{"@type":"SearchAction","target":{"@type":"EntryPoint","urlTemplate":"https:\/\/geauxhealth.org\/?s={search_term_string}"},"query-input":{"@type":"PropertyValueSpecification","valueRequired":true,"valueName":"search_term_string"}}],"inLanguage":"es"}]}},"featured_image_src":null,"featured_image_src_square":null,"_links":{"self":[{"href":"https:\/\/geauxhealth.org\/es\/wp-json\/wp\/v2\/pages\/536","targetHints":{"allow":["GET"]}}],"collection":[{"href":"https:\/\/geauxhealth.org\/es\/wp-json\/wp\/v2\/pages"}],"about":[{"href":"https:\/\/geauxhealth.org\/es\/wp-json\/wp\/v2\/types\/page"}],"author":[{"embeddable":true,"href":"https:\/\/geauxhealth.org\/es\/wp-json\/wp\/v2\/users\/9"}],"replies":[{"embeddable":true,"href":"https:\/\/geauxhealth.org\/es\/wp-json\/wp\/v2\/comments?post=536"}],"version-history":[{"count":0,"href":"https:\/\/geauxhealth.org\/es\/wp-json\/wp\/v2\/pages\/536\/revisions"}],"wp:attachment":[{"href":"https:\/\/geauxhealth.org\/es\/wp-json\/wp\/v2\/media?parent=536"}],"curies":[{"name":"wp","href":"https:\/\/api.w.org\/{rel}","templated":true}]}}