{"id":540,"date":"2022-03-31T19:13:46","date_gmt":"2022-03-31T19:13:46","guid":{"rendered":"https:\/\/geauxhealth.org\/odontologia-para-adultos\/"},"modified":"2023-01-23T14:58:32","modified_gmt":"2023-01-23T14:58:32","slug":"odontologia-para-adultos","status":"publish","type":"page","link":"https:\/\/geauxhealth.org\/es\/odontologia-para-adultos\/","title":{"rendered":"Odontolog\u00eda para adultos"},"content":{"rendered":"\n<h3 class=\"wp-block-heading\"><strong>DePaul Community Health Center<\/strong><\/h3>\n\n\n\n<p><em>Atenci\u00f3n primaria para adultos, ni\u00f1os, adultos mayores, y adolescentes. Escala m\u00f3vil para los que no tengan seguro m\u00e9dico ($35 m\u00ednimo). Se acepta Medicare, Medicaid, seguro privado. Los servicios incluyen:<\/em><\/p>\n\n\n\n<div style=\"background-color:#f6f6f6;padding-left:4%;padding-right:4%;padding-bottom:4%;padding-top:4%;margin-bottom:5%\" class=\"wp-block-genesis-blocks-gb-container resource-details gb-block-container\"><div class=\"gb-container-inside\"><div class=\"gb-container-content\">\n<p class=\"icon ion-ios-location\">3201 S. Carrollton Ave New Orleans 70118<\/p>\n\n\n\n<p class=\"icon ion-ios-telephone\">504-207-3060 (ext. 3)<\/p>\n<\/div><\/div><\/div>\n\n\n\n<h3 class=\"wp-block-heading\"><strong>Jefferson Health Center&nbsp;<\/strong><\/h3>\n\n\n\n<p><em>Servicios incluyen atenci\u00f3n m\u00e9dica, dental, salud de comportamiento, y servicios farmac\u00e9uticos. Se habla espa\u00f1ol por l\u00ednea de idiomas. <\/em><\/p>\n\n\n\n<div style=\"background-color:#f6f6f6;padding-left:4%;padding-right:4%;padding-bottom:4%;padding-top:4%;margin-bottom:5%\" class=\"wp-block-genesis-blocks-gb-container resource-details gb-block-container\"><div class=\"gb-container-inside\"><div class=\"gb-container-content\">\n<p class=\"icon ion-ios-location\">1855 Ames Blvd. Marrero, LA 70072<\/p>\n\n\n\n<p class=\"icon ion-ios-telephone\">504-341-4006<\/p>\n<\/div><\/div><\/div>\n\n\n\n<h3 class=\"wp-block-heading\"><strong>Healthcare for the Homeless<\/strong><\/h3>\n\n\n\n<p><em>Servicios para las personas sin casa y la comunidad en general. Se acepta Medicaid y tienen escala variada\/m\u00f3vil basada en sus ingresos. Interpretaci\u00f3n disponible en espa\u00f1ol.&nbsp;.&nbsp;. .<\/em><\/p>\n\n\n\n<div style=\"background-color:#f6f6f6;padding-left:4%;padding-right:4%;padding-bottom:4%;padding-top:4%;margin-bottom:5%\" class=\"wp-block-genesis-blocks-gb-container resource-details gb-block-container\"><div class=\"gb-container-inside\"><div class=\"gb-container-content\">\n<p class=\"icon ion-ios-location\">2222 Simon Bolivar St. 2nd Floor, New Orleans, LA 70113<\/p>\n\n\n\n<p class=\"icon ion-ios-telephone\">504-658-2785<\/p>\n\n\n\n<p class=\"icon ion-android-desktop\"><a href=\"https:\/\/www.nola.gov\/health\/homeless\/\" target=\"_blank\" rel=\"noreferrer noopener\">https:\/\/www.nola.gov\/health\/homeless\/<\/a><\/p>\n<\/div><\/div><\/div>\n\n\n\n<h3 class=\"wp-block-heading\"><strong>Crescent Care<\/strong><\/h3>\n\n\n\n<p><em>Para familia y individuales Cl\u00ednica con servicios de atenci\u00f3n primaria, pediatr\u00eda, salud mental, odontolog\u00eda, salud de la mujer, atenci\u00f3n para al VIH y la hepatitis C, cuidados preventativos, salud de los transexuales, ayuda legal, y seguro m\u00e9dico. Ofrece servicios a los que no tengan seguro m\u00e9dico o que tengan seguro m\u00e9dico insuficiente, Medicaid, o seguro privado. Se habla espa\u00f1ol&nbsp;<\/em><\/p>\n\n\n\n<div style=\"background-color:#f6f6f6;padding-left:4%;padding-right:4%;padding-bottom:4%;padding-top:4%;margin-bottom:5%\" class=\"wp-block-genesis-blocks-gb-container resource-details gb-block-container\"><div class=\"gb-container-inside\"><div class=\"gb-container-content\">\n<p class=\"icon ion-ios-location\">1631 Elysian Fields, New Orleans, LA 70117<\/p>\n\n\n\n<p class=\"icon ion-ios-telephone\">504-207-2273<\/p>\n\n\n\n<hr class=\"wp-block-separator has-css-opacity is-style-wide\"\/>\n\n\n\n<p class=\"icon ion-ios-location\">3308 Tulane Ave, New Orleans, LA 70119<\/p>\n\n\n\n<p class=\"icon ion-ios-telephone\">844-315-2273<\/p>\n\n\n\n<hr class=\"wp-block-separator has-css-opacity is-style-wide\"\/>\n\n\n\n<p class=\"icon ion-android-desktop\"><a href=\"https:\/\/www.crescentcare.org\" target=\"_blank\" rel=\"noreferrer noopener\">crescentcarehealth.org<\/a><\/p>\n<\/div><\/div><\/div>\n\n\n\n<h3 class=\"wp-block-heading\"><strong>HOP Clinic<\/strong><\/h3>\n\n\n\n<p><em>Servicios para pacientes con VIH\/SIDA y enfermedades infecciosas. Programa hospitalario incluye ayuda social, ayuda con medicamentos, servicios de salud de comportamiento, atenci\u00f3n dental, educaci\u00f3n de salud, servicios laboratorios, y ayuda nutricional. &nbsp; Servicios selectivos incluyen: atenci\u00f3n de salud femenina, servicios oncol\u00f3gicos, y el manejamiento del dolor, diabetes, y pulmones. Los pacientes nuevos piden cita de \u201cPhase 1\u201d. Hay navegadores para ayudar a los pacientes por telefono<\/em><\/p>\n\n\n\n<div style=\"background-color:#f6f6f6;padding-left:4%;padding-right:4%;padding-bottom:4%;padding-top:4%;margin-bottom:5%\" class=\"wp-block-genesis-blocks-gb-container resource-details gb-block-container\"><div class=\"gb-container-inside\"><div class=\"gb-container-content\">\n<p class=\"icon ion-ios-location\">2000 Canal St, New Orleans, LA 70112, Ambulatory Care Building, Fourth Floor, 4C Clinic<\/p>\n\n\n\n<p class=\"icon ion-ios-telephone\">504-702-3000<\/p>\n\n\n\n<p class=\"icon ion-android-desktop\">&nbsp;<a href=\"https:\/\/www.umcno.org\/programs-services\/infectious-disease-services\/\" target=\"_blank\" rel=\"noreferrer noopener\">www.umcno.org\/programs-services\/infectious-disease-services\/<\/a><\/p>\n<\/div><\/div><\/div>\n\n\n\n<div role=\"navigation\" aria-label=\"Selector de idioma\" class=\"wpml-ls-statics-footer wpml-ls wpml-ls-legacy-list-horizontal\">\n\t<ul><li class=\"wpml-ls-slot-footer wpml-ls-item wpml-ls-item-en wpml-ls-first-item wpml-ls-item-legacy-list-horizontal\">\n\t\t\t\t<a href=\"https:\/\/geauxhealth.org\/\" hreflang=\"en\" lang=\"en\" class=\"wpml-ls-link\" aria-label=\"Cambiar a Ingl\u00e9s (English)\" title=\"Cambiar a Ingl\u00e9s (English)\">\n\t\t\t\t\t                                    <img decoding=\"async\"\n            class=\"wpml-ls-flag\"\n            src=\"https:\/\/geauxhealth.org\/wp-content\/plugins\/sitepress-multilingual-cms\/res\/flags\/en.png\"\n            alt=\"\"\n            loading=\"lazy\"\n            width=18\n            height=12\n    \/><span class=\"wpml-ls-native\">English<\/span><span class=\"wpml-ls-display\"><span class=\"wpml-ls-bracket\"> (<\/span>Ingl\u00e9s<span class=\"wpml-ls-bracket\">)<\/span><\/span><\/a>\n\t\t\t<\/li><li class=\"wpml-ls-slot-footer wpml-ls-item wpml-ls-item-es wpml-ls-current-language wpml-ls-last-item wpml-ls-item-legacy-list-horizontal\">\n\t\t\t\t<a href=\"https:\/\/geauxhealth.org\/es\/\" hreflang=\"es\" lang=\"es\" class=\"wpml-ls-link\" aria-current=\"page\" aria-label=\"Cambiar a Espa\u00f1ol (Espa\u00f1ol)\" title=\"Cambiar a Espa\u00f1ol (Espa\u00f1ol)\">\n\t\t\t\t\t                                    <img decoding=\"async\"\n            class=\"wpml-ls-flag\"\n            src=\"https:\/\/geauxhealth.org\/wp-content\/plugins\/sitepress-multilingual-cms\/res\/flags\/es.png\"\n            alt=\"\"\n            loading=\"lazy\"\n            width=18\n            height=12\n    \/><span class=\"wpml-ls-native\">Espa\u00f1ol<\/span><\/a>\n\t\t\t<\/li><\/ul>\n<\/div>\n\n","protected":false},"excerpt":{"rendered":"<p>DePaul Community Health Center Atenci\u00f3n primaria para adultos, ni\u00f1os, adultos mayores, y adolescentes. Escala m\u00f3vil para los que no tengan seguro m\u00e9dico ($35 m\u00ednimo). Se acepta Medicare, Medicaid, seguro privado. Los servicios incluyen: Jefferson Health Center&nbsp; Servicios incluyen atenci\u00f3n m\u00e9dica, dental, salud de comportamiento, y servicios farmac\u00e9uticos. Se habla espa\u00f1ol por l\u00ednea de idiomas. Healthcare [&hellip;]<\/p>\n","protected":false},"author":9,"featured_media":0,"parent":0,"menu_order":0,"comment_status":"closed","ping_status":"closed","template":"","meta":{"_genesis_hide_title":false,"_genesis_hide_breadcrumbs":false,"_genesis_hide_singular_image":false,"_genesis_hide_footer_widgets":false,"_genesis_custom_body_class":"","_genesis_custom_post_class":"","_genesis_layout":"content-sidebar","footnotes":""},"class_list":{"0":"post-540","1":"page","2":"type-page","3":"status-publish","5":"entry"},"yoast_head":"<!-- This site is optimized with the Yoast SEO plugin v27.4 - https:\/\/yoast.com\/product\/yoast-seo-wordpress\/ -->\n<title>Odontolog\u00eda para adultos - New Orleans - GeauxHealth!<\/title>\n<meta name=\"description\" content=\"Adult dentistry services available in the New Orleans area. Includes nonprofit groups serving NOLA residents.\" \/>\n<meta name=\"robots\" content=\"index, follow, max-snippet:-1, max-image-preview:large, max-video-preview:-1\" \/>\n<link rel=\"canonical\" href=\"https:\/\/geauxhealth.org\/es\/odontologia-para-adultos\/\" \/>\n<meta property=\"og:locale\" content=\"es_ES\" \/>\n<meta property=\"og:type\" content=\"article\" \/>\n<meta property=\"og:title\" content=\"Odontolog\u00eda para adultos - New Orleans - GeauxHealth!\" \/>\n<meta property=\"og:description\" content=\"Adult dentistry services available in the New Orleans area. Includes nonprofit groups serving NOLA residents.\" \/>\n<meta property=\"og:url\" content=\"https:\/\/geauxhealth.org\/es\/odontologia-para-adultos\/\" \/>\n<meta property=\"og:site_name\" content=\"GeauxHealth!\" \/>\n<meta property=\"article:modified_time\" content=\"2023-01-23T14:58:32+00:00\" \/>\n<meta name=\"twitter:card\" content=\"summary_large_image\" \/>\n<meta name=\"twitter:label1\" content=\"Tiempo de lectura\" \/>\n\t<meta name=\"twitter:data1\" content=\"2 minutos\" \/>\n<script type=\"application\/ld+json\" class=\"yoast-schema-graph\">{\"@context\":\"https:\\\/\\\/schema.org\",\"@graph\":[{\"@type\":\"WebPage\",\"@id\":\"https:\\\/\\\/geauxhealth.org\\\/es\\\/odontologia-para-adultos\\\/\",\"url\":\"https:\\\/\\\/geauxhealth.org\\\/es\\\/odontologia-para-adultos\\\/\",\"name\":\"Odontolog\u00eda para adultos - New Orleans - GeauxHealth!\",\"isPartOf\":{\"@id\":\"https:\\\/\\\/geauxhealth.org\\\/#website\"},\"datePublished\":\"2022-03-31T19:13:46+00:00\",\"dateModified\":\"2023-01-23T14:58:32+00:00\",\"description\":\"Adult dentistry services available in the New Orleans area. Includes nonprofit groups serving NOLA residents.\",\"breadcrumb\":{\"@id\":\"https:\\\/\\\/geauxhealth.org\\\/es\\\/odontologia-para-adultos\\\/#breadcrumb\"},\"inLanguage\":\"es\",\"potentialAction\":[{\"@type\":\"ReadAction\",\"target\":[\"https:\\\/\\\/geauxhealth.org\\\/es\\\/odontologia-para-adultos\\\/\"]}]},{\"@type\":\"BreadcrumbList\",\"@id\":\"https:\\\/\\\/geauxhealth.org\\\/es\\\/odontologia-para-adultos\\\/#breadcrumb\",\"itemListElement\":[{\"@type\":\"ListItem\",\"position\":1,\"name\":\"Home\",\"item\":\"https:\\\/\\\/geauxhealth.org\\\/es\\\/\"},{\"@type\":\"ListItem\",\"position\":2,\"name\":\"Odontolog\u00eda para adultos\"}]},{\"@type\":\"WebSite\",\"@id\":\"https:\\\/\\\/geauxhealth.org\\\/#website\",\"url\":\"https:\\\/\\\/geauxhealth.org\\\/\",\"name\":\"GeauxHealth\",\"description\":\"Health Resources for the New Orleans Area\",\"potentialAction\":[{\"@type\":\"SearchAction\",\"target\":{\"@type\":\"EntryPoint\",\"urlTemplate\":\"https:\\\/\\\/geauxhealth.org\\\/?s={search_term_string}\"},\"query-input\":{\"@type\":\"PropertyValueSpecification\",\"valueRequired\":true,\"valueName\":\"search_term_string\"}}],\"inLanguage\":\"es\"}]}<\/script>\n<!-- \/ Yoast SEO plugin. -->","yoast_head_json":{"title":"Odontolog\u00eda para adultos - New Orleans - GeauxHealth!","description":"Adult dentistry services available in the New Orleans area. Includes nonprofit groups serving NOLA residents.","robots":{"index":"index","follow":"follow","max-snippet":"max-snippet:-1","max-image-preview":"max-image-preview:large","max-video-preview":"max-video-preview:-1"},"canonical":"https:\/\/geauxhealth.org\/es\/odontologia-para-adultos\/","og_locale":"es_ES","og_type":"article","og_title":"Odontolog\u00eda para adultos - New Orleans - GeauxHealth!","og_description":"Adult dentistry services available in the New Orleans area. Includes nonprofit groups serving NOLA residents.","og_url":"https:\/\/geauxhealth.org\/es\/odontologia-para-adultos\/","og_site_name":"GeauxHealth!","article_modified_time":"2023-01-23T14:58:32+00:00","twitter_card":"summary_large_image","twitter_misc":{"Tiempo de lectura":"2 minutos"},"schema":{"@context":"https:\/\/schema.org","@graph":[{"@type":"WebPage","@id":"https:\/\/geauxhealth.org\/es\/odontologia-para-adultos\/","url":"https:\/\/geauxhealth.org\/es\/odontologia-para-adultos\/","name":"Odontolog\u00eda para adultos - New Orleans - GeauxHealth!","isPartOf":{"@id":"https:\/\/geauxhealth.org\/#website"},"datePublished":"2022-03-31T19:13:46+00:00","dateModified":"2023-01-23T14:58:32+00:00","description":"Adult dentistry services available in the New Orleans area. Includes nonprofit groups serving NOLA residents.","breadcrumb":{"@id":"https:\/\/geauxhealth.org\/es\/odontologia-para-adultos\/#breadcrumb"},"inLanguage":"es","potentialAction":[{"@type":"ReadAction","target":["https:\/\/geauxhealth.org\/es\/odontologia-para-adultos\/"]}]},{"@type":"BreadcrumbList","@id":"https:\/\/geauxhealth.org\/es\/odontologia-para-adultos\/#breadcrumb","itemListElement":[{"@type":"ListItem","position":1,"name":"Home","item":"https:\/\/geauxhealth.org\/es\/"},{"@type":"ListItem","position":2,"name":"Odontolog\u00eda para adultos"}]},{"@type":"WebSite","@id":"https:\/\/geauxhealth.org\/#website","url":"https:\/\/geauxhealth.org\/","name":"GeauxHealth","description":"Health Resources for the New Orleans Area","potentialAction":[{"@type":"SearchAction","target":{"@type":"EntryPoint","urlTemplate":"https:\/\/geauxhealth.org\/?s={search_term_string}"},"query-input":{"@type":"PropertyValueSpecification","valueRequired":true,"valueName":"search_term_string"}}],"inLanguage":"es"}]}},"featured_image_src":null,"featured_image_src_square":null,"_links":{"self":[{"href":"https:\/\/geauxhealth.org\/es\/wp-json\/wp\/v2\/pages\/540","targetHints":{"allow":["GET"]}}],"collection":[{"href":"https:\/\/geauxhealth.org\/es\/wp-json\/wp\/v2\/pages"}],"about":[{"href":"https:\/\/geauxhealth.org\/es\/wp-json\/wp\/v2\/types\/page"}],"author":[{"embeddable":true,"href":"https:\/\/geauxhealth.org\/es\/wp-json\/wp\/v2\/users\/9"}],"replies":[{"embeddable":true,"href":"https:\/\/geauxhealth.org\/es\/wp-json\/wp\/v2\/comments?post=540"}],"version-history":[{"count":0,"href":"https:\/\/geauxhealth.org\/es\/wp-json\/wp\/v2\/pages\/540\/revisions"}],"wp:attachment":[{"href":"https:\/\/geauxhealth.org\/es\/wp-json\/wp\/v2\/media?parent=540"}],"curies":[{"name":"wp","href":"https:\/\/api.w.org\/{rel}","templated":true}]}}