{"id":550,"date":"2022-06-09T03:05:30","date_gmt":"2022-06-09T03:05:30","guid":{"rendered":"https:\/\/geauxhealth.org\/ninos-pediatricos\/"},"modified":"2023-01-23T15:05:48","modified_gmt":"2023-01-23T15:05:48","slug":"ninos-pediatricos","status":"publish","type":"page","link":"https:\/\/geauxhealth.org\/es\/ninos-pediatricos\/","title":{"rendered":"Ni\u00f1os\/Pedi\u00e1tricos"},"content":{"rendered":"\n<h3 class=\"wp-block-heading\"><strong>Children\u2019s Hospital, Kids First Tiger Care Pediatric Clinic<\/strong><\/h3>\n\n\n\n<p><em>Atenci\u00f3n pedi\u00e1trica, incluso para adolescentes. Se ofrece atenci\u00f3n integral y consultaciones para los adolescentes hasta los 21 a\u00f1os, incluso los servicios de la salud reproductiva. Escala m\u00f3vil para los que no tengan seguro m\u00e9dico ($85-$185) Se acepta seguro privado y medicaid.Llame para cita Se habla espa\u00f1ol, por int\u00e9rprete telef\u00f3nica Un m\u00e9dico hispanohablante estar\u00e1 los mi\u00e9rcoles y viernes por la tarde.<\/em><\/p>\n\n\n\n<div style=\"background-color:#f6f6f6;padding-left:4%;padding-right:4%;padding-bottom:4%;padding-top:4%;margin-bottom:5%\" class=\"wp-block-genesis-blocks-gb-container resource-details gb-block-container\"><div class=\"gb-container-inside\"><div class=\"gb-container-content\">\n<p class=\"icon ion-ios-location\">4720 S I-10 Service Road W, Suite 200, Metairie, LA 70001<\/p>\n\n\n\n<p class=\"icon ion-ios-telephone\">504-897-9200<\/p>\n<\/div><\/div><\/div>\n\n\n\n<h3 class=\"wp-block-heading\"><strong>DePaul Community Health Centers (varias) <\/strong><\/h3>\n\n\n\n<p><em>Atenci\u00f3n primaria para adultos, ni\u00f1os, adultos mayores, y adolescentes. Escala m\u00f3vil para los que no tengan seguro m\u00e9dico ($35 m\u00ednimo). Se acepta Medicare, Medicaid, seguro privado.<\/em><\/p>\n\n\n\n<div style=\"background-color:#f6f6f6;padding-left:4%;padding-right:4%;padding-bottom:4%;padding-top:4%;margin-bottom:5%\" class=\"wp-block-genesis-blocks-gb-container resource-details gb-block-container\"><div class=\"gb-container-inside\"><div class=\"gb-container-content\">\n<p class=\"icon ion-ios-location\"><strong>Algiers<\/strong>&#8211; 3215 General Meyer Ave., New Orleans, LA 70114<\/p>\n\n\n\n<p class=\"icon ion-ios-telephone\">504-362-8930<\/p>\n\n\n\n<hr class=\"wp-block-separator has-text-color has-alpha-channel-opacity has-background is-style-wide\" style=\"background-color:#d4d4d4;color:#d4d4d4\"\/>\n\n\n\n<p class=\"icon ion-ios-location\"><strong>Carrollton-<\/strong> 3201 S. Carrollton Ave., New Orleans, LA 70118<\/p>\n\n\n\n<p class=\"icon ion-ios-telephone\">504-207-3060<\/p>\n\n\n\n<hr class=\"wp-block-separator has-text-color has-alpha-channel-opacity has-background is-style-wide\" style=\"background-color:#d4d4d4;color:#d4d4d4\"\/>\n\n\n\n<p class=\"icon ion-ios-location\"><strong>Gentilly-<\/strong> 100 Warrington Dr., New Orleans, LA 70112<\/p>\n\n\n\n<p class=\"icon ion-ios-telephone\">504-282-0089<\/p>\n\n\n\n<hr class=\"wp-block-separator has-text-color has-alpha-channel-opacity has-background is-style-wide\" style=\"background-color:#d4d4d4;color:#d4d4d4\"\/>\n\n\n\n<p class=\"icon ion-ios-location\"><strong>Gretna- <\/strong>1301 Whitney Ave., Gretna, LA 70056<\/p>\n\n\n\n<p class=\"icon ion-ios-telephone\">504-367-0133<\/p>\n\n\n\n<hr class=\"wp-block-separator has-text-color has-alpha-channel-opacity has-background is-style-wide\" style=\"background-color:#d4d4d4;color:#d4d4d4\"\/>\n\n\n\n<p class=\"icon ion-ios-location\"><strong>Higgins- <\/strong>3303 Higgins Blvd., New Orleans, LA 70126<\/p>\n\n\n\n<p class=\"icon ion-ios-telephone\">504-948-2873<\/p>\n\n\n\n<hr class=\"wp-block-separator has-text-color has-alpha-channel-opacity has-background is-style-wide\" style=\"background-color:#d4d4d4;color:#d4d4d4\"\/>\n\n\n\n<p class=\"icon ion-ios-location\"><strong>Kenner- <\/strong>3715 Williams Blvd., Suite 220. Kenner, LA 70065<\/p>\n\n\n\n<p class=\"icon ion-ios-telephone\">504-468-4437<\/p>\n\n\n\n<hr class=\"wp-block-separator has-text-color has-alpha-channel-opacity has-background is-style-wide\" style=\"background-color:#d4d4d4;color:#d4d4d4\"\/>\n\n\n\n<p class=\"icon ion-ios-location\"><strong>Lakeside-<\/strong> 3116 6th St., Suite 101, Metairie, LA 70002<\/p>\n\n\n\n<p class=\"icon ion-ios-telephone\">504-837-9000<\/p>\n\n\n\n<hr class=\"wp-block-separator has-text-color has-alpha-channel-opacity has-background is-style-wide\" style=\"background-color:#d4d4d4;color:#d4d4d4\"\/>\n\n\n\n<p class=\"icon ion-ios-location\"><strong>Metairie-<\/strong> 111 N. Causeway Blvd., Metairie, LA 70001<\/p>\n\n\n\n<p class=\"icon ion-ios-telephone\">504-482-0084<\/p>\n\n\n\n<hr class=\"wp-block-separator has-text-color has-alpha-channel-opacity has-background is-style-wide\" style=\"background-color:#d4d4d4;color:#d4d4d4\"\/>\n\n\n\n<p class=\"icon ion-ios-location\"><strong>NO East-<\/strong> 5630 Read Blvd., New Orleans, LA 70127<\/p>\n\n\n\n<p class=\"icon ion-ios-telephone\">504-248-5357<\/p>\n\n\n\n<hr class=\"wp-block-separator has-text-color has-alpha-channel-opacity has-background is-style-wide\" style=\"background-color:#d4d4d4;color:#d4d4d4\"\/>\n\n\n\n<p class=\"icon ion-ios-location\"><strong>Prytania-<\/strong> 3600 Prytania St., New Orleans, LA <\/p>\n\n\n\n<p class=\"icon ion-ios-telephone\">504-899-8668<\/p>\n\n\n\n<hr class=\"wp-block-separator has-text-color has-alpha-channel-opacity has-background is-style-wide\" style=\"background-color:#d4d4d4;color:#d4d4d4\"\/>\n\n\n\n<p class=\"icon ion-ios-location\"><strong>St. Cecilia<\/strong>&#8211; 1030 Lesseps St., New Orleans, LA 70117<\/p>\n\n\n\n<p class=\"icon ion-ios-telephone\">504-941-6041<\/p>\n\n\n\n<hr class=\"wp-block-separator has-text-color has-alpha-channel-opacity has-background is-style-wide\" style=\"background-color:#d4d4d4;color:#d4d4d4\"\/>\n\n\n\n<p class=\"icon ion-android-desktop\"><a href=\"https:\/\/www.depaulcommunityhealthcenters.org\" target=\"_blank\" rel=\"noreferrer noopener\">https:\/\/www.depaulcommunityhealthcenters.org\/<\/a><\/p>\n<\/div><\/div><\/div>\n\n\n\n<h3 class=\"wp-block-heading\"><strong>Tulane Lakeside Pediatric Clinic <\/strong><\/h3>\n\n\n\n<p><em>Atenci\u00f3n primaria, evaluaciones de abuso sexual en Jefferson Parish, salud femenina, atenci\u00f3n medica para ni\u00f1os (incluso los neonatos), y psiquiatr\u00eda hospitalaria. Se acepta Medicaid, Medicare, y seguros privados. Se habla espa\u00f1ol por int\u00e9rprete y l\u00ednea de idiomas.<\/em><\/p>\n\n\n\n<div style=\"background-color:#f6f6f6;padding-left:4%;padding-right:4%;padding-bottom:4%;padding-top:4%;margin-bottom:5%\" class=\"wp-block-genesis-blocks-gb-container resource-details gb-block-container\"><div class=\"gb-container-inside\"><div class=\"gb-container-content\">\n<p class=\"icon ion-ios-telephone\">4720 S I-10 Service Road W, Suite 200, Metairie, LA 70001<\/p>\n\n\n\n<p class=\"icon ion-ios-telephone\">504-988-6253<\/p>\n<\/div><\/div><\/div>\n\n\n\n<h3 class=\"wp-block-heading\">New Orleans East Louisiana Community Health Center (NOELA)<\/h3>\n\n\n\n<p><em>Atenci\u00f3n m\u00e9dica para ni\u00f1os en New Orleans. Llame por atenci\u00f3n fuera de horario. Se habla espa\u00f1ol. . <\/em><\/p>\n\n\n\n<div style=\"background-color:#f6f6f6;padding-left:4%;padding-right:4%;padding-bottom:4%;padding-top:4%;margin-bottom:5%\" class=\"wp-block-genesis-blocks-gb-container resource-details gb-block-container\"><div class=\"gb-container-inside\"><div class=\"gb-container-content\">\n<p class=\"icon ion-ios-location\">14401 Chef Menteur Hwy, Ste C. New Orleans<\/p>\n\n\n\n<p class=\"icon ion-ios-telephone\">504-309-8390<\/p>\n\n\n\n<p class=\"icon ion-android-desktop\"><a href=\"https:\/\/www.noelachc.org\" target=\"_blank\" rel=\"noreferrer noopener\">www.noelachc.org<\/a><\/p>\n<\/div><\/div><\/div>\n\n\n\n<div role=\"navigation\" aria-label=\"Selector de idioma\" class=\"wpml-ls-statics-footer wpml-ls wpml-ls-legacy-list-horizontal\">\n\t<ul><li class=\"wpml-ls-slot-footer wpml-ls-item wpml-ls-item-en wpml-ls-first-item wpml-ls-item-legacy-list-horizontal\">\n\t\t\t\t<a href=\"https:\/\/geauxhealth.org\/\" hreflang=\"en\" lang=\"en\" class=\"wpml-ls-link\" aria-label=\"Cambiar a Ingl\u00e9s (English)\" title=\"Cambiar a Ingl\u00e9s (English)\">\n\t\t\t\t\t                                    <img decoding=\"async\"\n            class=\"wpml-ls-flag\"\n            src=\"https:\/\/geauxhealth.org\/wp-content\/plugins\/sitepress-multilingual-cms\/res\/flags\/en.png\"\n            alt=\"\"\n            loading=\"lazy\"\n            width=18\n            height=12\n    \/><span class=\"wpml-ls-native\">English<\/span><span class=\"wpml-ls-display\"><span class=\"wpml-ls-bracket\"> (<\/span>Ingl\u00e9s<span class=\"wpml-ls-bracket\">)<\/span><\/span><\/a>\n\t\t\t<\/li><li class=\"wpml-ls-slot-footer wpml-ls-item wpml-ls-item-es wpml-ls-current-language wpml-ls-last-item wpml-ls-item-legacy-list-horizontal\">\n\t\t\t\t<a href=\"https:\/\/geauxhealth.org\/es\/\" hreflang=\"es\" lang=\"es\" class=\"wpml-ls-link\" aria-current=\"page\" aria-label=\"Cambiar a Espa\u00f1ol (Espa\u00f1ol)\" title=\"Cambiar a Espa\u00f1ol (Espa\u00f1ol)\">\n\t\t\t\t\t                                    <img decoding=\"async\"\n            class=\"wpml-ls-flag\"\n            src=\"https:\/\/geauxhealth.org\/wp-content\/plugins\/sitepress-multilingual-cms\/res\/flags\/es.png\"\n            alt=\"\"\n            loading=\"lazy\"\n            width=18\n            height=12\n    \/><span class=\"wpml-ls-native\">Espa\u00f1ol<\/span><\/a>\n\t\t\t<\/li><\/ul>\n<\/div>\n\n","protected":false},"excerpt":{"rendered":"<p>Children\u2019s Hospital, Kids First Tiger Care Pediatric Clinic Atenci\u00f3n pedi\u00e1trica, incluso para adolescentes. Se ofrece atenci\u00f3n integral y consultaciones para los adolescentes hasta los 21 a\u00f1os, incluso los servicios de la salud reproductiva. Escala m\u00f3vil para los que no tengan seguro m\u00e9dico ($85-$185) Se acepta seguro privado y medicaid.Llame para cita Se habla espa\u00f1ol, por [&hellip;]<\/p>\n","protected":false},"author":9,"featured_media":0,"parent":0,"menu_order":0,"comment_status":"closed","ping_status":"closed","template":"","meta":{"_genesis_hide_title":false,"_genesis_hide_breadcrumbs":false,"_genesis_hide_singular_image":false,"_genesis_hide_footer_widgets":false,"_genesis_custom_body_class":"","_genesis_custom_post_class":"","_genesis_layout":"content-sidebar","footnotes":""},"class_list":{"0":"post-550","1":"page","2":"type-page","3":"status-publish","5":"entry"},"yoast_head":"<!-- This site is optimized with the Yoast SEO plugin v27.4 - https:\/\/yoast.com\/product\/yoast-seo-wordpress\/ -->\n<title>Atenci\u00f3n pedi\u00e1trica en el \u00e1rea de Nueva Orleans - GeauxHealth!<\/title>\n<meta name=\"description\" content=\"Esta p\u00e1gina ofrece informaci\u00f3n sobre consultorios m\u00e9dicos donde recibir atenci\u00f3n pedi\u00e1trica. Tambi\u00e9n hay varias organizaciones sin \u00e1nimo de lucro.\" \/>\n<meta name=\"robots\" content=\"index, follow, max-snippet:-1, max-image-preview:large, max-video-preview:-1\" \/>\n<link rel=\"canonical\" href=\"https:\/\/geauxhealth.org\/es\/ninos-pediatricos\/\" \/>\n<meta property=\"og:locale\" content=\"es_ES\" \/>\n<meta property=\"og:type\" content=\"article\" \/>\n<meta property=\"og:title\" content=\"Atenci\u00f3n pedi\u00e1trica en el \u00e1rea de Nueva Orleans - GeauxHealth!\" \/>\n<meta property=\"og:description\" content=\"Esta p\u00e1gina ofrece informaci\u00f3n sobre consultorios m\u00e9dicos donde recibir atenci\u00f3n pedi\u00e1trica. Tambi\u00e9n hay varias organizaciones sin \u00e1nimo de lucro.\" \/>\n<meta property=\"og:url\" content=\"https:\/\/geauxhealth.org\/es\/ninos-pediatricos\/\" \/>\n<meta property=\"og:site_name\" content=\"GeauxHealth!\" \/>\n<meta property=\"article:modified_time\" content=\"2023-01-23T15:05:48+00:00\" \/>\n<meta name=\"twitter:card\" content=\"summary_large_image\" \/>\n<meta name=\"twitter:label1\" content=\"Tiempo de lectura\" \/>\n\t<meta name=\"twitter:data1\" content=\"2 minutos\" \/>\n<script type=\"application\/ld+json\" class=\"yoast-schema-graph\">{\"@context\":\"https:\\\/\\\/schema.org\",\"@graph\":[{\"@type\":\"WebPage\",\"@id\":\"https:\\\/\\\/geauxhealth.org\\\/es\\\/ninos-pediatricos\\\/\",\"url\":\"https:\\\/\\\/geauxhealth.org\\\/es\\\/ninos-pediatricos\\\/\",\"name\":\"Atenci\u00f3n pedi\u00e1trica en el \u00e1rea de Nueva Orleans - GeauxHealth!\",\"isPartOf\":{\"@id\":\"https:\\\/\\\/geauxhealth.org\\\/#website\"},\"datePublished\":\"2022-06-09T03:05:30+00:00\",\"dateModified\":\"2023-01-23T15:05:48+00:00\",\"description\":\"Esta p\u00e1gina ofrece informaci\u00f3n sobre consultorios m\u00e9dicos donde recibir atenci\u00f3n pedi\u00e1trica. Tambi\u00e9n hay varias organizaciones sin \u00e1nimo de lucro.\",\"breadcrumb\":{\"@id\":\"https:\\\/\\\/geauxhealth.org\\\/es\\\/ninos-pediatricos\\\/#breadcrumb\"},\"inLanguage\":\"es\",\"potentialAction\":[{\"@type\":\"ReadAction\",\"target\":[\"https:\\\/\\\/geauxhealth.org\\\/es\\\/ninos-pediatricos\\\/\"]}]},{\"@type\":\"BreadcrumbList\",\"@id\":\"https:\\\/\\\/geauxhealth.org\\\/es\\\/ninos-pediatricos\\\/#breadcrumb\",\"itemListElement\":[{\"@type\":\"ListItem\",\"position\":1,\"name\":\"Home\",\"item\":\"https:\\\/\\\/geauxhealth.org\\\/es\\\/\"},{\"@type\":\"ListItem\",\"position\":2,\"name\":\"Ni\u00f1os\\\/Pedi\u00e1tricos\"}]},{\"@type\":\"WebSite\",\"@id\":\"https:\\\/\\\/geauxhealth.org\\\/#website\",\"url\":\"https:\\\/\\\/geauxhealth.org\\\/\",\"name\":\"GeauxHealth\",\"description\":\"Health Resources for the New Orleans Area\",\"potentialAction\":[{\"@type\":\"SearchAction\",\"target\":{\"@type\":\"EntryPoint\",\"urlTemplate\":\"https:\\\/\\\/geauxhealth.org\\\/?s={search_term_string}\"},\"query-input\":{\"@type\":\"PropertyValueSpecification\",\"valueRequired\":true,\"valueName\":\"search_term_string\"}}],\"inLanguage\":\"es\"}]}<\/script>\n<!-- \/ Yoast SEO plugin. -->","yoast_head_json":{"title":"Atenci\u00f3n pedi\u00e1trica en el \u00e1rea de Nueva Orleans - GeauxHealth!","description":"Esta p\u00e1gina ofrece informaci\u00f3n sobre consultorios m\u00e9dicos donde recibir atenci\u00f3n pedi\u00e1trica. Tambi\u00e9n hay varias organizaciones sin \u00e1nimo de lucro.","robots":{"index":"index","follow":"follow","max-snippet":"max-snippet:-1","max-image-preview":"max-image-preview:large","max-video-preview":"max-video-preview:-1"},"canonical":"https:\/\/geauxhealth.org\/es\/ninos-pediatricos\/","og_locale":"es_ES","og_type":"article","og_title":"Atenci\u00f3n pedi\u00e1trica en el \u00e1rea de Nueva Orleans - GeauxHealth!","og_description":"Esta p\u00e1gina ofrece informaci\u00f3n sobre consultorios m\u00e9dicos donde recibir atenci\u00f3n pedi\u00e1trica. Tambi\u00e9n hay varias organizaciones sin \u00e1nimo de lucro.","og_url":"https:\/\/geauxhealth.org\/es\/ninos-pediatricos\/","og_site_name":"GeauxHealth!","article_modified_time":"2023-01-23T15:05:48+00:00","twitter_card":"summary_large_image","twitter_misc":{"Tiempo de lectura":"2 minutos"},"schema":{"@context":"https:\/\/schema.org","@graph":[{"@type":"WebPage","@id":"https:\/\/geauxhealth.org\/es\/ninos-pediatricos\/","url":"https:\/\/geauxhealth.org\/es\/ninos-pediatricos\/","name":"Atenci\u00f3n pedi\u00e1trica en el \u00e1rea de Nueva Orleans - GeauxHealth!","isPartOf":{"@id":"https:\/\/geauxhealth.org\/#website"},"datePublished":"2022-06-09T03:05:30+00:00","dateModified":"2023-01-23T15:05:48+00:00","description":"Esta p\u00e1gina ofrece informaci\u00f3n sobre consultorios m\u00e9dicos donde recibir atenci\u00f3n pedi\u00e1trica. Tambi\u00e9n hay varias organizaciones sin \u00e1nimo de lucro.","breadcrumb":{"@id":"https:\/\/geauxhealth.org\/es\/ninos-pediatricos\/#breadcrumb"},"inLanguage":"es","potentialAction":[{"@type":"ReadAction","target":["https:\/\/geauxhealth.org\/es\/ninos-pediatricos\/"]}]},{"@type":"BreadcrumbList","@id":"https:\/\/geauxhealth.org\/es\/ninos-pediatricos\/#breadcrumb","itemListElement":[{"@type":"ListItem","position":1,"name":"Home","item":"https:\/\/geauxhealth.org\/es\/"},{"@type":"ListItem","position":2,"name":"Ni\u00f1os\/Pedi\u00e1tricos"}]},{"@type":"WebSite","@id":"https:\/\/geauxhealth.org\/#website","url":"https:\/\/geauxhealth.org\/","name":"GeauxHealth","description":"Health Resources for the New Orleans Area","potentialAction":[{"@type":"SearchAction","target":{"@type":"EntryPoint","urlTemplate":"https:\/\/geauxhealth.org\/?s={search_term_string}"},"query-input":{"@type":"PropertyValueSpecification","valueRequired":true,"valueName":"search_term_string"}}],"inLanguage":"es"}]}},"featured_image_src":null,"featured_image_src_square":null,"_links":{"self":[{"href":"https:\/\/geauxhealth.org\/es\/wp-json\/wp\/v2\/pages\/550","targetHints":{"allow":["GET"]}}],"collection":[{"href":"https:\/\/geauxhealth.org\/es\/wp-json\/wp\/v2\/pages"}],"about":[{"href":"https:\/\/geauxhealth.org\/es\/wp-json\/wp\/v2\/types\/page"}],"author":[{"embeddable":true,"href":"https:\/\/geauxhealth.org\/es\/wp-json\/wp\/v2\/users\/9"}],"replies":[{"embeddable":true,"href":"https:\/\/geauxhealth.org\/es\/wp-json\/wp\/v2\/comments?post=550"}],"version-history":[{"count":0,"href":"https:\/\/geauxhealth.org\/es\/wp-json\/wp\/v2\/pages\/550\/revisions"}],"wp:attachment":[{"href":"https:\/\/geauxhealth.org\/es\/wp-json\/wp\/v2\/media?parent=550"}],"curies":[{"name":"wp","href":"https:\/\/api.w.org\/{rel}","templated":true}]}}