{"id":554,"date":"2021-09-11T15:24:11","date_gmt":"2021-09-11T15:24:11","guid":{"rendered":"https:\/\/geauxhealth.org\/554-2\/"},"modified":"2023-01-23T15:09:02","modified_gmt":"2023-01-23T15:09:02","slug":"554-2","status":"publish","type":"page","link":"https:\/\/geauxhealth.org\/es\/","title":{"rendered":"."},"content":{"rendered":"\n<p>.<\/p>\n\n\n\n<div role=\"navigation\" aria-label=\"Selector de idioma\" class=\"wpml-ls-statics-footer wpml-ls wpml-ls-legacy-list-horizontal\">\n\t<ul><li class=\"wpml-ls-slot-footer wpml-ls-item wpml-ls-item-en wpml-ls-first-item wpml-ls-item-legacy-list-horizontal\">\n\t\t\t\t<a href=\"https:\/\/geauxhealth.org\/\" hreflang=\"en\" lang=\"en\" class=\"wpml-ls-link\" aria-label=\"Cambiar a Ingl\u00e9s (English)\" title=\"Cambiar a Ingl\u00e9s (English)\">\n\t\t\t\t\t                                    <img decoding=\"async\"\n            class=\"wpml-ls-flag\"\n            src=\"https:\/\/geauxhealth.org\/wp-content\/plugins\/sitepress-multilingual-cms\/res\/flags\/en.png\"\n            alt=\"\"\n            loading=\"lazy\"\n            width=18\n            height=12\n    \/><span class=\"wpml-ls-native\">English<\/span><span class=\"wpml-ls-display\"><span class=\"wpml-ls-bracket\"> (<\/span>Ingl\u00e9s<span class=\"wpml-ls-bracket\">)<\/span><\/span><\/a>\n\t\t\t<\/li><li class=\"wpml-ls-slot-footer wpml-ls-item wpml-ls-item-es wpml-ls-current-language wpml-ls-last-item wpml-ls-item-legacy-list-horizontal\">\n\t\t\t\t<a href=\"https:\/\/geauxhealth.org\/es\/\" hreflang=\"es\" lang=\"es\" class=\"wpml-ls-link\" aria-current=\"page\" aria-label=\"Cambiar a Espa\u00f1ol (Espa\u00f1ol)\" title=\"Cambiar a Espa\u00f1ol (Espa\u00f1ol)\">\n\t\t\t\t\t                                    <img decoding=\"async\"\n            class=\"wpml-ls-flag\"\n            src=\"https:\/\/geauxhealth.org\/wp-content\/plugins\/sitepress-multilingual-cms\/res\/flags\/es.png\"\n            alt=\"\"\n            loading=\"lazy\"\n            width=18\n            height=12\n    \/><span class=\"wpml-ls-native\">Espa\u00f1ol<\/span><\/a>\n\t\t\t<\/li><\/ul>\n<\/div>\n\n","protected":false},"excerpt":{"rendered":"<p>.<\/p>\n","protected":false},"author":1,"featured_media":0,"parent":0,"menu_order":0,"comment_status":"closed","ping_status":"closed","template":"","meta":{"_genesis_hide_title":false,"_genesis_hide_breadcrumbs":false,"_genesis_hide_singular_image":false,"_genesis_hide_footer_widgets":false,"_genesis_custom_body_class":"","_genesis_custom_post_class":"","_genesis_layout":"","footnotes":""},"class_list":{"0":"post-554","1":"page","2":"type-page","3":"status-publish","5":"entry"},"yoast_head":"<!-- This site is optimized with the Yoast SEO plugin v27.5 - https:\/\/yoast.com\/product\/yoast-seo-wordpress\/ -->\n<title>GeauxHealth! | Recursos de salud para la comunidad de New Orleans<\/title>\n<meta name=\"description\" content=\"Bienvenidos a GeauxHealth! GeauxHealth! es una colaboracion entre los m\u00e9dicos residentes de Louisiana State University (LSU) y Tulane University que quieren hacer que los recursos comunitarios sean m\u00e1s accesibles a la comunidad m\u00e9dica y la poblaci\u00f3n de New Orleans. Este proyecto de salud comunitaria fue creado por los m\u00e9dicos residentes quienes cuidan por pacientes de todas edades desde los recien nacidos a los adultos o la poblaci\u00f3n geri\u00e1trica en cl\u00ednicas, hospitales, y salas de emergencias. Esperamos que usted encuentre \u00fatil estos recursos. Han sido revisados para asegurar que est\u00e9n funcionando y muchos son de bajo costo o gratis para pacientes. Est\u00e1n actualizados hasta diciembre de 2020 y ser\u00e1n revisados de nuevo cada a\u00f1o. Esta gu\u00eda indica un subconjunto de recursos comunitarios \u00fatiles para los pacientes y trabajadores de salud. Una lista completa de los recursos comunitarios se puede encontrar aqu\u00ed.\" \/>\n<meta name=\"robots\" content=\"index, follow, max-snippet:-1, max-image-preview:large, max-video-preview:-1\" \/>\n<link rel=\"canonical\" href=\"https:\/\/geauxhealth.org\/es\/\" \/>\n<meta property=\"og:locale\" content=\"es_ES\" \/>\n<meta property=\"og:type\" content=\"article\" \/>\n<meta property=\"og:title\" content=\"GeauxHealth! | Recursos de salud para la comunidad de New Orleans\" \/>\n<meta property=\"og:description\" content=\"Bienvenidos a GeauxHealth! GeauxHealth! es una colaboracion entre los m\u00e9dicos residentes de Louisiana State University (LSU) y Tulane University que quieren hacer que los recursos comunitarios sean m\u00e1s accesibles a la comunidad m\u00e9dica y la poblaci\u00f3n de New Orleans. Este proyecto de salud comunitaria fue creado por los m\u00e9dicos residentes quienes cuidan por pacientes de todas edades desde los recien nacidos a los adultos o la poblaci\u00f3n geri\u00e1trica en cl\u00ednicas, hospitales, y salas de emergencias. Esperamos que usted encuentre \u00fatil estos recursos. Han sido revisados para asegurar que est\u00e9n funcionando y muchos son de bajo costo o gratis para pacientes. Est\u00e1n actualizados hasta diciembre de 2020 y ser\u00e1n revisados de nuevo cada a\u00f1o. Esta gu\u00eda indica un subconjunto de recursos comunitarios \u00fatiles para los pacientes y trabajadores de salud. Una lista completa de los recursos comunitarios se puede encontrar aqu\u00ed.\" \/>\n<meta property=\"og:url\" content=\"https:\/\/geauxhealth.org\/es\/\" \/>\n<meta property=\"og:site_name\" content=\"GeauxHealth!\" \/>\n<meta property=\"article:modified_time\" content=\"2023-01-23T15:09:02+00:00\" \/>\n<meta name=\"twitter:card\" content=\"summary_large_image\" \/>\n<meta name=\"twitter:label1\" content=\"Tiempo de lectura\" \/>\n\t<meta name=\"twitter:data1\" content=\"1 minuto\" \/>\n<script type=\"application\/ld+json\" class=\"yoast-schema-graph\">{\"@context\":\"https:\\\/\\\/schema.org\",\"@graph\":[{\"@type\":\"WebPage\",\"@id\":\"https:\\\/\\\/geauxhealth.org\\\/es\\\/\",\"url\":\"https:\\\/\\\/geauxhealth.org\\\/es\\\/\",\"name\":\"GeauxHealth! | Recursos de salud para la comunidad de New Orleans\",\"isPartOf\":{\"@id\":\"https:\\\/\\\/geauxhealth.org\\\/#website\"},\"datePublished\":\"2021-09-11T15:24:11+00:00\",\"dateModified\":\"2023-01-23T15:09:02+00:00\",\"description\":\"Bienvenidos a GeauxHealth! GeauxHealth! es una colaboracion entre los m\u00e9dicos residentes de Louisiana State University (LSU) y Tulane University que quieren hacer que los recursos comunitarios sean m\u00e1s accesibles a la comunidad m\u00e9dica y la poblaci\u00f3n de New Orleans. Este proyecto de salud comunitaria fue creado por los m\u00e9dicos residentes quienes cuidan por pacientes de todas edades desde los recien nacidos a los adultos o la poblaci\u00f3n geri\u00e1trica en cl\u00ednicas, hospitales, y salas de emergencias. Esperamos que usted encuentre \u00fatil estos recursos. Han sido revisados para asegurar que est\u00e9n funcionando y muchos son de bajo costo o gratis para pacientes. Est\u00e1n actualizados hasta diciembre de 2020 y ser\u00e1n revisados de nuevo cada a\u00f1o. Esta gu\u00eda indica un subconjunto de recursos comunitarios \u00fatiles para los pacientes y trabajadores de salud. Una lista completa de los recursos comunitarios se puede encontrar aqu\u00ed.\",\"breadcrumb\":{\"@id\":\"https:\\\/\\\/geauxhealth.org\\\/es\\\/#breadcrumb\"},\"inLanguage\":\"es\",\"potentialAction\":[{\"@type\":\"ReadAction\",\"target\":[\"https:\\\/\\\/geauxhealth.org\\\/es\\\/\"]}]},{\"@type\":\"BreadcrumbList\",\"@id\":\"https:\\\/\\\/geauxhealth.org\\\/es\\\/#breadcrumb\",\"itemListElement\":[{\"@type\":\"ListItem\",\"position\":1,\"name\":\"Home\",\"item\":\"https:\\\/\\\/geauxhealth.org\\\/es\\\/\"},{\"@type\":\"ListItem\",\"position\":2,\"name\":\".\"}]},{\"@type\":\"WebSite\",\"@id\":\"https:\\\/\\\/geauxhealth.org\\\/#website\",\"url\":\"https:\\\/\\\/geauxhealth.org\\\/\",\"name\":\"GeauxHealth\",\"description\":\"Health Resources for the New Orleans Area\",\"potentialAction\":[{\"@type\":\"SearchAction\",\"target\":{\"@type\":\"EntryPoint\",\"urlTemplate\":\"https:\\\/\\\/geauxhealth.org\\\/?s={search_term_string}\"},\"query-input\":{\"@type\":\"PropertyValueSpecification\",\"valueRequired\":true,\"valueName\":\"search_term_string\"}}],\"inLanguage\":\"es\"}]}<\/script>\n<!-- \/ Yoast SEO plugin. -->","yoast_head_json":{"title":"GeauxHealth! | Recursos de salud para la comunidad de New Orleans","description":"Bienvenidos a GeauxHealth! GeauxHealth! es una colaboracion entre los m\u00e9dicos residentes de Louisiana State University (LSU) y Tulane University que quieren hacer que los recursos comunitarios sean m\u00e1s accesibles a la comunidad m\u00e9dica y la poblaci\u00f3n de New Orleans. Este proyecto de salud comunitaria fue creado por los m\u00e9dicos residentes quienes cuidan por pacientes de todas edades desde los recien nacidos a los adultos o la poblaci\u00f3n geri\u00e1trica en cl\u00ednicas, hospitales, y salas de emergencias. Esperamos que usted encuentre \u00fatil estos recursos. Han sido revisados para asegurar que est\u00e9n funcionando y muchos son de bajo costo o gratis para pacientes. Est\u00e1n actualizados hasta diciembre de 2020 y ser\u00e1n revisados de nuevo cada a\u00f1o. Esta gu\u00eda indica un subconjunto de recursos comunitarios \u00fatiles para los pacientes y trabajadores de salud. Una lista completa de los recursos comunitarios se puede encontrar aqu\u00ed.","robots":{"index":"index","follow":"follow","max-snippet":"max-snippet:-1","max-image-preview":"max-image-preview:large","max-video-preview":"max-video-preview:-1"},"canonical":"https:\/\/geauxhealth.org\/es\/","og_locale":"es_ES","og_type":"article","og_title":"GeauxHealth! | Recursos de salud para la comunidad de New Orleans","og_description":"Bienvenidos a GeauxHealth! GeauxHealth! es una colaboracion entre los m\u00e9dicos residentes de Louisiana State University (LSU) y Tulane University que quieren hacer que los recursos comunitarios sean m\u00e1s accesibles a la comunidad m\u00e9dica y la poblaci\u00f3n de New Orleans. Este proyecto de salud comunitaria fue creado por los m\u00e9dicos residentes quienes cuidan por pacientes de todas edades desde los recien nacidos a los adultos o la poblaci\u00f3n geri\u00e1trica en cl\u00ednicas, hospitales, y salas de emergencias. Esperamos que usted encuentre \u00fatil estos recursos. Han sido revisados para asegurar que est\u00e9n funcionando y muchos son de bajo costo o gratis para pacientes. Est\u00e1n actualizados hasta diciembre de 2020 y ser\u00e1n revisados de nuevo cada a\u00f1o. Esta gu\u00eda indica un subconjunto de recursos comunitarios \u00fatiles para los pacientes y trabajadores de salud. Una lista completa de los recursos comunitarios se puede encontrar aqu\u00ed.","og_url":"https:\/\/geauxhealth.org\/es\/","og_site_name":"GeauxHealth!","article_modified_time":"2023-01-23T15:09:02+00:00","twitter_card":"summary_large_image","twitter_misc":{"Tiempo de lectura":"1 minuto"},"schema":{"@context":"https:\/\/schema.org","@graph":[{"@type":"WebPage","@id":"https:\/\/geauxhealth.org\/es\/","url":"https:\/\/geauxhealth.org\/es\/","name":"GeauxHealth! | Recursos de salud para la comunidad de New Orleans","isPartOf":{"@id":"https:\/\/geauxhealth.org\/#website"},"datePublished":"2021-09-11T15:24:11+00:00","dateModified":"2023-01-23T15:09:02+00:00","description":"Bienvenidos a GeauxHealth! GeauxHealth! es una colaboracion entre los m\u00e9dicos residentes de Louisiana State University (LSU) y Tulane University que quieren hacer que los recursos comunitarios sean m\u00e1s accesibles a la comunidad m\u00e9dica y la poblaci\u00f3n de New Orleans. Este proyecto de salud comunitaria fue creado por los m\u00e9dicos residentes quienes cuidan por pacientes de todas edades desde los recien nacidos a los adultos o la poblaci\u00f3n geri\u00e1trica en cl\u00ednicas, hospitales, y salas de emergencias. Esperamos que usted encuentre \u00fatil estos recursos. Han sido revisados para asegurar que est\u00e9n funcionando y muchos son de bajo costo o gratis para pacientes. Est\u00e1n actualizados hasta diciembre de 2020 y ser\u00e1n revisados de nuevo cada a\u00f1o. Esta gu\u00eda indica un subconjunto de recursos comunitarios \u00fatiles para los pacientes y trabajadores de salud. Una lista completa de los recursos comunitarios se puede encontrar aqu\u00ed.","breadcrumb":{"@id":"https:\/\/geauxhealth.org\/es\/#breadcrumb"},"inLanguage":"es","potentialAction":[{"@type":"ReadAction","target":["https:\/\/geauxhealth.org\/es\/"]}]},{"@type":"BreadcrumbList","@id":"https:\/\/geauxhealth.org\/es\/#breadcrumb","itemListElement":[{"@type":"ListItem","position":1,"name":"Home","item":"https:\/\/geauxhealth.org\/es\/"},{"@type":"ListItem","position":2,"name":"."}]},{"@type":"WebSite","@id":"https:\/\/geauxhealth.org\/#website","url":"https:\/\/geauxhealth.org\/","name":"GeauxHealth","description":"Health Resources for the New Orleans Area","potentialAction":[{"@type":"SearchAction","target":{"@type":"EntryPoint","urlTemplate":"https:\/\/geauxhealth.org\/?s={search_term_string}"},"query-input":{"@type":"PropertyValueSpecification","valueRequired":true,"valueName":"search_term_string"}}],"inLanguage":"es"}]}},"featured_image_src":null,"featured_image_src_square":null,"_links":{"self":[{"href":"https:\/\/geauxhealth.org\/es\/wp-json\/wp\/v2\/pages\/554","targetHints":{"allow":["GET"]}}],"collection":[{"href":"https:\/\/geauxhealth.org\/es\/wp-json\/wp\/v2\/pages"}],"about":[{"href":"https:\/\/geauxhealth.org\/es\/wp-json\/wp\/v2\/types\/page"}],"author":[{"embeddable":true,"href":"https:\/\/geauxhealth.org\/es\/wp-json\/wp\/v2\/users\/1"}],"replies":[{"embeddable":true,"href":"https:\/\/geauxhealth.org\/es\/wp-json\/wp\/v2\/comments?post=554"}],"version-history":[{"count":0,"href":"https:\/\/geauxhealth.org\/es\/wp-json\/wp\/v2\/pages\/554\/revisions"}],"wp:attachment":[{"href":"https:\/\/geauxhealth.org\/es\/wp-json\/wp\/v2\/media?parent=554"}],"curies":[{"name":"wp","href":"https:\/\/api.w.org\/{rel}","templated":true}]}}