{"id":556,"date":"2021-09-11T16:40:24","date_gmt":"2021-09-11T16:40:24","guid":{"rendered":"https:\/\/geauxhealth.org\/apoyo-materna-infantil-ninez\/"},"modified":"2023-01-23T15:10:14","modified_gmt":"2023-01-23T15:10:14","slug":"apoyo-materna-infantil-ninez","status":"publish","type":"page","link":"https:\/\/geauxhealth.org\/es\/apoyo-materna-infantil-ninez\/","title":{"rendered":"Apoyo materna\/infantil\/ni\u00f1ez"},"content":{"rendered":"\n<h2 class=\"wp-block-heading\">Maternal\/Infant\/Early Childhood Support<\/h2>\n\n\n\n<p><strong><strong>Children\u2019s Hospital, Kids First Tiger Care Pediatric Clinic<\/strong><\/strong><\/p>\n\n\n\n<p><em>Atenci\u00f3n pedi\u00e1trica, incluso para adolescentes. Se ofrece atenci\u00f3n integral y consultaciones para los adolescentes hasta los 21 a\u00f1os, incluso los servicios de la salud reproductiva. Escala m\u00f3vil para los que no tengan seguro m\u00e9dico ($85-$185) Se acepta seguro privado y medicaid.Llame para cita Se habla espa\u00f1ol, por int\u00e9rprete telef\u00f3nica Un m\u00e9dico hispanohablante estar\u00e1 los mi\u00e9rcoles y viernes por la tarde.<\/em><\/p>\n\n\n\n<hr class=\"wp-block-separator\" id=\"diaper\"\/>\n\n\n\n<p><\/p>\n\n\n\n<h2 class=\"wp-block-heading\">Diaper Banks<\/h2>\n\n\n\n<p><\/p>\n\n\n\n<p><strong>Community Center for Life<\/strong><\/p>\n\n\n\n<ul class=\"wp-block-list\">\n<li>Location: &nbsp;539 Lafayette St, Gretna, LA 70053<\/li>\n\n\n\n<li>Phone: &nbsp;504-227-9090<\/li>\n<\/ul>\n\n\n\n<p><\/p>\n\n\n\n<p><strong>CASA New Orleans<\/strong> <\/p>\n\n\n\n<p><em>Apoya a los hogares de acogida. Pa\u00f1ales gratis disponibles para los clientes.<\/em><\/p>\n\n\n\n<ul class=\"wp-block-list\">\n<li>Location: &nbsp;1340 Poydras St #2120, New Orleans, LA 70112<\/li>\n\n\n\n<li>Phone: &nbsp;504-522-1962&nbsp;<\/li>\n\n\n\n<li>Website: &nbsp;<a href=\"http:\/\/casaneworleans.org\">www.casaneworleans.org<\/a><\/li>\n<\/ul>\n\n\n\n<p><\/p>\n\n\n\n<p><strong>Covenant House<\/strong> <\/p>\n\n\n\n<p><em>Para clientes de Covenant House.<\/em><\/p>\n\n\n\n<ul class=\"wp-block-list\">\n<li>Location: &nbsp;611 Rampart St, New Orleans, LA 70112<\/li>\n\n\n\n<li>Phone: &nbsp;504-584-1111&nbsp;<\/li>\n\n\n\n<li>Website: &nbsp;<a href=\"http:\/\/www.covenanthouse.org\">www.covenanthouse.org<\/a><\/li>\n<\/ul>\n\n\n\n<p><\/p>\n\n\n\n<p><strong>St Thomas Community Health Center<\/strong> <\/p>\n\n\n\n<p><em>Pa\u00f1ales disponibles para clientes; llame para pedir informaci\u00f3n. Se habla espa\u00f1ol.<\/em><\/p>\n\n\n\n<ul class=\"wp-block-list\">\n<li>Location: &nbsp;1020 St. Andrew St, New Orleans, LA 70130<\/li>\n\n\n\n<li>Phone: &nbsp;504-529-5558<\/li>\n<\/ul>\n\n\n\n<p><\/p>\n\n\n\n<p><strong>Ultimate Health, Inc<\/strong> <\/p>\n\n\n\n<p><em>Solo para clientes.<\/em><\/p>\n\n\n\n<ul class=\"wp-block-list\">\n<li>Location: &nbsp;651 Leson Court, Harvey, LA 70058<\/li>\n\n\n\n<li>Phone: &nbsp;504-378-4800<\/li>\n<\/ul>\n\n\n\n<p><\/p>\n\n\n\n<p><strong>Unity of Greater New Orleans<\/strong> <\/p>\n\n\n\n<p><em>Servicios para madres sin casa. Pa\u00f1ales disponibles solo para clientes. Int\u00e9rpretes disponibles a pedido.<\/em><\/p>\n\n\n\n<ul class=\"wp-block-list\">\n<li>Location: &nbsp;2475 Canal St #300, New Orleans, LA 70119<\/li>\n\n\n\n<li>Phone: &nbsp;504-821-4496<\/li>\n<\/ul>\n\n\n\n<div role=\"navigation\" aria-label=\"Selector de idioma\" class=\"wpml-ls-statics-footer wpml-ls wpml-ls-legacy-list-horizontal\">\n\t<ul><li class=\"wpml-ls-slot-footer wpml-ls-item wpml-ls-item-en wpml-ls-first-item wpml-ls-item-legacy-list-horizontal\">\n\t\t\t\t<a href=\"https:\/\/geauxhealth.org\/\" hreflang=\"en\" lang=\"en\" class=\"wpml-ls-link\" aria-label=\"Cambiar a Ingl\u00e9s (English)\" title=\"Cambiar a Ingl\u00e9s (English)\">\n\t\t\t\t\t                                    <img decoding=\"async\"\n            class=\"wpml-ls-flag\"\n            src=\"https:\/\/geauxhealth.org\/wp-content\/plugins\/sitepress-multilingual-cms\/res\/flags\/en.png\"\n            alt=\"\"\n            loading=\"lazy\"\n            width=18\n            height=12\n    \/><span class=\"wpml-ls-native\">English<\/span><span class=\"wpml-ls-display\"><span class=\"wpml-ls-bracket\"> (<\/span>Ingl\u00e9s<span class=\"wpml-ls-bracket\">)<\/span><\/span><\/a>\n\t\t\t<\/li><li class=\"wpml-ls-slot-footer wpml-ls-item wpml-ls-item-es wpml-ls-current-language wpml-ls-last-item wpml-ls-item-legacy-list-horizontal\">\n\t\t\t\t<a href=\"https:\/\/geauxhealth.org\/es\/\" hreflang=\"es\" lang=\"es\" class=\"wpml-ls-link\" aria-current=\"page\" aria-label=\"Cambiar a Espa\u00f1ol (Espa\u00f1ol)\" title=\"Cambiar a Espa\u00f1ol (Espa\u00f1ol)\">\n\t\t\t\t\t                                    <img decoding=\"async\"\n            class=\"wpml-ls-flag\"\n            src=\"https:\/\/geauxhealth.org\/wp-content\/plugins\/sitepress-multilingual-cms\/res\/flags\/es.png\"\n            alt=\"\"\n            loading=\"lazy\"\n            width=18\n            height=12\n    \/><span class=\"wpml-ls-native\">Espa\u00f1ol<\/span><\/a>\n\t\t\t<\/li><\/ul>\n<\/div>\n\n","protected":false},"excerpt":{"rendered":"<p>Maternal\/Infant\/Early Childhood Support Children\u2019s Hospital, Kids First Tiger Care Pediatric Clinic Atenci\u00f3n pedi\u00e1trica, incluso para adolescentes. Se ofrece atenci\u00f3n integral y consultaciones para los adolescentes hasta los 21 a\u00f1os, incluso los servicios de la salud reproductiva. Escala m\u00f3vil para los que no tengan seguro m\u00e9dico ($85-$185) Se acepta seguro privado y medicaid.Llame para cita Se [&hellip;]<\/p>\n","protected":false},"author":1,"featured_media":0,"parent":0,"menu_order":0,"comment_status":"closed","ping_status":"closed","template":"","meta":{"_genesis_hide_title":false,"_genesis_hide_breadcrumbs":false,"_genesis_hide_singular_image":false,"_genesis_hide_footer_widgets":false,"_genesis_custom_body_class":"","_genesis_custom_post_class":"","_genesis_layout":"","footnotes":""},"class_list":{"0":"post-556","1":"page","2":"type-page","3":"status-publish","5":"entry"},"yoast_head":"<!-- This site is optimized with the Yoast SEO plugin v27.4 - https:\/\/yoast.com\/product\/yoast-seo-wordpress\/ -->\n<title>Apoyo materna\/infantil\/ni\u00f1ez Necesidades especiales - GeauxHealth!<\/title>\n<meta name=\"description\" content=\"Encuentre recursos para ni\u00f1os con necesidades especiales, para lactancia, pa\u00f1ales, seguros y nutrici\u00f3n infantil.\" \/>\n<meta name=\"robots\" content=\"index, follow, max-snippet:-1, max-image-preview:large, max-video-preview:-1\" \/>\n<link rel=\"canonical\" href=\"https:\/\/geauxhealth.org\/es\/apoyo-materna-infantil-ninez\/\" \/>\n<meta property=\"og:locale\" content=\"es_ES\" \/>\n<meta property=\"og:type\" content=\"article\" \/>\n<meta property=\"og:title\" content=\"Apoyo materna\/infantil\/ni\u00f1ez Necesidades especiales - GeauxHealth!\" \/>\n<meta property=\"og:description\" content=\"Encuentre recursos para ni\u00f1os con necesidades especiales, para lactancia, pa\u00f1ales, seguros y nutrici\u00f3n infantil.\" \/>\n<meta property=\"og:url\" content=\"https:\/\/geauxhealth.org\/es\/apoyo-materna-infantil-ninez\/\" \/>\n<meta property=\"og:site_name\" content=\"GeauxHealth!\" \/>\n<meta property=\"article:modified_time\" content=\"2023-01-23T15:10:14+00:00\" \/>\n<meta name=\"twitter:card\" content=\"summary_large_image\" \/>\n<meta name=\"twitter:label1\" content=\"Tiempo de lectura\" \/>\n\t<meta name=\"twitter:data1\" content=\"1 minuto\" \/>\n<script type=\"application\/ld+json\" class=\"yoast-schema-graph\">{\"@context\":\"https:\\\/\\\/schema.org\",\"@graph\":[{\"@type\":\"WebPage\",\"@id\":\"https:\\\/\\\/geauxhealth.org\\\/es\\\/apoyo-materna-infantil-ninez\\\/\",\"url\":\"https:\\\/\\\/geauxhealth.org\\\/es\\\/apoyo-materna-infantil-ninez\\\/\",\"name\":\"Apoyo materna\\\/infantil\\\/ni\u00f1ez Necesidades especiales - GeauxHealth!\",\"isPartOf\":{\"@id\":\"https:\\\/\\\/geauxhealth.org\\\/#website\"},\"datePublished\":\"2021-09-11T16:40:24+00:00\",\"dateModified\":\"2023-01-23T15:10:14+00:00\",\"description\":\"Encuentre recursos para ni\u00f1os con necesidades especiales, para lactancia, pa\u00f1ales, seguros y nutrici\u00f3n infantil.\",\"breadcrumb\":{\"@id\":\"https:\\\/\\\/geauxhealth.org\\\/es\\\/apoyo-materna-infantil-ninez\\\/#breadcrumb\"},\"inLanguage\":\"es\",\"potentialAction\":[{\"@type\":\"ReadAction\",\"target\":[\"https:\\\/\\\/geauxhealth.org\\\/es\\\/apoyo-materna-infantil-ninez\\\/\"]}]},{\"@type\":\"BreadcrumbList\",\"@id\":\"https:\\\/\\\/geauxhealth.org\\\/es\\\/apoyo-materna-infantil-ninez\\\/#breadcrumb\",\"itemListElement\":[{\"@type\":\"ListItem\",\"position\":1,\"name\":\"Home\",\"item\":\"https:\\\/\\\/geauxhealth.org\\\/es\\\/\"},{\"@type\":\"ListItem\",\"position\":2,\"name\":\"Apoyo materna\\\/infantil\\\/ni\u00f1ez\"}]},{\"@type\":\"WebSite\",\"@id\":\"https:\\\/\\\/geauxhealth.org\\\/#website\",\"url\":\"https:\\\/\\\/geauxhealth.org\\\/\",\"name\":\"GeauxHealth\",\"description\":\"Health Resources for the New Orleans Area\",\"potentialAction\":[{\"@type\":\"SearchAction\",\"target\":{\"@type\":\"EntryPoint\",\"urlTemplate\":\"https:\\\/\\\/geauxhealth.org\\\/?s={search_term_string}\"},\"query-input\":{\"@type\":\"PropertyValueSpecification\",\"valueRequired\":true,\"valueName\":\"search_term_string\"}}],\"inLanguage\":\"es\"}]}<\/script>\n<!-- \/ Yoast SEO plugin. -->","yoast_head_json":{"title":"Apoyo materna\/infantil\/ni\u00f1ez Necesidades especiales - GeauxHealth!","description":"Encuentre recursos para ni\u00f1os con necesidades especiales, para lactancia, pa\u00f1ales, seguros y nutrici\u00f3n infantil.","robots":{"index":"index","follow":"follow","max-snippet":"max-snippet:-1","max-image-preview":"max-image-preview:large","max-video-preview":"max-video-preview:-1"},"canonical":"https:\/\/geauxhealth.org\/es\/apoyo-materna-infantil-ninez\/","og_locale":"es_ES","og_type":"article","og_title":"Apoyo materna\/infantil\/ni\u00f1ez Necesidades especiales - GeauxHealth!","og_description":"Encuentre recursos para ni\u00f1os con necesidades especiales, para lactancia, pa\u00f1ales, seguros y nutrici\u00f3n infantil.","og_url":"https:\/\/geauxhealth.org\/es\/apoyo-materna-infantil-ninez\/","og_site_name":"GeauxHealth!","article_modified_time":"2023-01-23T15:10:14+00:00","twitter_card":"summary_large_image","twitter_misc":{"Tiempo de lectura":"1 minuto"},"schema":{"@context":"https:\/\/schema.org","@graph":[{"@type":"WebPage","@id":"https:\/\/geauxhealth.org\/es\/apoyo-materna-infantil-ninez\/","url":"https:\/\/geauxhealth.org\/es\/apoyo-materna-infantil-ninez\/","name":"Apoyo materna\/infantil\/ni\u00f1ez Necesidades especiales - GeauxHealth!","isPartOf":{"@id":"https:\/\/geauxhealth.org\/#website"},"datePublished":"2021-09-11T16:40:24+00:00","dateModified":"2023-01-23T15:10:14+00:00","description":"Encuentre recursos para ni\u00f1os con necesidades especiales, para lactancia, pa\u00f1ales, seguros y nutrici\u00f3n infantil.","breadcrumb":{"@id":"https:\/\/geauxhealth.org\/es\/apoyo-materna-infantil-ninez\/#breadcrumb"},"inLanguage":"es","potentialAction":[{"@type":"ReadAction","target":["https:\/\/geauxhealth.org\/es\/apoyo-materna-infantil-ninez\/"]}]},{"@type":"BreadcrumbList","@id":"https:\/\/geauxhealth.org\/es\/apoyo-materna-infantil-ninez\/#breadcrumb","itemListElement":[{"@type":"ListItem","position":1,"name":"Home","item":"https:\/\/geauxhealth.org\/es\/"},{"@type":"ListItem","position":2,"name":"Apoyo materna\/infantil\/ni\u00f1ez"}]},{"@type":"WebSite","@id":"https:\/\/geauxhealth.org\/#website","url":"https:\/\/geauxhealth.org\/","name":"GeauxHealth","description":"Health Resources for the New Orleans Area","potentialAction":[{"@type":"SearchAction","target":{"@type":"EntryPoint","urlTemplate":"https:\/\/geauxhealth.org\/?s={search_term_string}"},"query-input":{"@type":"PropertyValueSpecification","valueRequired":true,"valueName":"search_term_string"}}],"inLanguage":"es"}]}},"featured_image_src":null,"featured_image_src_square":null,"_links":{"self":[{"href":"https:\/\/geauxhealth.org\/es\/wp-json\/wp\/v2\/pages\/556","targetHints":{"allow":["GET"]}}],"collection":[{"href":"https:\/\/geauxhealth.org\/es\/wp-json\/wp\/v2\/pages"}],"about":[{"href":"https:\/\/geauxhealth.org\/es\/wp-json\/wp\/v2\/types\/page"}],"author":[{"embeddable":true,"href":"https:\/\/geauxhealth.org\/es\/wp-json\/wp\/v2\/users\/1"}],"replies":[{"embeddable":true,"href":"https:\/\/geauxhealth.org\/es\/wp-json\/wp\/v2\/comments?post=556"}],"version-history":[{"count":0,"href":"https:\/\/geauxhealth.org\/es\/wp-json\/wp\/v2\/pages\/556\/revisions"}],"wp:attachment":[{"href":"https:\/\/geauxhealth.org\/es\/wp-json\/wp\/v2\/media?parent=556"}],"curies":[{"name":"wp","href":"https:\/\/api.w.org\/{rel}","templated":true}]}}