{"id":595,"date":"2022-06-21T02:59:59","date_gmt":"2022-06-21T02:59:59","guid":{"rendered":"https:\/\/geauxhealth.org\/recursos-para-veteranos\/"},"modified":"2022-06-21T02:59:59","modified_gmt":"2022-06-21T02:59:59","slug":"recursos-para-veteranos","status":"publish","type":"page","link":"https:\/\/geauxhealth.org\/es\/recursos\/recursos-para-veteranos\/","title":{"rendered":"Recursos para veteranos"},"content":{"rendered":"\n<h3 class=\"wp-block-heading\"><strong>War Vet Call Center<\/strong> <\/h3>\n\n\n\n<p><em>Centro de llamadas confidenciales donde veteranos de combate y sus familias pueden hablar de sus experiencias militares o cualquier otro problema que est\u00e1n enfrentando al reajustar a su vida civil.<\/em><\/p>\n\n\n\n<div style=\"background-color:#f6f6f6;padding-left:4%;padding-right:4%;padding-bottom:4%;padding-top:4%;margin-bottom:5%\" class=\"wp-block-genesis-blocks-gb-container resource-details gb-block-container\"><div class=\"gb-container-inside\"><div class=\"gb-container-content\">\n<p class=\"icon ion-ios-telephone\">1-877-927-8387<\/p>\n\n\n\n<p class=\"icon ion-android-desktop\"><a href=\"https:\/\/www.vetcenter.va.gov\/media\/Call-Center-PSA.asp\">https:\/\/www.vetcenter.va.gov\/media\/Call-Center-PSA.asp<\/a><\/p>\n<\/div><\/div><\/div>\n\n\n\n<h3 class=\"wp-block-heading\"><strong>Women Veterans Call Center<\/strong><\/h3>\n\n\n\n<p>Ofrece servicios del VA y recursos a veteranas (mujeres), sus familias, y cuidadores.<\/p>\n\n\n\n<p>Llamar 8 a.m.\u201310 p.m. ET, lunes\u2013viernes; 8 a.m.\u20136:30 p.m. ET, <a href=\"https:\/\/www.womenshealth.va.gov\">s\u00e1bado<\/a> O hablar por chat 8 a.m.\u201310 p.m.   ET lunes\u2013viernes, 8 a.m.\u20136:30 p.m. ET, s\u00e1bado. <\/p>\n\n\n\n<div style=\"background-color:#f6f6f6;padding-left:4%;padding-right:4%;padding-bottom:4%;padding-top:4%;margin-bottom:5%\" class=\"wp-block-genesis-blocks-gb-container resource-details gb-block-container\"><div class=\"gb-container-inside\"><div class=\"gb-container-content\">\n<p class=\"icon ion-ios-telephone\">1-855-829-6636<\/p>\n\n\n\n<p class=\"icon ion-android-desktop\"><a href=\"https:\/\/www.womenshealth.va.gov\/WOMENSHEALTH\/ProgramOverview\/wvcc.asp\">https:\/\/www.womenshealth.va.gov\/WOMENSHEALTH\/ProgramOverview\/wvcc.asp<\/a><\/p>\n<\/div><\/div><\/div>\n\n\n\n<h3 class=\"wp-block-heading\"><strong>Real Warriors<\/strong><\/h3>\n\n\n\n<p><em>Programa de Centros de defensa de excelecia para salud psycologica y da\u00f1os cerebrales traum\u00e1ticos que ofrece informaci\u00f3n y recursos para PTSD, da\u00f1os cerebrales traum\u00e1ticos, y salud psychol\u00f3gica.<\/em><\/p>\n\n\n\n<div style=\"background-color:#f6f6f6;padding-left:4%;padding-right:4%;padding-bottom:4%;padding-top:4%;margin-bottom:5%\" class=\"wp-block-genesis-blocks-gb-container resource-details gb-block-container\"><div class=\"gb-container-inside\"><div class=\"gb-container-content\">\n<p class=\"icon ion-ios-telephone\">1-866-966-1020<\/p>\n<\/div><\/div><\/div>\n\n\n\n<h3 class=\"wp-block-heading\"><strong>National Call Center for Homeless Veterans<\/strong> <\/h3>\n\n\n\n<p><em>Veteranos sin techo o en peligro de desamparo &#8211; y sus familiares, familias, y amigos &#8211; pueden llamar o entrar un \u201cchat\u201d online con el National Call Center for Homeless Veterans, donde consejeros entrenados est\u00e1n disponibles para hablar confidencialmente 24\/7.<\/em><\/p>\n\n\n\n<div style=\"background-color:#f6f6f6;padding-left:4%;padding-right:4%;padding-bottom:4%;padding-top:4%;margin-bottom:5%\" class=\"wp-block-genesis-blocks-gb-container resource-details gb-block-container\"><div class=\"gb-container-inside\"><div class=\"gb-container-content\">\n<p class=\"icon ion-ios-telephone\">1-877-424-3838<\/p>\n<\/div><\/div><\/div>\n","protected":false},"excerpt":{"rendered":"<p>War Vet Call Center Centro de llamadas confidenciales donde veteranos de combate y sus familias pueden hablar de sus experiencias militares o cualquier otro problema que est\u00e1n enfrentando al reajustar a su vida civil. Women Veterans Call Center Ofrece servicios del VA y recursos a veteranas (mujeres), sus familias, y cuidadores. Llamar 8 a.m.\u201310 p.m. [&hellip;]<\/p>\n","protected":false},"author":9,"featured_media":0,"parent":613,"menu_order":0,"comment_status":"closed","ping_status":"closed","template":"","meta":{"_genesis_hide_title":false,"_genesis_hide_breadcrumbs":false,"_genesis_hide_singular_image":false,"_genesis_hide_footer_widgets":false,"_genesis_custom_body_class":"","_genesis_custom_post_class":"","_genesis_layout":"content-sidebar","footnotes":""},"class_list":{"0":"post-595","1":"page","2":"type-page","3":"status-publish","5":"entry"},"yoast_head":"<!-- This site is optimized with the Yoast SEO plugin v27.5 - https:\/\/yoast.com\/product\/yoast-seo-wordpress\/ -->\n<title>Recursos para veteranos - GeauxHealth!<\/title>\n<meta name=\"description\" content=\"Algunos programas nacionales est\u00e1n disponibles a los veteranos en New Orleans.\" \/>\n<meta name=\"robots\" content=\"index, follow, max-snippet:-1, max-image-preview:large, max-video-preview:-1\" \/>\n<link rel=\"canonical\" href=\"https:\/\/geauxhealth.org\/es\/recursos-para-veteranos\/\" \/>\n<meta property=\"og:locale\" content=\"es_ES\" \/>\n<meta property=\"og:type\" content=\"article\" \/>\n<meta property=\"og:title\" content=\"Recursos para veteranos - GeauxHealth!\" \/>\n<meta property=\"og:description\" content=\"Algunos programas nacionales est\u00e1n disponibles a los veteranos en New Orleans.\" \/>\n<meta property=\"og:url\" content=\"https:\/\/geauxhealth.org\/es\/recursos-para-veteranos\/\" \/>\n<meta property=\"og:site_name\" content=\"GeauxHealth!\" \/>\n<meta name=\"twitter:card\" content=\"summary_large_image\" \/>\n<meta name=\"twitter:label1\" content=\"Tiempo de lectura\" \/>\n\t<meta name=\"twitter:data1\" content=\"1 minuto\" \/>\n<script type=\"application\/ld+json\" class=\"yoast-schema-graph\">{\"@context\":\"https:\\\/\\\/schema.org\",\"@graph\":[{\"@type\":\"WebPage\",\"@id\":\"https:\\\/\\\/geauxhealth.org\\\/es\\\/recursos-para-veteranos\\\/\",\"url\":\"https:\\\/\\\/geauxhealth.org\\\/es\\\/recursos-para-veteranos\\\/\",\"name\":\"Recursos para veteranos - GeauxHealth!\",\"isPartOf\":{\"@id\":\"https:\\\/\\\/geauxhealth.org\\\/#website\"},\"datePublished\":\"2022-06-21T02:59:59+00:00\",\"description\":\"Algunos programas nacionales est\u00e1n disponibles a los veteranos en New Orleans.\",\"breadcrumb\":{\"@id\":\"https:\\\/\\\/geauxhealth.org\\\/es\\\/recursos-para-veteranos\\\/#breadcrumb\"},\"inLanguage\":\"es\",\"potentialAction\":[{\"@type\":\"ReadAction\",\"target\":[\"https:\\\/\\\/geauxhealth.org\\\/es\\\/recursos-para-veteranos\\\/\"]}]},{\"@type\":\"BreadcrumbList\",\"@id\":\"https:\\\/\\\/geauxhealth.org\\\/es\\\/recursos-para-veteranos\\\/#breadcrumb\",\"itemListElement\":[{\"@type\":\"ListItem\",\"position\":1,\"name\":\"Home\",\"item\":\"https:\\\/\\\/geauxhealth.org\\\/es\\\/\"},{\"@type\":\"ListItem\",\"position\":2,\"name\":\"Recursos para veteranos\"}]},{\"@type\":\"WebSite\",\"@id\":\"https:\\\/\\\/geauxhealth.org\\\/#website\",\"url\":\"https:\\\/\\\/geauxhealth.org\\\/\",\"name\":\"GeauxHealth\",\"description\":\"Health Resources for the New Orleans Area\",\"potentialAction\":[{\"@type\":\"SearchAction\",\"target\":{\"@type\":\"EntryPoint\",\"urlTemplate\":\"https:\\\/\\\/geauxhealth.org\\\/?s={search_term_string}\"},\"query-input\":{\"@type\":\"PropertyValueSpecification\",\"valueRequired\":true,\"valueName\":\"search_term_string\"}}],\"inLanguage\":\"es\"}]}<\/script>\n<!-- \/ Yoast SEO plugin. -->","yoast_head_json":{"title":"Recursos para veteranos - GeauxHealth!","description":"Algunos programas nacionales est\u00e1n disponibles a los veteranos en New Orleans.","robots":{"index":"index","follow":"follow","max-snippet":"max-snippet:-1","max-image-preview":"max-image-preview:large","max-video-preview":"max-video-preview:-1"},"canonical":"https:\/\/geauxhealth.org\/es\/recursos-para-veteranos\/","og_locale":"es_ES","og_type":"article","og_title":"Recursos para veteranos - GeauxHealth!","og_description":"Algunos programas nacionales est\u00e1n disponibles a los veteranos en New Orleans.","og_url":"https:\/\/geauxhealth.org\/es\/recursos-para-veteranos\/","og_site_name":"GeauxHealth!","twitter_card":"summary_large_image","twitter_misc":{"Tiempo de lectura":"1 minuto"},"schema":{"@context":"https:\/\/schema.org","@graph":[{"@type":"WebPage","@id":"https:\/\/geauxhealth.org\/es\/recursos-para-veteranos\/","url":"https:\/\/geauxhealth.org\/es\/recursos-para-veteranos\/","name":"Recursos para veteranos - GeauxHealth!","isPartOf":{"@id":"https:\/\/geauxhealth.org\/#website"},"datePublished":"2022-06-21T02:59:59+00:00","description":"Algunos programas nacionales est\u00e1n disponibles a los veteranos en New Orleans.","breadcrumb":{"@id":"https:\/\/geauxhealth.org\/es\/recursos-para-veteranos\/#breadcrumb"},"inLanguage":"es","potentialAction":[{"@type":"ReadAction","target":["https:\/\/geauxhealth.org\/es\/recursos-para-veteranos\/"]}]},{"@type":"BreadcrumbList","@id":"https:\/\/geauxhealth.org\/es\/recursos-para-veteranos\/#breadcrumb","itemListElement":[{"@type":"ListItem","position":1,"name":"Home","item":"https:\/\/geauxhealth.org\/es\/"},{"@type":"ListItem","position":2,"name":"Recursos para veteranos"}]},{"@type":"WebSite","@id":"https:\/\/geauxhealth.org\/#website","url":"https:\/\/geauxhealth.org\/","name":"GeauxHealth","description":"Health Resources for the New Orleans Area","potentialAction":[{"@type":"SearchAction","target":{"@type":"EntryPoint","urlTemplate":"https:\/\/geauxhealth.org\/?s={search_term_string}"},"query-input":{"@type":"PropertyValueSpecification","valueRequired":true,"valueName":"search_term_string"}}],"inLanguage":"es"}]}},"featured_image_src":null,"featured_image_src_square":null,"_links":{"self":[{"href":"https:\/\/geauxhealth.org\/es\/wp-json\/wp\/v2\/pages\/595","targetHints":{"allow":["GET"]}}],"collection":[{"href":"https:\/\/geauxhealth.org\/es\/wp-json\/wp\/v2\/pages"}],"about":[{"href":"https:\/\/geauxhealth.org\/es\/wp-json\/wp\/v2\/types\/page"}],"author":[{"embeddable":true,"href":"https:\/\/geauxhealth.org\/es\/wp-json\/wp\/v2\/users\/9"}],"replies":[{"embeddable":true,"href":"https:\/\/geauxhealth.org\/es\/wp-json\/wp\/v2\/comments?post=595"}],"version-history":[{"count":0,"href":"https:\/\/geauxhealth.org\/es\/wp-json\/wp\/v2\/pages\/595\/revisions"}],"up":[{"embeddable":true,"href":"https:\/\/geauxhealth.org\/es\/wp-json\/wp\/v2\/pages\/613"}],"wp:attachment":[{"href":"https:\/\/geauxhealth.org\/es\/wp-json\/wp\/v2\/media?parent=595"}],"curies":[{"name":"wp","href":"https:\/\/api.w.org\/{rel}","templated":true}]}}