{"id":596,"date":"2022-06-23T12:03:35","date_gmt":"2022-06-23T12:03:35","guid":{"rendered":"https:\/\/geauxhealth.org\/numeros-de-telefono-utiles\/"},"modified":"2022-06-23T12:03:35","modified_gmt":"2022-06-23T12:03:35","slug":"numeros-de-telefono-utiles","status":"publish","type":"page","link":"https:\/\/geauxhealth.org\/es\/recursos\/numeros-de-telefono-utiles\/","title":{"rendered":"N\u00fameros de telefono \u00fatiles"},"content":{"rendered":"\n<h3 class=\"wp-block-heading\">N\u00fameros de emergencia:<\/h3>\n\n\n\n<div style=\"background-color:#f6f6f6;padding-left:4%;padding-right:4%;padding-bottom:4%;padding-top:4%;margin-bottom:5%\" class=\"wp-block-genesis-blocks-gb-container resource-details gb-block-container\"><div class=\"gb-container-inside\"><div class=\"gb-container-content\">\n<p class=\"icon ion-ios-telephone\">Ambulancia\/Departamento de bomberos\/Polic\u00eda: &nbsp;911<\/p>\n\n\n\n<p class=\"icon ion-ios-telephone\">Centro de toxicolog\u00eda: &nbsp;1-800-523-2222<\/p>\n\n\n\n<p class=\"icon ion-ios-telephone\">YWCA &#8211; L\u00ednea directa de crisis para violaciones:&nbsp;504-483-8888<\/p>\n<\/div><\/div><\/div>\n\n\n\n<h3 class=\"wp-block-heading\">N\u00fameros de tel\u00e9fono (l\u00edneas de ayuda):<\/h3>\n\n\n\n<div style=\"background-color:#f6f6f6;padding-left:4%;padding-right:4%;padding-bottom:4%;padding-top:4%;margin-bottom:5%\" class=\"wp-block-genesis-blocks-gb-container resource-details gb-block-container\"><div class=\"gb-container-inside\"><div class=\"gb-container-content\">\n<p class=\"icon ion-ios-telephone\">Alcoh\u00f3licos an\u00f3nimos: &nbsp;504-779-1178<\/p>\n\n\n\n<p class=\"icon ion-ios-telephone\">Jugadores an\u00f3nimos: &nbsp;504-431-7867<\/p>\n\n\n\n<p class=\"icon ion-ios-telephone\">YWCA &#8211; Programa de violencia familiar: &nbsp;504-482-9922<\/p>\n\n\n\n<p class=\"icon ion-ios-telephone\">First Call l\u00ednea directa: &nbsp;504-523-2673<\/p>\n\n\n\n<p class=\"icon ion-ios-telephone\">L\u00ednea para denuncias de abuso de ni\u00f1os\/ancianos: &nbsp;504-680-9000<\/p>\n\n\n\n<p class=\"icon ion-ios-telephone\">L\u00ednea directa para quitar el tobaco: &nbsp;1-800-QUIT-NOW<\/p>\n\n\n\n<p class=\"icon ion-ios-telephone\">Proyecto Trevor &#8211; LGBTQ L\u00ednea de ayuda: &nbsp;1-866-488-7386<\/p>\n\n\n\n<p class=\"icon ion-ios-telephone\">RAINN L\u00ednea de ayuda para violencia sexual: &nbsp;1-800-656-HOPE (4673)<\/p>\n\n\n\n<p class=\"icon ion-ios-telephone\">L\u00ednea de ayuda nacional para violencia dom\u00e9stica: &nbsp;1-800-799-7233<\/p>\n<\/div><\/div><\/div>\n\n\n\n<h3 class=\"wp-block-heading\">Transporte m\u00e9dico:<\/h3>\n\n\n\n<div style=\"background-color:#f6f6f6;padding-left:4%;padding-right:4%;padding-bottom:4%;padding-top:4%;margin-bottom:5%\" class=\"wp-block-genesis-blocks-gb-container resource-details gb-block-container\"><div class=\"gb-container-inside\"><div class=\"gb-container-content\">\n<p class=\"icon ion-ios-telephone\">Medicaid-Financial: 855-325-7565<\/p>\n\n\n\n<p class=\"icon ion-ios-telephone\">Aetna: 844-917-4150<\/p>\n\n\n\n<p class=\"icon ion-ios-telephone\">Healthy Blue: 866-430-1101<\/p>\n\n\n\n<p class=\"icon ion-ios-telephone\">Amerihealth Caritas: 888-913-0364<\/p>\n\n\n\n<p class=\"icon ion-ios-telephone\">LA Healthcare Connect: 855-369-3723<\/p>\n\n\n\n<p class=\"icon ion-ios-telephone\">United Healthcare: 866-726-1472<\/p>\n<\/div><\/div><\/div>\n","protected":false},"excerpt":{"rendered":"<p>N\u00fameros de emergencia: N\u00fameros de tel\u00e9fono (l\u00edneas de ayuda): Transporte m\u00e9dico:<\/p>\n","protected":false},"author":9,"featured_media":0,"parent":613,"menu_order":0,"comment_status":"closed","ping_status":"closed","template":"","meta":{"_genesis_hide_title":false,"_genesis_hide_breadcrumbs":false,"_genesis_hide_singular_image":false,"_genesis_hide_footer_widgets":false,"_genesis_custom_body_class":"","_genesis_custom_post_class":"","_genesis_layout":"content-sidebar","footnotes":""},"class_list":{"0":"post-596","1":"page","2":"type-page","3":"status-publish","5":"entry"},"yoast_head":"<!-- This site is optimized with the Yoast SEO plugin v27.5 - https:\/\/yoast.com\/product\/yoast-seo-wordpress\/ -->\n<title>N\u00fameros de telefono \u00fatiles - GeauxHealth!<\/title>\n<meta name=\"robots\" content=\"index, follow, max-snippet:-1, max-image-preview:large, max-video-preview:-1\" \/>\n<link rel=\"canonical\" href=\"https:\/\/geauxhealth.org\/numeros-de-telefono-utiles\/\" \/>\n<meta property=\"og:locale\" content=\"es_ES\" \/>\n<meta property=\"og:type\" content=\"article\" \/>\n<meta property=\"og:title\" content=\"N\u00fameros de telefono \u00fatiles - GeauxHealth!\" \/>\n<meta property=\"og:description\" content=\"N\u00fameros de emergencia: N\u00fameros de tel\u00e9fono (l\u00edneas de ayuda): Transporte m\u00e9dico:\" \/>\n<meta property=\"og:url\" content=\"https:\/\/geauxhealth.org\/numeros-de-telefono-utiles\/\" \/>\n<meta property=\"og:site_name\" content=\"GeauxHealth!\" \/>\n<meta name=\"twitter:card\" content=\"summary_large_image\" \/>\n<meta name=\"twitter:label1\" content=\"Tiempo de lectura\" \/>\n\t<meta name=\"twitter:data1\" content=\"1 minuto\" \/>\n<script type=\"application\/ld+json\" class=\"yoast-schema-graph\">{\"@context\":\"https:\\\/\\\/schema.org\",\"@graph\":[{\"@type\":\"WebPage\",\"@id\":\"https:\\\/\\\/geauxhealth.org\\\/numeros-de-telefono-utiles\\\/\",\"url\":\"https:\\\/\\\/geauxhealth.org\\\/numeros-de-telefono-utiles\\\/\",\"name\":\"N\u00fameros de telefono \u00fatiles - GeauxHealth!\",\"isPartOf\":{\"@id\":\"https:\\\/\\\/geauxhealth.org\\\/#website\"},\"datePublished\":\"2022-06-23T12:03:35+00:00\",\"breadcrumb\":{\"@id\":\"https:\\\/\\\/geauxhealth.org\\\/numeros-de-telefono-utiles\\\/#breadcrumb\"},\"inLanguage\":\"es\",\"potentialAction\":[{\"@type\":\"ReadAction\",\"target\":[\"https:\\\/\\\/geauxhealth.org\\\/numeros-de-telefono-utiles\\\/\"]}]},{\"@type\":\"BreadcrumbList\",\"@id\":\"https:\\\/\\\/geauxhealth.org\\\/numeros-de-telefono-utiles\\\/#breadcrumb\",\"itemListElement\":[{\"@type\":\"ListItem\",\"position\":1,\"name\":\"Home\",\"item\":\"https:\\\/\\\/geauxhealth.org\\\/es\\\/\"},{\"@type\":\"ListItem\",\"position\":2,\"name\":\"N\u00fameros de telefono \u00fatiles\"}]},{\"@type\":\"WebSite\",\"@id\":\"https:\\\/\\\/geauxhealth.org\\\/#website\",\"url\":\"https:\\\/\\\/geauxhealth.org\\\/\",\"name\":\"GeauxHealth\",\"description\":\"Health Resources for the New Orleans Area\",\"potentialAction\":[{\"@type\":\"SearchAction\",\"target\":{\"@type\":\"EntryPoint\",\"urlTemplate\":\"https:\\\/\\\/geauxhealth.org\\\/?s={search_term_string}\"},\"query-input\":{\"@type\":\"PropertyValueSpecification\",\"valueRequired\":true,\"valueName\":\"search_term_string\"}}],\"inLanguage\":\"es\"}]}<\/script>\n<!-- \/ Yoast SEO plugin. -->","yoast_head_json":{"title":"N\u00fameros de telefono \u00fatiles - GeauxHealth!","robots":{"index":"index","follow":"follow","max-snippet":"max-snippet:-1","max-image-preview":"max-image-preview:large","max-video-preview":"max-video-preview:-1"},"canonical":"https:\/\/geauxhealth.org\/numeros-de-telefono-utiles\/","og_locale":"es_ES","og_type":"article","og_title":"N\u00fameros de telefono \u00fatiles - GeauxHealth!","og_description":"N\u00fameros de emergencia: N\u00fameros de tel\u00e9fono (l\u00edneas de ayuda): Transporte m\u00e9dico:","og_url":"https:\/\/geauxhealth.org\/numeros-de-telefono-utiles\/","og_site_name":"GeauxHealth!","twitter_card":"summary_large_image","twitter_misc":{"Tiempo de lectura":"1 minuto"},"schema":{"@context":"https:\/\/schema.org","@graph":[{"@type":"WebPage","@id":"https:\/\/geauxhealth.org\/numeros-de-telefono-utiles\/","url":"https:\/\/geauxhealth.org\/numeros-de-telefono-utiles\/","name":"N\u00fameros de telefono \u00fatiles - GeauxHealth!","isPartOf":{"@id":"https:\/\/geauxhealth.org\/#website"},"datePublished":"2022-06-23T12:03:35+00:00","breadcrumb":{"@id":"https:\/\/geauxhealth.org\/numeros-de-telefono-utiles\/#breadcrumb"},"inLanguage":"es","potentialAction":[{"@type":"ReadAction","target":["https:\/\/geauxhealth.org\/numeros-de-telefono-utiles\/"]}]},{"@type":"BreadcrumbList","@id":"https:\/\/geauxhealth.org\/numeros-de-telefono-utiles\/#breadcrumb","itemListElement":[{"@type":"ListItem","position":1,"name":"Home","item":"https:\/\/geauxhealth.org\/es\/"},{"@type":"ListItem","position":2,"name":"N\u00fameros de telefono \u00fatiles"}]},{"@type":"WebSite","@id":"https:\/\/geauxhealth.org\/#website","url":"https:\/\/geauxhealth.org\/","name":"GeauxHealth","description":"Health Resources for the New Orleans Area","potentialAction":[{"@type":"SearchAction","target":{"@type":"EntryPoint","urlTemplate":"https:\/\/geauxhealth.org\/?s={search_term_string}"},"query-input":{"@type":"PropertyValueSpecification","valueRequired":true,"valueName":"search_term_string"}}],"inLanguage":"es"}]}},"featured_image_src":null,"featured_image_src_square":null,"_links":{"self":[{"href":"https:\/\/geauxhealth.org\/es\/wp-json\/wp\/v2\/pages\/596","targetHints":{"allow":["GET"]}}],"collection":[{"href":"https:\/\/geauxhealth.org\/es\/wp-json\/wp\/v2\/pages"}],"about":[{"href":"https:\/\/geauxhealth.org\/es\/wp-json\/wp\/v2\/types\/page"}],"author":[{"embeddable":true,"href":"https:\/\/geauxhealth.org\/es\/wp-json\/wp\/v2\/users\/9"}],"replies":[{"embeddable":true,"href":"https:\/\/geauxhealth.org\/es\/wp-json\/wp\/v2\/comments?post=596"}],"version-history":[{"count":0,"href":"https:\/\/geauxhealth.org\/es\/wp-json\/wp\/v2\/pages\/596\/revisions"}],"up":[{"embeddable":true,"href":"https:\/\/geauxhealth.org\/es\/wp-json\/wp\/v2\/pages\/613"}],"wp:attachment":[{"href":"https:\/\/geauxhealth.org\/es\/wp-json\/wp\/v2\/media?parent=596"}],"curies":[{"name":"wp","href":"https:\/\/api.w.org\/{rel}","templated":true}]}}