{"id":597,"date":"2022-06-23T11:51:38","date_gmt":"2022-06-23T11:51:38","guid":{"rendered":"https:\/\/geauxhealth.org\/abuso-de-sustancias\/"},"modified":"2022-06-23T11:51:38","modified_gmt":"2022-06-23T11:51:38","slug":"abuso-de-sustancias","status":"publish","type":"page","link":"https:\/\/geauxhealth.org\/es\/recursos\/abuso-de-sustancias\/","title":{"rendered":"Abuso de sustancias"},"content":{"rendered":"\n<h3 class=\"wp-block-heading\"><strong>Odyssey House&nbsp;<\/strong><\/h3>\n\n\n\n<p><em>Atenci\u00f3n primaria, salud de comportamiento, educaci\u00f3n y tratamiento diab\u00e9tico, tratamiento de hipertensi\u00f3n, salud femenina (no incluye la obstetricia), asesoramiento nutricional, ex\u00e1menes del VIH, flebotom\u00eda, y servicios de recuperaci\u00f3n de la adicci\u00f3n.<\/em> <em>Acepta Medicaid, Medicare, o pagos a cargo del paciente\/escala m\u00f3vil.<\/em><\/p>\n\n\n\n<p><em>Horario: lunes-viernes 8a-5p, s\u00e1bado: solo con cita previa<\/em><\/p>\n\n\n\n<div style=\"background-color:#f6f6f6;padding-left:4%;padding-right:4%;padding-bottom:4%;padding-top:4%;margin-bottom:5%\" class=\"wp-block-genesis-blocks-gb-container resource-details gb-block-container\"><div class=\"gb-container-inside\"><div class=\"gb-container-content\">\n<p class=\"icon ion-ios-location\"><strong>Ubicaci\u00f3n<\/strong>: 2700 S. Broad New Orleans, LA<\/p>\n\n\n\n<p class=\"icon ion-ios-telephone\">504-821-9211<\/p>\n\n\n\n<p class=\"icon ion-android-desktop\"><a href=\"https:\/\/www.ohlcommunityclinic.org\/\">https:\/\/www.ohlcommunityclinic.org\/<\/a><\/p>\n<\/div><\/div><\/div>\n\n\n\n<h3 class=\"wp-block-heading\"><strong>Bridge House<\/strong><\/h3>\n\n\n\n<p><em>Programa de tratamiento gratis que consiste de terapias en grupo e individualmente para los que usan drogas y\/o alcohol, tratamiento residencial, instrucci\u00f3n de habilidades para una vida independiente, oportunidades para desarrollo, manejo de casos, prevenci\u00f3n de reca\u00eddas, terapia para familias, actividades profesionales, y Alcoh\u00f3licos an\u00f3nimos programa de 12 pasos.<\/em><\/p>\n\n\n\n<p><em>Abierto 24\/7<\/em><\/p>\n\n\n\n<div style=\"background-color:#f6f6f6;padding-left:4%;padding-right:4%;padding-bottom:4%;padding-top:4%;margin-bottom:5%\" class=\"wp-block-genesis-blocks-gb-container resource-details gb-block-container\"><div class=\"gb-container-inside\"><div class=\"gb-container-content\">\n<p class=\"icon ion-ios-location\">4150 Earhart Boulevard, New Orleans, LA 70125<\/p>\n\n\n\n<p class=\"icon ion-ios-telephone\">504-821-7120<\/p>\n\n\n\n<p class=\"icon ion-android-desktop\"><a href=\"https:\/\/www.bridgehouse.org\/\">https:\/\/www.bridgehouse.org\/<\/a><\/p>\n<\/div><\/div><\/div>\n\n\n\n<h3 class=\"wp-block-heading\">Grace House<\/h3>\n\n\n\n<p><em>Programa de tratamiento que consiste de terapias en grupo e individualmente para los que usan drogas y\/o alcohol, tratamiento residencial, instrucci\u00f3n de habilidades para una vida independiente, oportunidades para desarrollo, manejamiento de casos, prevenci\u00f3n de reca\u00eddas, terapia para familias, actividades profesionales, y Alcoh\u00f3licos an\u00f3nimos programa de 12 pasos.<\/em><\/p>\n\n\n\n<p><em>Abierto 24\/7<\/em><\/p>\n\n\n\n<div style=\"background-color:#f6f6f6;padding-left:4%;padding-right:4%;padding-bottom:4%;padding-top:4%;margin-bottom:5%\" class=\"wp-block-genesis-blocks-gb-container resource-details gb-block-container\"><div class=\"gb-container-inside\"><div class=\"gb-container-content\">\n<p class=\"icon ion-ios-location\">6321 Stratford Place, New Orleans, LA 70131<\/p>\n\n\n\n<p class=\"icon ion-ios-telephone\">504-821-7120<\/p>\n\n\n\n<p class=\"icon ion-android-desktop\"><a href=\"https:\/\/www.bridgehouse.org\/\">https:\/\/www.bridgehouse.org\/<\/a><\/p>\n<\/div><\/div><\/div>\n\n\n\n<p><strong>Metropolitan Human Services District<\/strong><\/p>\n\n\n\n<p><em><strong>Servicios para ni\u00f1os y jovenes:<\/strong>  &nbsp;infancia temprana (0-5 a\u00f1os), evaluaciones psychiatricos, evaluaciones del abuso de sustancias\/salud mental, manejamiento de medicamentos, evaluaciones diagn\u00f3sticas, intervenciones psychosociales, servicios de primer episodio de psychosis (15-21 a\u00f1os), y prevenci\u00f3n escolar.<\/em><\/p>\n\n\n\n<p><em><strong>Servicios para adultos:<\/strong> &nbsp;Evaluaciones, referencias, intervenci\u00f3n de cr\u00edsis, apoyo de pares manejamiento de casos o medicamentos, terapia individual, terapia en grupo, tratamiento de adicci\u00f3n (alcohol, drogas, de juego), pruebas de VIH y tuberculosis.<\/em><\/p>\n\n\n\n<p><em>Se aceptan visitas sin cita. MHSD sirve adultos, ni\u00f1os, y familias de las parroqu\u00edas de Orleans, Plaquemines, y St. Bernard Parishes. En particular, sirvemos a residentes que no tienen seguro m\u00e9dico o no son eligibles para Medicaid, aunque las discapacidades de desarrollo no tienen restricciones de ingreso.  <\/em><\/p>\n\n\n\n<p><em>Lunes-Viernes 8:00AM-4:30PM<\/em><\/p>\n\n\n\n<div style=\"background-color:#f6f6f6;padding-left:4%;padding-right:4%;padding-bottom:4%;padding-top:4%;margin-bottom:5%\" class=\"wp-block-genesis-blocks-gb-container resource-details gb-block-container\"><div class=\"gb-container-inside\"><div class=\"gb-container-content\">\n<p class=\"icon ion-ios-location\">3100 General De Gaulle Drive, New Orleans, LA 70114<\/p>\n\n\n\n<p class=\"icon ion-ios-telephone\">504-568-3130<\/p>\n\n\n\n<p class=\"icon ion-android-desktop\"><a href=\"https:\/\/www.mhsdla.org\">https:\/\/www.mhsdla.org\/<\/a><\/p>\n<\/div><\/div><\/div>\n\n\n\n<h3 class=\"wp-block-heading\"><strong>ACER<\/strong><\/h3>\n\n\n\n<p><em>Ofrece terapia, evaluaciones (gratis), terapias intensivos ambulatorios (8-14 semanas para el programa con sesiones en grupo, individualmente, un programa de recuperaci\u00f3n de 12-pasos, y pruebas de urina), apoyo para embarazos y apoyo tras el parto para abstenci\u00f3n a largo plazo y mantenimiento de de recuperaci\u00f3n (terapias asistidas por medicaciones, atenci\u00f3n m\u00e9dica coordinada con el OB\/GYN, y terapias para la salud mental), recuperaci\u00f3n asistida por medicamento (detox), manejo de la ira, terapia para familias, y educaci\u00f3n sobre el abuso de substancias (requerido para delitos relacionados con abuso de substancias)<\/em><\/p>\n\n\n\n<div style=\"background-color:#f6f6f6;padding-left:4%;padding-right:4%;padding-bottom:4%;padding-top:4%;margin-bottom:5%\" class=\"wp-block-genesis-blocks-gb-container resource-details gb-block-container\"><div class=\"gb-container-inside\"><div class=\"gb-container-content\">\n<p class=\"icon ion-ios-location\"><strong>Metairie &#8211;<\/strong> 2321 North Hullen St, Suite B, Metairie, LA 70001<\/p>\n\n\n\n<p class=\"icon ion-ios-telephone\">504-941-7580<\/p>\n\n\n\n<hr class=\"wp-block-separator has-text-color has-alpha-channel-opacity has-background is-style-wide\" style=\"background-color:#d4d4d4;color:#d4d4d4\">\n\n\n\n<p class=\"icon ion-ios-location\"><strong>Slidell<\/strong>: &nbsp;115 Christian Lane, Slidell, LA 70458<\/p>\n\n\n\n<p class=\"icon ion-ios-telephone\">985-690-6622<\/p>\n\n\n\n<p class=\"icon ion-android-desktop\"><a href=\"https:\/\/www.acercanhelp.com\">www.acercanhelp.com<\/a><\/p>\n<\/div><\/div><\/div>\n\n\n\n<h3 class=\"wp-block-heading\"><strong>.<\/strong><\/h3>\n\n\n\n<p><em>Organizaci\u00f3n de beneficencia ayudando a las personas sin hogar en New Orleans. Los servicios incluyen comida, albergue (solo para los hombres), vales\/bonos de albergues cercanos para mujeres\/ni\u00f1os, ropa, duchas, terapia, adicci\u00f3n a las drogas\/el alcohol, evaluaciones m\u00e9dicas (incluso servicios dental y de vista), pruebas m\u00e9dicas (ETS, tuberculosis, VIH), ayuda con medicaid, recetas, competencias profesionales, servicios espirituales, ayuda legal, y programas de vivienda. <\/em><\/p>\n\n\n\n<div style=\"background-color:#f6f6f6;padding-left:4%;padding-right:4%;padding-bottom:4%;padding-top:4%;margin-bottom:5%\" class=\"wp-block-genesis-blocks-gb-container resource-details gb-block-container\"><div class=\"gb-container-inside\"><div class=\"gb-container-content\">\n<p class=\"icon ion-ios-location\">2239 Poydras Street, New Orleans, LA 70119<\/p>\n\n\n\n<p class=\"icon ion-ios-telephone\">504-523-1184<\/p>\n\n\n\n<p class=\"icon ion-android-desktop\"><a href=\"http:\/\/ozanaminn.org\/\">.<\/a><\/p>\n<\/div><\/div><\/div>\n\n\n\n<h3 class=\"wp-block-heading\"><strong>Townsend Recovery<\/strong><\/h3>\n\n\n\n<p><em><strong>Programa hospitalario:<\/strong> tratamiento hospitalario de 90 d\u00edas con enfermer\u00eda dispon\u00edble 24horas, tratamiento de trastornos concurrentes, asistencia con viajes, detox, terapia individual y en grupos, y un programa semanal para familias.<\/em><\/p>\n\n\n\n<p><em><strong>Medicaid o seguro privado. Promesa de marca: <\/strong> si el paciente realiza con \u00e9xito los 90 d\u00edas de tratamiento hospitalario, se guarantiza la sobreidad <\/em><\/p>\n\n\n\n<div style=\"background-color:#f6f6f6;padding-left:4%;padding-right:4%;padding-bottom:4%;padding-top:4%;margin-bottom:5%\" class=\"wp-block-genesis-blocks-gb-container resource-details gb-block-container\"><div class=\"gb-container-inside\"><div class=\"gb-container-content\">\n<p class=\"icon ion-ios-telephone\">504-608-5060<\/p>\n\n\n\n<p class=\"icon ion-android-desktop\"><a href=\"http:\/\/www.townsendla.com\/\">www.townsendla.com<\/a><\/p>\n<\/div><\/div><\/div>\n\n\n\n<h3 class=\"wp-block-heading\"><strong>Bethel House and Women at the Well programs<\/strong><\/h3>\n\n\n\n<p><em>Organizaci\u00f3n religiosa gratis que ofrece tratamientos para el abuso de sustancias. Los programas duran 6 meses como m\u00ednimo. Hay programas para hombres (Bethel house) y mujeres (Women at the Well) que incluyen estudios en la biblia, alojamiento, comidas, lavado, transportaci\u00f3n, evaluaciones m\u00e9dicas, recreo, terapia, consejo profesional, y proyectos voluntarios. &nbsp;Abstenci\u00f3n solo, no ofrece tratamientos asistidos por medicamentos.<\/em><\/p>\n\n\n\n<div style=\"background-color:#f6f6f6;padding-left:4%;padding-right:4%;padding-bottom:4%;padding-top:4%;margin-bottom:5%\" class=\"wp-block-genesis-blocks-gb-container resource-details gb-block-container\"><div class=\"gb-container-inside\"><div class=\"gb-container-content\">\n<p class=\"icon ion-ios-location\">4114 Old Gentilly Rd, New Orleans, LA 70126<\/p>\n\n\n\n<p class=\"icon ion-ios-telephone\">504-943-0456<\/p>\n\n\n\n<p class=\"icon ion-android-desktop\"><a href=\"http:\/\/bethelcolonysouth.org\">bethelcolonysouth.org<\/a><\/p>\n<\/div><\/div><\/div>\n\n\n\n<h3 class=\"wp-block-heading\"><strong>River Oaks Hospital<\/strong><\/h3>\n\n\n\n<p><em>Programa psychiatrica para adultos: hospitalario, ambulatorio, y hospitalizaciones parciales. &nbsp;Trastornos addictivos\/Programas de diagn\u00f3stico dual: plan de tratamiento comprensivo. &nbsp;Programa psychiatrica para adolescentes: salud de comportamiento comprensivo de 12-17 a\u00f1os. &nbsp;Programa de rehabilitaci\u00f3n militar: problemas de salud mental espec\u00edficos al ej\u00e9rcito. &nbsp;Programa ambulatorio para adultos: tratamiento diario y apoyo<\/em><\/p>\n\n\n\n<p><em>River Oaks Hospital acepta la mayoria de seguro m\u00e9dico y planes para manejar cuidado, junto ocn TRICARE, V.A. Benefits, Medicare, y Louisiana Medicaid (para la mayoria de nuestros programas hospitalarios).<\/em><\/p>\n\n\n\n<div style=\"background-color:#f6f6f6;padding-left:4%;padding-right:4%;padding-bottom:4%;padding-top:4%;margin-bottom:5%\" class=\"wp-block-genesis-blocks-gb-container resource-details gb-block-container\"><div class=\"gb-container-inside\"><div class=\"gb-container-content\">\n<p class=\"icon ion-ios-location\">1525 River Oaks Rd., West Harahan, LA 70123<\/p>\n\n\n\n<p class=\"icon ion-ios-telephone\">504-734-1740 | 1-800-366-1740<\/p>\n\n\n\n<p class=\"icon ion-android-desktop\"><a href=\"https:\/\/riveroakshospital.com\/\">https:\/\/riveroakshospital.com\/<\/a><\/p>\n<\/div><\/div><\/div>\n\n\n\n<h3 class=\"wp-block-heading\">UMC&#8217;s Addiction Clinic<\/h3>\n\n\n\n<p><em>UMC Primary Care Center Integrated Healthcare ofrece tratamiento asistido por medicamentos para trastornos por consumo de opioides en un ambiente de cuidado primario. Horario: 8:30-5:30 mi\u00e9rcoles, 8:30-12:30 jueves. <\/em><\/p>\n\n\n\n<p><em>Servicios ambulatorios intensivos para el abuso de sustancias ofrecen a los pacientes terapia 1:1 con una trabajadora social cl\u00ednica. El programa crecer\u00e1 en el futuro para incluir terapia en grupos para personas recuperadas de trastornos de adicci\u00f3n.<\/em><\/p>\n\n\n\n<div style=\"background-color:#f6f6f6;padding-left:4%;padding-right:4%;padding-bottom:4%;padding-top:4%;margin-bottom:5%\" class=\"wp-block-genesis-blocks-gb-container resource-details gb-block-container\"><div class=\"gb-container-inside\"><div class=\"gb-container-content\">\n<p class=\"icon ion-ios-location\">&nbsp;2003 Tulane Ave, New Orleans, LA 70112<\/p>\n\n\n\n<p class=\"icon ion-ios-telephone\">504-962-6110 | 504-962-6106<\/p>\n\n\n\n<p class=\"icon ion-android-desktop\"><a href=\"http:\/\/umcno.org\">umcno.org<\/a> <\/p>\n<\/div><\/div><\/div>\n\n\n\n<h3 class=\"wp-block-heading\">Trystereo (New Orleans Harm Reduction Network)<\/h3>\n\n\n\n<p><em>Horario semanal: Lunes 5:30-7, 5523 St. Claude Avenue Martes 3-4, Duncan Plaza frente a 1300 Perdido Street&nbsp;<\/em><\/p>\n\n\n\n<p><em>Acceso m\u00f3vil fuera del horario a equipo est\u00e9ril de fumar e inyectarse para personas que usan drogas, prevenci\u00f3n de la sobredosis, tiras para test de fentanilo, y formaci\u00f3n sobre reducci\u00f3n de da\u00f1os.<\/em><\/p>\n\n\n\n<p><em>Gratis, no hay costo. Servicios en espa\u00f1ol disponibles.<\/em><\/p>\n\n\n\n<div style=\"background-color:#f6f6f6;padding-left:4%;padding-right:4%;padding-bottom:4%;padding-top:4%;margin-bottom:5%\" class=\"wp-block-genesis-blocks-gb-container resource-details gb-block-container\"><div class=\"gb-container-inside\"><div class=\"gb-container-content\">\n<p class=\"icon ion-ios-telephone\">504-535-4766 solo por texto, no acepta llamadas<\/p>\n\n\n\n<p class=\"icon ion-android-desktop\"><a href=\"http:\/\/trystereo.org\" target=\"_blank\" rel=\"noreferrer noopener\">trystereo.org<\/a> <\/p>\n<\/div><\/div><\/div>\n\n\n\n<h3 class=\"wp-block-heading\">Avenues Recovery<\/h3>\n\n\n\n<p><em>&nbsp;Programas hospitalarios y ambulatorios para el tratamiento del uso de substancias&nbsp;<\/em><\/p>\n\n\n\n<div style=\"background-color:#f6f6f6;padding-left:4%;padding-right:4%;padding-bottom:4%;padding-top:4%;margin-bottom:5%\" class=\"wp-block-genesis-blocks-gb-container resource-details gb-block-container\"><div class=\"gb-container-inside\"><div class=\"gb-container-content\">\n<p class=\"icon ion-ios-location\">4933 Wabash St Metairie, LA 70001<\/p>\n\n\n\n<p class=\"icon ion-ios-telephone\">504-470-0458<\/p>\n\n\n\n<p class=\"icon ion-android-desktop\"><a href=\"https:\/\/www.avenuesrecovery.com\/locations\/louisiana-drug-rehab-center\/\">https:\/\/www.avenuesrecovery.com\/locations\/louisiana-drug-rehab-center\/<\/a><\/p>\n<\/div><\/div><\/div>\n\n\n\n<h2 class=\"wp-block-heading\"><strong>Tobacco Quitline<\/strong><\/h2>\n\n\n\n<div style=\"background-color:#f6f6f6;padding-left:4%;padding-right:4%;padding-bottom:4%;padding-top:4%;margin-bottom:5%\" class=\"wp-block-genesis-blocks-gb-container resource-details gb-block-container\"><div class=\"gb-container-inside\"><div class=\"gb-container-content\">\n<p class=\"icon ion-ios-telephone\">1800-QUIT-NOW (1-800-784-8669)<\/p>\n\n\n\n<hr class=\"wp-block-separator has-text-color has-alpha-channel-opacity has-background is-style-wide\" style=\"background-color:#d4d4d4;color:#d4d4d4\">\n\n\n\n<p class=\"icon ion-android-desktop\">Un resumen de la l\u00ednea del CDC para dejar de usar tobacco: &nbsp;<a href=\"https:\/\/www.google.com\/url?q=https:\/\/www.cdc.gov\/tobacco\/campaign\/tips\/quit-smoking\/quitline\/index.html&amp;sa=D&amp;source=editors&amp;ust=1631377962042000&amp;usg=AOvVaw1jCaU3sVcqY1l0giB9VExd\">https:\/\/www.cdc.gov\/tobacco\/campaign\/tips\/quit-smoking\/quitline\/index.html<\/a><\/p>\n\n\n\n<hr class=\"wp-block-separator has-text-color has-alpha-channel-opacity has-background is-style-wide\" style=\"background-color:#d4d4d4;color:#d4d4d4\">\n\n\n\n<p class=\"icon ion-android-desktop\">10 preguntas y respuestas m\u00e1s frecuentas sobre las l\u00edneas para dejar de fumar: &nbsp;<a href=\"https:\/\/www.google.com\/url?q=https:\/\/www.cdc.gov\/tobacco\/campaign\/tips\/quit-smoking\/quitline\/top-10-questions-people-ask-about-quitlines.html&amp;sa=D&amp;source=editors&amp;ust=1631377962042000&amp;usg=AOvVaw0iCdJUGUQZExhqoW0Ruc14\">https:\/\/www.cdc.gov\/tobacco\/campaign\/tips\/quit-smoking\/quitline\/top-10-questions-people-ask-about-quitlines.html<\/a><\/p>\n\n\n\n<hr class=\"wp-block-separator has-text-color has-alpha-channel-opacity has-background is-style-wide\" style=\"background-color:#d4d4d4;color:#d4d4d4\">\n\n\n\n<p class=\"icon ion-android-desktop\">Recursos adicionales para dejar de fumar: &nbsp;<a href=\"https:\/\/www.cdc.gov\/tobacco\/campaign\/tips\/quit-smoking\/index.html\">https:\/\/www.cdc.gov\/tobacco\/campaign\/tips\/quit-smoking\/index.html<\/a><\/p>\n<\/div><\/div><\/div>\n","protected":false},"excerpt":{"rendered":"<p>Odyssey House&nbsp; Atenci\u00f3n primaria, salud de comportamiento, educaci\u00f3n y tratamiento diab\u00e9tico, tratamiento de hipertensi\u00f3n, salud femenina (no incluye la obstetricia), asesoramiento nutricional, ex\u00e1menes del VIH, flebotom\u00eda, y servicios de recuperaci\u00f3n de la adicci\u00f3n. Acepta Medicaid, Medicare, o pagos a cargo del paciente\/escala m\u00f3vil. Horario: lunes-viernes 8a-5p, s\u00e1bado: solo con cita previa Bridge House Programa de [&hellip;]<\/p>\n","protected":false},"author":9,"featured_media":0,"parent":613,"menu_order":0,"comment_status":"closed","ping_status":"closed","template":"","meta":{"_genesis_hide_title":false,"_genesis_hide_breadcrumbs":false,"_genesis_hide_singular_image":false,"_genesis_hide_footer_widgets":false,"_genesis_custom_body_class":"","_genesis_custom_post_class":"","_genesis_layout":"content-sidebar","footnotes":""},"class_list":{"0":"post-597","1":"page","2":"type-page","3":"status-publish","5":"entry"},"yoast_head":"<!-- This site is optimized with the Yoast SEO plugin v27.4 - https:\/\/yoast.com\/product\/yoast-seo-wordpress\/ -->\n<title>Abuso de sustancias - GeauxHealth!<\/title>\n<meta name=\"description\" content=\"Algunos organizaciones est\u00e1n disponibles en New Orleans para los que est\u00e1n sufriendo por el abuso de substancias.\" \/>\n<meta name=\"robots\" content=\"index, follow, max-snippet:-1, max-image-preview:large, max-video-preview:-1\" \/>\n<link rel=\"canonical\" href=\"https:\/\/geauxhealth.org\/es\/abuso-de-sustancias\/\" \/>\n<meta property=\"og:locale\" content=\"es_ES\" \/>\n<meta property=\"og:type\" content=\"article\" \/>\n<meta property=\"og:title\" content=\"Abuso de sustancias - GeauxHealth!\" \/>\n<meta property=\"og:description\" content=\"Algunos organizaciones est\u00e1n disponibles en New Orleans para los que est\u00e1n sufriendo por el abuso de substancias.\" \/>\n<meta property=\"og:url\" content=\"https:\/\/geauxhealth.org\/es\/abuso-de-sustancias\/\" \/>\n<meta property=\"og:site_name\" content=\"GeauxHealth!\" \/>\n<meta name=\"twitter:card\" content=\"summary_large_image\" \/>\n<meta name=\"twitter:label1\" content=\"Tiempo de lectura\" \/>\n\t<meta name=\"twitter:data1\" content=\"5 minutos\" \/>\n<script type=\"application\/ld+json\" class=\"yoast-schema-graph\">{\"@context\":\"https:\\\/\\\/schema.org\",\"@graph\":[{\"@type\":\"WebPage\",\"@id\":\"https:\\\/\\\/geauxhealth.org\\\/es\\\/abuso-de-sustancias\\\/\",\"url\":\"https:\\\/\\\/geauxhealth.org\\\/es\\\/abuso-de-sustancias\\\/\",\"name\":\"Abuso de sustancias - GeauxHealth!\",\"isPartOf\":{\"@id\":\"https:\\\/\\\/geauxhealth.org\\\/#website\"},\"datePublished\":\"2022-06-23T11:51:38+00:00\",\"description\":\"Algunos organizaciones est\u00e1n disponibles en New Orleans para los que est\u00e1n sufriendo por el abuso de substancias.\",\"breadcrumb\":{\"@id\":\"https:\\\/\\\/geauxhealth.org\\\/es\\\/abuso-de-sustancias\\\/#breadcrumb\"},\"inLanguage\":\"es\",\"potentialAction\":[{\"@type\":\"ReadAction\",\"target\":[\"https:\\\/\\\/geauxhealth.org\\\/es\\\/abuso-de-sustancias\\\/\"]}]},{\"@type\":\"BreadcrumbList\",\"@id\":\"https:\\\/\\\/geauxhealth.org\\\/es\\\/abuso-de-sustancias\\\/#breadcrumb\",\"itemListElement\":[{\"@type\":\"ListItem\",\"position\":1,\"name\":\"Home\",\"item\":\"https:\\\/\\\/geauxhealth.org\\\/es\\\/\"},{\"@type\":\"ListItem\",\"position\":2,\"name\":\"Abuso de sustancias\"}]},{\"@type\":\"WebSite\",\"@id\":\"https:\\\/\\\/geauxhealth.org\\\/#website\",\"url\":\"https:\\\/\\\/geauxhealth.org\\\/\",\"name\":\"GeauxHealth\",\"description\":\"Health Resources for the New Orleans Area\",\"potentialAction\":[{\"@type\":\"SearchAction\",\"target\":{\"@type\":\"EntryPoint\",\"urlTemplate\":\"https:\\\/\\\/geauxhealth.org\\\/?s={search_term_string}\"},\"query-input\":{\"@type\":\"PropertyValueSpecification\",\"valueRequired\":true,\"valueName\":\"search_term_string\"}}],\"inLanguage\":\"es\"}]}<\/script>\n<!-- \/ Yoast SEO plugin. -->","yoast_head_json":{"title":"Abuso de sustancias - GeauxHealth!","description":"Algunos organizaciones est\u00e1n disponibles en New Orleans para los que est\u00e1n sufriendo por el abuso de substancias.","robots":{"index":"index","follow":"follow","max-snippet":"max-snippet:-1","max-image-preview":"max-image-preview:large","max-video-preview":"max-video-preview:-1"},"canonical":"https:\/\/geauxhealth.org\/es\/abuso-de-sustancias\/","og_locale":"es_ES","og_type":"article","og_title":"Abuso de sustancias - GeauxHealth!","og_description":"Algunos organizaciones est\u00e1n disponibles en New Orleans para los que est\u00e1n sufriendo por el abuso de substancias.","og_url":"https:\/\/geauxhealth.org\/es\/abuso-de-sustancias\/","og_site_name":"GeauxHealth!","twitter_card":"summary_large_image","twitter_misc":{"Tiempo de lectura":"5 minutos"},"schema":{"@context":"https:\/\/schema.org","@graph":[{"@type":"WebPage","@id":"https:\/\/geauxhealth.org\/es\/abuso-de-sustancias\/","url":"https:\/\/geauxhealth.org\/es\/abuso-de-sustancias\/","name":"Abuso de sustancias - GeauxHealth!","isPartOf":{"@id":"https:\/\/geauxhealth.org\/#website"},"datePublished":"2022-06-23T11:51:38+00:00","description":"Algunos organizaciones est\u00e1n disponibles en New Orleans para los que est\u00e1n sufriendo por el abuso de substancias.","breadcrumb":{"@id":"https:\/\/geauxhealth.org\/es\/abuso-de-sustancias\/#breadcrumb"},"inLanguage":"es","potentialAction":[{"@type":"ReadAction","target":["https:\/\/geauxhealth.org\/es\/abuso-de-sustancias\/"]}]},{"@type":"BreadcrumbList","@id":"https:\/\/geauxhealth.org\/es\/abuso-de-sustancias\/#breadcrumb","itemListElement":[{"@type":"ListItem","position":1,"name":"Home","item":"https:\/\/geauxhealth.org\/es\/"},{"@type":"ListItem","position":2,"name":"Abuso de sustancias"}]},{"@type":"WebSite","@id":"https:\/\/geauxhealth.org\/#website","url":"https:\/\/geauxhealth.org\/","name":"GeauxHealth","description":"Health Resources for the New Orleans Area","potentialAction":[{"@type":"SearchAction","target":{"@type":"EntryPoint","urlTemplate":"https:\/\/geauxhealth.org\/?s={search_term_string}"},"query-input":{"@type":"PropertyValueSpecification","valueRequired":true,"valueName":"search_term_string"}}],"inLanguage":"es"}]}},"featured_image_src":null,"featured_image_src_square":null,"_links":{"self":[{"href":"https:\/\/geauxhealth.org\/es\/wp-json\/wp\/v2\/pages\/597","targetHints":{"allow":["GET"]}}],"collection":[{"href":"https:\/\/geauxhealth.org\/es\/wp-json\/wp\/v2\/pages"}],"about":[{"href":"https:\/\/geauxhealth.org\/es\/wp-json\/wp\/v2\/types\/page"}],"author":[{"embeddable":true,"href":"https:\/\/geauxhealth.org\/es\/wp-json\/wp\/v2\/users\/9"}],"replies":[{"embeddable":true,"href":"https:\/\/geauxhealth.org\/es\/wp-json\/wp\/v2\/comments?post=597"}],"version-history":[{"count":0,"href":"https:\/\/geauxhealth.org\/es\/wp-json\/wp\/v2\/pages\/597\/revisions"}],"up":[{"embeddable":true,"href":"https:\/\/geauxhealth.org\/es\/wp-json\/wp\/v2\/pages\/613"}],"wp:attachment":[{"href":"https:\/\/geauxhealth.org\/es\/wp-json\/wp\/v2\/media?parent=597"}],"curies":[{"name":"wp","href":"https:\/\/api.w.org\/{rel}","templated":true}]}}