{"id":599,"date":"2022-06-21T03:02:18","date_gmt":"2022-06-21T03:02:18","guid":{"rendered":"https:\/\/geauxhealth.org\/mujeres\/"},"modified":"2022-06-21T03:02:18","modified_gmt":"2022-06-21T03:02:18","slug":"mujeres","status":"publish","type":"page","link":"https:\/\/geauxhealth.org\/es\/mujeres\/","title":{"rendered":"Mujeres"},"content":{"rendered":"\n<h3 class=\"wp-block-heading\"><strong>New Orleans Women and Children Center<\/strong><\/h3>\n\n\n\n<p><em>Albergue y comidas sin l\u00edmite en duraci\u00f3n, gratis para mujeres solteras sin hogar que tienen ni\u00f1os, mujeres embarazadas, y familias con padres solteros. Servicios adicionales: manejo de caso, cursos para padres, programa de empleo. Espa\u00f1ol est\u00e1 dispon\u00edble.  <\/em><\/p>\n\n\n\n<div style=\"background-color:#f6f6f6;padding-left:4%;padding-right:4%;padding-bottom:4%;padding-top:4%;margin-bottom:5%\" class=\"wp-block-genesis-blocks-gb-container resource-details gb-block-container\"><div class=\"gb-container-inside\"><div class=\"gb-container-content\">\n<p class=\"icon ion-ios-location\">2020 South Liberty St., New Orleans, LA 70113<\/p>\n\n\n\n<p class=\"icon ion-ios-telephone\">504-522-9340<\/p>\n\n\n\n<p class=\"icon ion-android-desktop\"><a href=\"https:\/\/www.google.com\/url?q=http:\/\/www.nowcs.org\/&amp;sa=D&amp;source=editors&amp;ust=1631377962113000&amp;usg=AOvVaw27n4C3g-Z4aW4GR9a-x5FB\" target=\"_blank\" rel=\"noreferrer noopener\">www.nowcs.org<\/a><\/p>\n<\/div><\/div><\/div>\n\n\n\n<h3 class=\"wp-block-heading\"><strong>Hagar\u2019s House<\/strong><\/h3>\n\n\n\n<p><em>Alojamiento transicional de largo plazo para mujeres solteras, ni\u00f1os, transg\u00e9neros, y la gente no convencional en cuanto a sexualidad y g\u00e9nero. Servicios adicionales: arte, yoga, jard\u00edn comunitario, programa de ahorro para residentes trabajadores. Espere un per\u00edodo de espera. Entrada lunes-viernes, 9AM-5PM.   <\/em><\/p>\n\n\n\n<div style=\"background-color:#f6f6f6;padding-left:4%;padding-right:4%;padding-bottom:4%;padding-top:4%;margin-bottom:5%\" class=\"wp-block-genesis-blocks-gb-container resource-details gb-block-container\"><div class=\"gb-container-inside\"><div class=\"gb-container-content\">\n<p class=\"icon ion-ios-location\">3401 Canal St, New Orleans, LA 70119<\/p>\n\n\n\n<p class=\"icon ion-ios-telephone\">504-210-5064<\/p>\n\n\n\n<p class=\"icon ion-android-desktop\"><a href=\"http:\/\/hagarshousenola.org\" target=\"_blank\" rel=\"noreferrer noopener\">hagarshousenola.org<\/a><\/p>\n<\/div><\/div><\/div>\n\n\n\n<h3 class=\"wp-block-heading\">Hotel Hope<\/h3>\n\n\n\n<p><em>Para mujeres y sus ni\u00f1os. Trasladando familias desde el desamparo a la autosuficiencia. Alojamiento urgente de corto plazo. Servicios intervencionales de cr\u00edsis est\u00e1n disponibles. Alojamiento disponible 24 horas\/d\u00eda. Trabaja con familias para buscar vivienda de largo plazo y viviendas permanentes.     <\/em><\/p>\n\n\n\n<div style=\"background-color:#f6f6f6;padding-left:4%;padding-right:4%;padding-bottom:4%;padding-top:4%;margin-bottom:5%\" class=\"wp-block-genesis-blocks-gb-container resource-details gb-block-container\"><div class=\"gb-container-inside\"><div class=\"gb-container-content\">\n<p class=\"icon ion-ios-location\">3923 Martin Luther King Jr. Blvd, New Orleans, LA<\/p>\n\n\n\n<p class=\"icon ion-ios-telephone\">504-821-7773<\/p>\n\n\n\n<p class=\"icon ion-android-desktop\"><a href=\"http:\/\/hotelhope.org\" target=\"_blank\" rel=\"noreferrer noopener\">hotelhope.org<\/a>  <\/p>\n<\/div><\/div><\/div>\n\n\n\n<h3 class=\"wp-block-heading\"><strong>St. Bernard Battered Women&#8217;s Program<\/strong><\/h3>\n\n\n\n<p><em>Ofrece l\u00ednea de ayuda (24-horas), planificaci\u00f3n de seguridad, refugio de emergencia (45+ d\u00edas), transporte, defensa legal\/en corte, grupos de apoyo, terapia art\u00edstica, servicios para ni\u00f1os, administraci\u00f3n de casos, materiales pedag\u00f3gicos, oradores, educaci\u00f3n comunitaria, prevenci\u00f3n de violencia juvenil, programas de extensi\u00f3n comunitaria. Ayuda en planificar por la seguridad en ambientes abusivos tanto como planificar la salida de ambientes abusivos. Llame para pedir la ubicaci\u00f3n. <\/em><\/p>\n\n\n\n<div style=\"background-color:#f6f6f6;padding-left:4%;padding-right:4%;padding-bottom:4%;padding-top:4%;margin-bottom:5%\" class=\"wp-block-genesis-blocks-gb-container resource-details gb-block-container\"><div class=\"gb-container-inside\"><div class=\"gb-container-content\">\n<p class=\"icon ion-ios-location\">P.O. Box 7, Arabi, LA 70032<\/p>\n\n\n\n<p class=\"icon ion-ios-telephone\">504-277-3177<\/p>\n\n\n\n<p class=\"icon ion-android-desktop\"><a href=\"https:\/\/fvpsb.org\" target=\"_blank\" rel=\"noreferrer noopener\">www.fvpsb.org<\/a><\/p>\n<\/div><\/div><\/div>\n\n\n\n<h3 class=\"wp-block-heading\"><strong>Crescent House<\/strong><\/h3>\n\n\n\n<p><em>Alojamiento gratis para emergencias. Ubicaci\u00f3n confidencial. Servicios adicionales: ayuda con la salud mental, manejo de casos, ayuda legal.  <\/em><\/p>\n\n\n\n<div style=\"background-color:#f6f6f6;padding-left:4%;padding-right:4%;padding-bottom:4%;padding-top:4%;margin-bottom:5%\" class=\"wp-block-genesis-blocks-gb-container resource-details gb-block-container\"><div class=\"gb-container-inside\"><div class=\"gb-container-content\">\n<p class=\"icon ion-ios-location\">701 Loyola Ave, Suite 201, New Orleans, LA 70113<\/p>\n\n\n\n<p class=\"icon ion-ios-telephone\">504-866-9554 (se habla espa\u00f1ol (504-207-2273, marque 2) | Office: 504-866-7481<\/p>\n<\/div><\/div><\/div>\n","protected":false},"excerpt":{"rendered":"<p>New Orleans Women and Children Center Albergue y comidas sin l\u00edmite en duraci\u00f3n, gratis para mujeres solteras sin hogar que tienen ni\u00f1os, mujeres embarazadas, y familias con padres solteros. Servicios adicionales: manejo de caso, cursos para padres, programa de empleo. Espa\u00f1ol est\u00e1 dispon\u00edble. Hagar\u2019s House Alojamiento transicional de largo plazo para mujeres solteras, ni\u00f1os, transg\u00e9neros, [&hellip;]<\/p>\n","protected":false},"author":9,"featured_media":0,"parent":0,"menu_order":0,"comment_status":"closed","ping_status":"closed","template":"","meta":{"_genesis_hide_title":false,"_genesis_hide_breadcrumbs":false,"_genesis_hide_singular_image":false,"_genesis_hide_footer_widgets":false,"_genesis_custom_body_class":"","_genesis_custom_post_class":"","_genesis_layout":"content-sidebar","footnotes":""},"class_list":{"0":"post-599","1":"page","2":"type-page","3":"status-publish","5":"entry"},"yoast_head":"<!-- This site is optimized with the Yoast SEO plugin v27.5 - https:\/\/yoast.com\/product\/yoast-seo-wordpress\/ -->\n<title>New Orleans<\/title>\n<meta name=\"description\" content=\"Busca m\u00e1s informaci\u00f3n sobre los refugios y recursos de alojamiento disponibles para mujeres en New Orleans.\" \/>\n<meta name=\"robots\" content=\"index, follow, max-snippet:-1, max-image-preview:large, max-video-preview:-1\" \/>\n<link rel=\"canonical\" href=\"https:\/\/geauxhealth.org\/es\/mujeres\/\" \/>\n<meta property=\"og:locale\" content=\"es_ES\" \/>\n<meta property=\"og:type\" content=\"article\" \/>\n<meta property=\"og:title\" content=\"New Orleans\" \/>\n<meta property=\"og:description\" content=\"Busca m\u00e1s informaci\u00f3n sobre los refugios y recursos de alojamiento disponibles para mujeres en New Orleans.\" \/>\n<meta property=\"og:url\" content=\"https:\/\/geauxhealth.org\/es\/mujeres\/\" \/>\n<meta property=\"og:site_name\" content=\"GeauxHealth!\" \/>\n<meta name=\"twitter:card\" content=\"summary_large_image\" \/>\n<meta name=\"twitter:label1\" content=\"Tiempo de lectura\" \/>\n\t<meta name=\"twitter:data1\" content=\"2 minutos\" \/>\n<script type=\"application\/ld+json\" class=\"yoast-schema-graph\">{\"@context\":\"https:\\\/\\\/schema.org\",\"@graph\":[{\"@type\":\"WebPage\",\"@id\":\"https:\\\/\\\/geauxhealth.org\\\/es\\\/mujeres\\\/\",\"url\":\"https:\\\/\\\/geauxhealth.org\\\/es\\\/mujeres\\\/\",\"name\":\"New Orleans\",\"isPartOf\":{\"@id\":\"https:\\\/\\\/geauxhealth.org\\\/#website\"},\"datePublished\":\"2022-06-21T03:02:18+00:00\",\"description\":\"Busca m\u00e1s informaci\u00f3n sobre los refugios y recursos de alojamiento disponibles para mujeres en New Orleans.\",\"breadcrumb\":{\"@id\":\"https:\\\/\\\/geauxhealth.org\\\/es\\\/mujeres\\\/#breadcrumb\"},\"inLanguage\":\"es\",\"potentialAction\":[{\"@type\":\"ReadAction\",\"target\":[\"https:\\\/\\\/geauxhealth.org\\\/es\\\/mujeres\\\/\"]}]},{\"@type\":\"BreadcrumbList\",\"@id\":\"https:\\\/\\\/geauxhealth.org\\\/es\\\/mujeres\\\/#breadcrumb\",\"itemListElement\":[{\"@type\":\"ListItem\",\"position\":1,\"name\":\"Home\",\"item\":\"https:\\\/\\\/geauxhealth.org\\\/es\\\/\"},{\"@type\":\"ListItem\",\"position\":2,\"name\":\"Mujeres\"}]},{\"@type\":\"WebSite\",\"@id\":\"https:\\\/\\\/geauxhealth.org\\\/#website\",\"url\":\"https:\\\/\\\/geauxhealth.org\\\/\",\"name\":\"GeauxHealth\",\"description\":\"Health Resources for the New Orleans Area\",\"potentialAction\":[{\"@type\":\"SearchAction\",\"target\":{\"@type\":\"EntryPoint\",\"urlTemplate\":\"https:\\\/\\\/geauxhealth.org\\\/?s={search_term_string}\"},\"query-input\":{\"@type\":\"PropertyValueSpecification\",\"valueRequired\":true,\"valueName\":\"search_term_string\"}}],\"inLanguage\":\"es\"}]}<\/script>\n<!-- \/ Yoast SEO plugin. -->","yoast_head_json":{"title":"New Orleans","description":"Busca m\u00e1s informaci\u00f3n sobre los refugios y recursos de alojamiento disponibles para mujeres en New Orleans.","robots":{"index":"index","follow":"follow","max-snippet":"max-snippet:-1","max-image-preview":"max-image-preview:large","max-video-preview":"max-video-preview:-1"},"canonical":"https:\/\/geauxhealth.org\/es\/mujeres\/","og_locale":"es_ES","og_type":"article","og_title":"New Orleans","og_description":"Busca m\u00e1s informaci\u00f3n sobre los refugios y recursos de alojamiento disponibles para mujeres en New Orleans.","og_url":"https:\/\/geauxhealth.org\/es\/mujeres\/","og_site_name":"GeauxHealth!","twitter_card":"summary_large_image","twitter_misc":{"Tiempo de lectura":"2 minutos"},"schema":{"@context":"https:\/\/schema.org","@graph":[{"@type":"WebPage","@id":"https:\/\/geauxhealth.org\/es\/mujeres\/","url":"https:\/\/geauxhealth.org\/es\/mujeres\/","name":"New Orleans","isPartOf":{"@id":"https:\/\/geauxhealth.org\/#website"},"datePublished":"2022-06-21T03:02:18+00:00","description":"Busca m\u00e1s informaci\u00f3n sobre los refugios y recursos de alojamiento disponibles para mujeres en New Orleans.","breadcrumb":{"@id":"https:\/\/geauxhealth.org\/es\/mujeres\/#breadcrumb"},"inLanguage":"es","potentialAction":[{"@type":"ReadAction","target":["https:\/\/geauxhealth.org\/es\/mujeres\/"]}]},{"@type":"BreadcrumbList","@id":"https:\/\/geauxhealth.org\/es\/mujeres\/#breadcrumb","itemListElement":[{"@type":"ListItem","position":1,"name":"Home","item":"https:\/\/geauxhealth.org\/es\/"},{"@type":"ListItem","position":2,"name":"Mujeres"}]},{"@type":"WebSite","@id":"https:\/\/geauxhealth.org\/#website","url":"https:\/\/geauxhealth.org\/","name":"GeauxHealth","description":"Health Resources for the New Orleans Area","potentialAction":[{"@type":"SearchAction","target":{"@type":"EntryPoint","urlTemplate":"https:\/\/geauxhealth.org\/?s={search_term_string}"},"query-input":{"@type":"PropertyValueSpecification","valueRequired":true,"valueName":"search_term_string"}}],"inLanguage":"es"}]}},"featured_image_src":null,"featured_image_src_square":null,"_links":{"self":[{"href":"https:\/\/geauxhealth.org\/es\/wp-json\/wp\/v2\/pages\/599","targetHints":{"allow":["GET"]}}],"collection":[{"href":"https:\/\/geauxhealth.org\/es\/wp-json\/wp\/v2\/pages"}],"about":[{"href":"https:\/\/geauxhealth.org\/es\/wp-json\/wp\/v2\/types\/page"}],"author":[{"embeddable":true,"href":"https:\/\/geauxhealth.org\/es\/wp-json\/wp\/v2\/users\/9"}],"replies":[{"embeddable":true,"href":"https:\/\/geauxhealth.org\/es\/wp-json\/wp\/v2\/comments?post=599"}],"version-history":[{"count":0,"href":"https:\/\/geauxhealth.org\/es\/wp-json\/wp\/v2\/pages\/599\/revisions"}],"wp:attachment":[{"href":"https:\/\/geauxhealth.org\/es\/wp-json\/wp\/v2\/media?parent=599"}],"curies":[{"name":"wp","href":"https:\/\/api.w.org\/{rel}","templated":true}]}}