{"id":601,"date":"2022-06-21T03:02:59","date_gmt":"2022-06-21T03:02:59","guid":{"rendered":"https:\/\/geauxhealth.org\/otros\/"},"modified":"2022-06-21T03:02:59","modified_gmt":"2022-06-21T03:02:59","slug":"otros","status":"publish","type":"page","link":"https:\/\/geauxhealth.org\/es\/otros\/","title":{"rendered":"Otros"},"content":{"rendered":"\n<h3 class=\"wp-block-heading\"><strong>New Orleans Low Barrier Shelter<\/strong><\/h3>\n\n\n\n<p><em>24 hora entrada para individuos &gt;18 a\u00f1os de edad, todos g\u00e9neros. Acepta a las mascotas y ofrece taquillas de almacenamiento. Los hu\u00e9spedes pueden entrar\/salir en cualquier momento. Comidas con ambiente comunal para los que quedan por la noche.   &nbsp;<\/em><\/p>\n\n\n\n<div style=\"background-color:#f6f6f6;padding-left:4%;padding-right:4%;padding-bottom:4%;padding-top:4%;margin-bottom:5%\" class=\"wp-block-genesis-blocks-gb-container resource-details gb-block-container\"><div class=\"gb-container-inside\"><div class=\"gb-container-content\">\n<p class=\"icon ion-ios-location\">1530 Gravier St New Orleans, LA<\/p>\n\n\n\n<p class=\"icon ion-ios-telephone\">504-517-1815<\/p>\n<\/div><\/div><\/div>\n\n\n\n<h3 class=\"wp-block-heading\"><strong>Armstrong Family Services<\/strong><\/h3>\n\n\n\n<p><em>Asistencia con viviendas a largo plazo, asistencia con el alquiler\/dep\u00f3sito para familias con ingreso muy bajo en la parroqu\u00eda Orleans. Los clientes no pueden estar embarazada, quedar en vivienda p\u00fablica, o recibir bonos Section 8. Manejo de caso ayuda en casos de desahucio u otras formas de crisis. Todos los casos se manejan por tel\u00e9fono.   <\/em> <em>Horas de oficina lunes-viernes 8AM-5PM<\/em><\/p>\n\n\n\n<div style=\"background-color:#f6f6f6;padding-left:4%;padding-right:4%;padding-bottom:4%;padding-top:4%;margin-bottom:5%\" class=\"wp-block-genesis-blocks-gb-container resource-details gb-block-container\"><div class=\"gb-container-inside\"><div class=\"gb-container-content\">\n<p class=\"icon ion-ios-location\">2658 Ursuline Ave New Orleans, LA 70119<\/p>\n\n\n\n<p class=\"icon ion-ios-telephone\">504-899-2995<\/p>\n<\/div><\/div><\/div>\n\n\n\n<h3 class=\"wp-block-heading\"><strong>National Call Center for Homeless Veterans &#8211; 877-4AID-VET<\/strong><\/h3>\n\n\n\n<p><em>Veteranos sin techo o en peligro de desamparo &#8211; y sus familiares, familias, y amigos &#8211; pueden llamar o entrar un \u201cchat\u201d online con el National Call Center for Homeless Veterans, donde consejeros entrenados est\u00e1n disponibles para hablar confidencialmente 24\/7.<\/em><\/p>\n\n\n\n<div style=\"background-color:#f6f6f6;padding-left:4%;padding-right:4%;padding-bottom:4%;padding-top:4%;margin-bottom:5%\" class=\"wp-block-genesis-blocks-gb-container resource-details gb-block-container\"><div class=\"gb-container-inside\"><div class=\"gb-container-content\">\n<p class=\"icon ion-ios-telephone\">1-877-424-3838<\/p>\n<\/div><\/div><\/div>\n","protected":false},"excerpt":{"rendered":"<p>New Orleans Low Barrier Shelter 24 hora entrada para individuos &gt;18 a\u00f1os de edad, todos g\u00e9neros. Acepta a las mascotas y ofrece taquillas de almacenamiento. Los hu\u00e9spedes pueden entrar\/salir en cualquier momento. Comidas con ambiente comunal para los que quedan por la noche. &nbsp; Armstrong Family Services Asistencia con viviendas a largo plazo, asistencia con [&hellip;]<\/p>\n","protected":false},"author":9,"featured_media":0,"parent":0,"menu_order":0,"comment_status":"closed","ping_status":"closed","template":"","meta":{"_genesis_hide_title":false,"_genesis_hide_breadcrumbs":false,"_genesis_hide_singular_image":false,"_genesis_hide_footer_widgets":false,"_genesis_custom_body_class":"","_genesis_custom_post_class":"","_genesis_layout":"content-sidebar","footnotes":""},"class_list":{"0":"post-601","1":"page","2":"type-page","3":"status-publish","5":"entry"},"yoast_head":"<!-- This site is optimized with the Yoast SEO plugin v27.4 - https:\/\/yoast.com\/product\/yoast-seo-wordpress\/ -->\n<title>New Orleans<\/title>\n<meta name=\"description\" content=\"Refugios y recursos de alojamiento para adultos, veteranos, y alojamiento de bajo ingreso disponible en New Orleans\" \/>\n<meta name=\"robots\" content=\"index, follow, max-snippet:-1, max-image-preview:large, max-video-preview:-1\" \/>\n<link rel=\"canonical\" href=\"https:\/\/geauxhealth.org\/es\/otros\/\" \/>\n<meta property=\"og:locale\" content=\"es_ES\" \/>\n<meta property=\"og:type\" content=\"article\" \/>\n<meta property=\"og:title\" content=\"New Orleans\" \/>\n<meta property=\"og:description\" content=\"Refugios y recursos de alojamiento para adultos, veteranos, y alojamiento de bajo ingreso disponible en New Orleans\" \/>\n<meta property=\"og:url\" content=\"https:\/\/geauxhealth.org\/es\/otros\/\" \/>\n<meta property=\"og:site_name\" content=\"GeauxHealth!\" \/>\n<meta name=\"twitter:card\" content=\"summary_large_image\" \/>\n<meta name=\"twitter:label1\" content=\"Tiempo de lectura\" \/>\n\t<meta name=\"twitter:data1\" content=\"1 minuto\" \/>\n<script type=\"application\/ld+json\" class=\"yoast-schema-graph\">{\"@context\":\"https:\\\/\\\/schema.org\",\"@graph\":[{\"@type\":\"WebPage\",\"@id\":\"https:\\\/\\\/geauxhealth.org\\\/es\\\/otros\\\/\",\"url\":\"https:\\\/\\\/geauxhealth.org\\\/es\\\/otros\\\/\",\"name\":\"New Orleans\",\"isPartOf\":{\"@id\":\"https:\\\/\\\/geauxhealth.org\\\/#website\"},\"datePublished\":\"2022-06-21T03:02:59+00:00\",\"description\":\"Refugios y recursos de alojamiento para adultos, veteranos, y alojamiento de bajo ingreso disponible en New Orleans\",\"breadcrumb\":{\"@id\":\"https:\\\/\\\/geauxhealth.org\\\/es\\\/otros\\\/#breadcrumb\"},\"inLanguage\":\"es\",\"potentialAction\":[{\"@type\":\"ReadAction\",\"target\":[\"https:\\\/\\\/geauxhealth.org\\\/es\\\/otros\\\/\"]}]},{\"@type\":\"BreadcrumbList\",\"@id\":\"https:\\\/\\\/geauxhealth.org\\\/es\\\/otros\\\/#breadcrumb\",\"itemListElement\":[{\"@type\":\"ListItem\",\"position\":1,\"name\":\"Home\",\"item\":\"https:\\\/\\\/geauxhealth.org\\\/es\\\/\"},{\"@type\":\"ListItem\",\"position\":2,\"name\":\"Otros\"}]},{\"@type\":\"WebSite\",\"@id\":\"https:\\\/\\\/geauxhealth.org\\\/#website\",\"url\":\"https:\\\/\\\/geauxhealth.org\\\/\",\"name\":\"GeauxHealth\",\"description\":\"Health Resources for the New Orleans Area\",\"potentialAction\":[{\"@type\":\"SearchAction\",\"target\":{\"@type\":\"EntryPoint\",\"urlTemplate\":\"https:\\\/\\\/geauxhealth.org\\\/?s={search_term_string}\"},\"query-input\":{\"@type\":\"PropertyValueSpecification\",\"valueRequired\":true,\"valueName\":\"search_term_string\"}}],\"inLanguage\":\"es\"}]}<\/script>\n<!-- \/ Yoast SEO plugin. -->","yoast_head_json":{"title":"New Orleans","description":"Refugios y recursos de alojamiento para adultos, veteranos, y alojamiento de bajo ingreso disponible en New Orleans","robots":{"index":"index","follow":"follow","max-snippet":"max-snippet:-1","max-image-preview":"max-image-preview:large","max-video-preview":"max-video-preview:-1"},"canonical":"https:\/\/geauxhealth.org\/es\/otros\/","og_locale":"es_ES","og_type":"article","og_title":"New Orleans","og_description":"Refugios y recursos de alojamiento para adultos, veteranos, y alojamiento de bajo ingreso disponible en New Orleans","og_url":"https:\/\/geauxhealth.org\/es\/otros\/","og_site_name":"GeauxHealth!","twitter_card":"summary_large_image","twitter_misc":{"Tiempo de lectura":"1 minuto"},"schema":{"@context":"https:\/\/schema.org","@graph":[{"@type":"WebPage","@id":"https:\/\/geauxhealth.org\/es\/otros\/","url":"https:\/\/geauxhealth.org\/es\/otros\/","name":"New Orleans","isPartOf":{"@id":"https:\/\/geauxhealth.org\/#website"},"datePublished":"2022-06-21T03:02:59+00:00","description":"Refugios y recursos de alojamiento para adultos, veteranos, y alojamiento de bajo ingreso disponible en New Orleans","breadcrumb":{"@id":"https:\/\/geauxhealth.org\/es\/otros\/#breadcrumb"},"inLanguage":"es","potentialAction":[{"@type":"ReadAction","target":["https:\/\/geauxhealth.org\/es\/otros\/"]}]},{"@type":"BreadcrumbList","@id":"https:\/\/geauxhealth.org\/es\/otros\/#breadcrumb","itemListElement":[{"@type":"ListItem","position":1,"name":"Home","item":"https:\/\/geauxhealth.org\/es\/"},{"@type":"ListItem","position":2,"name":"Otros"}]},{"@type":"WebSite","@id":"https:\/\/geauxhealth.org\/#website","url":"https:\/\/geauxhealth.org\/","name":"GeauxHealth","description":"Health Resources for the New Orleans Area","potentialAction":[{"@type":"SearchAction","target":{"@type":"EntryPoint","urlTemplate":"https:\/\/geauxhealth.org\/?s={search_term_string}"},"query-input":{"@type":"PropertyValueSpecification","valueRequired":true,"valueName":"search_term_string"}}],"inLanguage":"es"}]}},"featured_image_src":null,"featured_image_src_square":null,"_links":{"self":[{"href":"https:\/\/geauxhealth.org\/es\/wp-json\/wp\/v2\/pages\/601","targetHints":{"allow":["GET"]}}],"collection":[{"href":"https:\/\/geauxhealth.org\/es\/wp-json\/wp\/v2\/pages"}],"about":[{"href":"https:\/\/geauxhealth.org\/es\/wp-json\/wp\/v2\/types\/page"}],"author":[{"embeddable":true,"href":"https:\/\/geauxhealth.org\/es\/wp-json\/wp\/v2\/users\/9"}],"replies":[{"embeddable":true,"href":"https:\/\/geauxhealth.org\/es\/wp-json\/wp\/v2\/comments?post=601"}],"version-history":[{"count":0,"href":"https:\/\/geauxhealth.org\/es\/wp-json\/wp\/v2\/pages\/601\/revisions"}],"wp:attachment":[{"href":"https:\/\/geauxhealth.org\/es\/wp-json\/wp\/v2\/media?parent=601"}],"curies":[{"name":"wp","href":"https:\/\/api.w.org\/{rel}","templated":true}]}}