{"id":603,"date":"2022-06-22T11:01:02","date_gmt":"2022-06-22T11:01:02","guid":{"rendered":"https:\/\/geauxhealth.org\/todos-edades\/"},"modified":"2022-06-22T11:01:02","modified_gmt":"2022-06-22T11:01:02","slug":"todos-edades","status":"publish","type":"page","link":"https:\/\/geauxhealth.org\/es\/recursos\/salud-mental\/todos-edades\/","title":{"rendered":"Todos edades"},"content":{"rendered":"\n<h3 class=\"wp-block-heading\"><strong>Suicide Prevention Hotline<\/strong> <\/h3>\n\n\n\n<p><em>Elige \u201c1\u201d si eres un veterano para la l\u00ednea de ayuda (Veteran\u2019s Crisis Line) o mande un texto a \u2018838255\u2019.<\/em><\/p>\n\n\n\n<p><em>Los que son sordos o quien tiene dificultades auditivas pueden usar un servicio de rel\u00e9 preferido o llamar al 711.<\/em><\/p>\n\n\n\n<div style=\"background-color:#f6f6f6;padding-left:4%;padding-right:4%;padding-bottom:4%;padding-top:4%;margin-bottom:5%\" class=\"wp-block-genesis-blocks-gb-container resource-details gb-block-container\"><div class=\"gb-container-inside\"><div class=\"gb-container-content\">\n<p class=\"icon ion-ios-telephone\">1-800-273-8255 (ingl\u00e9s)<\/p>\n\n\n\n<hr class=\"wp-block-separator has-text-color has-alpha-channel-opacity has-background is-style-wide\" style=\"background-color:#d4d4d4;color:#d4d4d4\">\n\n\n\n<p class=\"icon ion-ios-telephone\">1-888-628-9454 (espa\u00f1ol)<\/p>\n\n\n\n<hr class=\"wp-block-separator has-text-color has-alpha-channel-opacity has-background is-style-wide\" style=\"background-color:#d4d4d4;color:#d4d4d4\">\n\n\n\n<p class=\"icon ion-android-desktop\"><a href=\"http:\/\/www.suicidepreventionlifeline.org\">www.suicidepreventionlifeline.org<\/a><\/p>\n<\/div><\/div><\/div>\n\n\n\n<h3 class=\"wp-block-heading\"><strong>SAMHSA Hotline<\/strong> <\/h3>\n\n\n\n<p><em>Servicios para abuso de drogas\/alcohol y para la salud mental. Terapias y referencias gratis y confidenciales, informaci\u00f3n para individuos y familias enfrentando a trastornos de salud mental o abuso de sustancias. Se habla espa\u00f1ol, y hay servicios en espa\u00f1ol disponibles.<\/em><\/p>\n\n\n\n<div style=\"background-color:#f6f6f6;padding-left:4%;padding-right:4%;padding-bottom:4%;padding-top:4%;margin-bottom:5%\" class=\"wp-block-genesis-blocks-gb-container resource-details gb-block-container\"><div class=\"gb-container-inside\"><div class=\"gb-container-content\">\n<p class=\"icon ion-ios-telephone\">1-800-662-HELP (4357)<\/p>\n\n\n\n<p class=\"icon ion-android-desktop\"><a href=\"https:\/\/www.samhsa.gov\/find-help\/national-helpline\">https:\/\/www.samhsa.gov\/find-help\/national-helpline<\/a><\/p>\n<\/div><\/div><\/div>\n\n\n\n<h3 class=\"wp-block-heading\">Crescent Care<\/h3>\n\n\n\n<p>Cl\u00ednica con servicios de atenci\u00f3n primaria, pediatr\u00eda, salud mental, odontolog\u00eda, salud de la mujer, atenci\u00f3n para al VIH y la hepatitis C, atenci\u00f3n preventiva, salud de los transexuales, ayuda legal, y seguro m\u00e9dico. Ofrece servicios a los que no tengan seguro m\u00e9dico o que tengan seguro m\u00e9dico insuficiente, Medicaid, o seguro privado. Se habla espa\u00f1ol (504-207-2273, marque 2)<\/p>\n\n\n\n<div style=\"background-color:#f6f6f6;padding-left:4%;padding-right:4%;padding-bottom:4%;padding-top:4%;margin-bottom:5%\" class=\"wp-block-genesis-blocks-gb-container resource-details gb-block-container\"><div class=\"gb-container-inside\"><div class=\"gb-container-content\">\n<p class=\"icon ion-ios-location\">1631 Elysian Fields, New Orleans, LA 70117 Tele: (504) 821-2601<\/p>\n\n\n\n<p class=\"icon ion-ios-telephone\">504-207-2273<\/p>\n\n\n\n<hr class=\"wp-block-separator has-text-color has-alpha-channel-opacity has-background is-style-wide\" style=\"background-color:#d4d4d4;color:#d4d4d4\">\n\n\n\n<p class=\"icon ion-ios-location\">3308 Tulane Ave, New Orleans, LA 70119<\/p>\n\n\n\n<p class=\"icon ion-ios-telephone\">504-821-2601<\/p>\n\n\n\n<hr class=\"wp-block-separator has-text-color has-alpha-channel-opacity has-background is-style-wide\" style=\"background-color:#d4d4d4;color:#d4d4d4\">\n\n\n\n<p class=\"icon ion-android-desktop\"><a href=\"http:\/\/crescentcarehealth.org\/\">Crescentcarehealth.org<\/a><\/p>\n<\/div><\/div><\/div>\n\n\n\n<h3 class=\"wp-block-heading\"><strong>New Orleans Family Justice Center<\/strong><\/h3>\n\n\n\n<p><em>Requieren citas (no acepta pacientes sin cita previa). Servicios disponibles a todos quien ha sido afectado o tiene experiencia con trauma, incluso violencia de armas, violencia dom\u00e9stica, violencia sexual, acecho, abuso de ni\u00f1os, o tr\u00e1fico de personas. Los servicios son gratis y est\u00e1n disponibles en ingl\u00e9s o espa\u00f1ol. Los servicios incluyen ayuda en crisis, defensa y manejo de casos, ayuda legal, terapia, actividades de recuperaci\u00f3n, ayuda por j\u00f3venes y adolescentes, y una Cl\u00ednica Esperanza.   <\/em><\/p>\n\n\n\n<div style=\"background-color:#f6f6f6;padding-left:4%;padding-right:4%;padding-bottom:4%;padding-top:4%;margin-bottom:5%\" class=\"wp-block-genesis-blocks-gb-container resource-details gb-block-container\"><div class=\"gb-container-inside\"><div class=\"gb-container-content\">\n<p class=\"icon ion-ios-location\">701 Loyola Ave #201 New Orleans, LA 70113&nbsp;<\/p>\n\n\n\n<p class=\"icon ion-ios-telephone\">504-592-4005 | <strong>l\u00ednea de cr\u00edsis 24 horas:<\/strong> 504-866-9554<\/p>\n\n\n\n<p class=\"icon ion-android-desktop\"><a href=\"https:\/\/nofjc.org\">nofjc.org<\/a><\/p>\n<\/div><\/div><\/div>\n\n\n\n<h3 class=\"wp-block-heading\"><strong>Metropolitan Human Services District<\/strong><\/h3>\n\n\n\n<p><em><strong>Servicios para discapacidades intelectuales\/desarrollo:<\/strong> gastos de subsistencia, descanso, centros, apoyo behavioral, servicios psychiatricos, cr\u00edsis<\/em><\/p>\n\n\n\n<p><em><strong>Ni\u00f1os\/Jovenes:<\/strong> infancia temprana, servicios psychiatricos, abuso de sustancias\/salud mental, evaluaciones diagn\u00f3sticas, intervenciones psychosociales, prevenci\u00f3n escolar.<\/em><\/p>\n\n\n\n<p><em><strong>Apoyo:<\/strong> capacitaci\u00f3n profesional y contratos, alojamiento, materiales m\u00e9dicos, transportaci\u00f3n<\/em><\/p>\n\n\n\n<p><em><strong>Misi\u00f3n:<\/strong> asegurar apoyos y servicios basados en las personas est\u00e1n dispon\u00edbles y est\u00e1n ofrecidos a indiv\u00edduos eligibles con enfermedades mentales, trastornos de adicci\u00f3n, discapacidades intelectuales\/desarrollos en las parroquias de Orleans, Plaquemines, y St. Bernard.<\/em><\/p>\n\n\n\n<p><em>Lunes-Viernes 8:00AM-4:30PM<\/em><\/p>\n\n\n\n<div style=\"background-color:#f6f6f6;padding-left:4%;padding-right:4%;padding-bottom:4%;padding-top:4%;margin-bottom:5%\" class=\"wp-block-genesis-blocks-gb-container resource-details gb-block-container\"><div class=\"gb-container-inside\"><div class=\"gb-container-content\">\n<p class=\"icon ion-ios-location\">3100 General De Gaulle Drive, New Orleans, LA 70114<\/p>\n\n\n\n<p class=\"icon ion-ios-telephone\">504-568-3130 | L\u00ednea de cr\u00edsis: 504-826-2675<\/p>\n\n\n\n<p class=\"icon ion-android-desktop\"><a href=\"https:\/\/www.mhsdla.org\">https:\/\/www.mhsdla.org\/<\/a><\/p>\n<\/div><\/div><\/div>\n\n\n\n<h3 class=\"wp-block-heading\"><strong>Jefferson Parish Human Services Authority Metairie, East Jefferson<\/strong><\/h3>\n\n\n\n<p><em>Ofrece servicios comunitarios de salud de comportamiento, JeffCare Community centro de salud, y servicios para los con discapacidades de desarrollo.<\/em><\/p>\n\n\n\n<div style=\"background-color:#f6f6f6;padding-left:4%;padding-right:4%;padding-bottom:4%;padding-top:4%;margin-bottom:5%\" class=\"wp-block-genesis-blocks-gb-container resource-details gb-block-container\"><div class=\"gb-container-inside\"><div class=\"gb-container-content\">\n<p class=\"icon ion-ios-location\">3616 S I-10 Service Rd W Suite 100, Metairie, LA 70001<\/p>\n\n\n\n<p class=\"icon ion-ios-telephone\">504-838-5215<\/p>\n\n\n\n<p class=\"icon ion-android-desktop\"><a href=\"https:\/\/www.jphsa.org\">www.jphsa.org<\/a><\/p>\n<\/div><\/div><\/div>\n\n\n\n<h3 class=\"wp-block-heading\"><strong>Covenant House<\/strong><\/h3>\n\n\n\n<p><em>Ofrece terapia, apoyo, y recursos necesarios para que j\u00f3venes crezcan a ser miembros de la sociedad independientes y productivos. Los servicios incluyen alojamiento, comidas, ropas, evaluaciones profesionales\/de la salud de comportamiento\/para abuso de sustancias. Aconsejo profesional, manejo de caso, ayuda con viviendas, ayuda financiera, educaci\u00f3n. <\/em><\/p>\n\n\n\n<div style=\"background-color:#f6f6f6;padding-left:4%;padding-right:4%;padding-bottom:4%;padding-top:4%;margin-bottom:5%\" class=\"wp-block-genesis-blocks-gb-container resource-details gb-block-container\"><div class=\"gb-container-inside\"><div class=\"gb-container-content\">\n<p class=\"icon ion-ios-location\">611 North Rampart St New Orleans, LA 70112&nbsp;<\/p>\n\n\n\n<p class=\"icon ion-ios-telephone\">504-584-1111<\/p>\n\n\n\n<p class=\"icon ion-android-desktop\"><a href=\"https:\/\/www.covenanthousenola.org\/\">covenanthousenola.org<\/a><\/p>\n<\/div><\/div><\/div>\n\n\n\n<h3 class=\"wp-block-heading\"><strong>Tulane- Fourth Trimester &amp; Beyond Clinic<\/strong><\/h3>\n\n\n\n<p><em>Ofrece evaluaciones comprehensivas y terapia para trastornos de humor perinatal y ansiedad para mujeres de todos partes de la experiencia periparto. Incluye atenci\u00f3n a las s\u00edntomas del humor y la ansiedad sobre fertilidad e infertilidad, embarazo, y posparto. Los servicios incluyen manejo de medicamentos, terapia en grupos o individualmente en casa o en la oficina.&nbsp; La meta de la cl\u00ednica es diagnosticar y tratar los trastornos perinatales de humor y ansiedad.<\/em><\/p>\n\n\n\n<div style=\"background-color:#f6f6f6;padding-left:4%;padding-right:4%;padding-bottom:4%;padding-top:4%;margin-bottom:5%\" class=\"wp-block-genesis-blocks-gb-container resource-details gb-block-container\"><div class=\"gb-container-inside\"><div class=\"gb-container-content\">\n<p class=\"icon ion-ios-location\">4000 Bienville Street, Suite G, New Orleans, LA 70119<\/p>\n\n\n\n<p class=\"icon ion-ios-telephone\">504-988-0301<\/p>\n\n\n\n<p class=\"icon ion-android-desktop\"><a href=\"https:\/\/medicine.tulane.edu\/tulane-doctors\/behavioral-health\/mid-city-clinic\">https:\/\/medicine.tulane.edu\/tulane-doctors\/behavioral-health\/mid-city-clinic<\/a> <\/p>\n<\/div><\/div><\/div>\n\n\n\n<h3 class=\"wp-block-heading\"><strong>Center for Hope Child &amp; Family Services<\/strong><\/h3>\n\n\n\n<p><em>El Centro de Esperanza Servicios de Ni\u00f1os y Familias (Center for Hope Child and Family Services) es un centro ambulatorio de salud de comportamiento que trata a pacientes con enfermedades mentales y ofrece una variedad de servicios de salud mental para la comunidad.<\/em><\/p>\n\n\n\n<div style=\"background-color:#f6f6f6;padding-left:4%;padding-right:4%;padding-bottom:4%;padding-top:4%;margin-bottom:5%\" class=\"wp-block-genesis-blocks-gb-container resource-details gb-block-container\"><div class=\"gb-container-inside\"><div class=\"gb-container-content\">\n<p class=\"icon ion-ios-location\">5630 Crowder Blvd, Suite 208, New Orleans, LA 70127<\/p>\n\n\n\n<p class=\"icon ion-ios-telephone\">504-241-6006<\/p>\n\n\n\n<p class=\"icon ion-android-desktop\"><a href=\"http:\/\/centerforhopeservices.com\">centerforhopeservices.com<\/a><\/p>\n<\/div><\/div><\/div>\n\n\n\n<h3 class=\"wp-block-heading\"><strong>Volunteers of America<\/strong><\/h3>\n\n\n\n<p><em>Servicios de apoyo para ayudar a la gente con enfermedades mentales cr\u00f3nicos o graves y trastornos concurrentes, junto con individuos con discapacidades intelectuales o de desarrollo, para que vivan vidas independientes y significativas. Ofrece servicios de apoyo para la salud de comportamiento para individuos con enfermedades mentales y los que viven con trastornos intelectuales o de desarrollo. Servicios incluyen: coordinaci\u00f3n de cuidado intensivo, alcance a las personas sin hogar, terapias para trastornos concurrentes, terapia ambulatoria para ni\u00f1os y adultos, intervenciones de respuesta a crisis, servicios residenciales para individuos con trastornos intelectuales, vida independiente apoyada para ancianos e individuos con discapacidades, y viviendas asequibles.<\/em><\/p>\n\n\n\n<div style=\"background-color:#f6f6f6;padding-left:4%;padding-right:4%;padding-bottom:4%;padding-top:4%;margin-bottom:5%\" class=\"wp-block-genesis-blocks-gb-container resource-details gb-block-container\"><div class=\"gb-container-inside\"><div class=\"gb-container-content\">\n<p class=\"icon ion-ios-location\">4152 Canal Street, New Orleans, LA 70119<\/p>\n\n\n\n<p class=\"icon ion-ios-telephone\">504-482-2130<\/p>\n<\/div><\/div><\/div>\n\n\n\n<h3 class=\"wp-block-heading\"><strong>The Guidance Center<\/strong><\/h3>\n\n\n\n<p><em>Agencia para salud mental ambulatoria y terapia<\/em><\/p>\n\n\n\n<div style=\"background-color:#f6f6f6;padding-left:4%;padding-right:4%;padding-bottom:4%;padding-top:4%;margin-bottom:5%\" class=\"wp-block-genesis-blocks-gb-container resource-details gb-block-container\"><div class=\"gb-container-inside\"><div class=\"gb-container-content\">\n<p class=\"icon ion-ios-location\">330 Norman C Francis Pkwy, New Orleans, LA 70119<\/p>\n\n\n\n<p class=\"icon ion-ios-telephone\">504-948-6880<\/p>\n<\/div><\/div><\/div>\n\n\n\n<h3 class=\"wp-block-heading\"><strong>Shared Hearts Mental Health Services<\/strong><\/h3>\n\n\n\n<p><em>Servicios para salud mental para ni\u00f1os, adolescentes, y adultos que pueden tener dificultades de salud mental incluyendo pero sin limitarse a: trastornos de la atenci\u00f3n\/una hiperactividad (ADD\/ADHD), depresi\u00f3n, trastorno bipolar, depresi\u00f3n man\u00edaca, esquizofrenia, y trastornos del estr\u00e9s\/las emociones.<\/em><\/p>\n\n\n\n<div style=\"background-color:#f6f6f6;padding-left:4%;padding-right:4%;padding-bottom:4%;padding-top:4%;margin-bottom:5%\" class=\"wp-block-genesis-blocks-gb-container resource-details gb-block-container\"><div class=\"gb-container-inside\"><div class=\"gb-container-content\">\n<p class=\"icon ion-ios-location\">4480 Gen DeGaulle, Suite 206, New Orleans, LA 70131<\/p>\n\n\n\n<p class=\"icon ion-ios-telephone\">504-758-3114<\/p>\n\n\n\n<p class=\"icon ion-android-desktop\"><a href=\"https:\/\/sharedheartsmhs.com\" target=\"_blank\" rel=\"noreferrer noopener\">https:\/\/sharedheartsmhs.com<\/a><\/p>\n<\/div><\/div><\/div>\n","protected":false},"excerpt":{"rendered":"<p>Suicide Prevention Hotline Elige \u201c1\u201d si eres un veterano para la l\u00ednea de ayuda (Veteran\u2019s Crisis Line) o mande un texto a \u2018838255\u2019. Los que son sordos o quien tiene dificultades auditivas pueden usar un servicio de rel\u00e9 preferido o llamar al 711. SAMHSA Hotline Servicios para abuso de drogas\/alcohol y para la salud mental. [&hellip;]<\/p>\n","protected":false},"author":9,"featured_media":0,"parent":622,"menu_order":0,"comment_status":"closed","ping_status":"closed","template":"","meta":{"_genesis_hide_title":false,"_genesis_hide_breadcrumbs":false,"_genesis_hide_singular_image":false,"_genesis_hide_footer_widgets":false,"_genesis_custom_body_class":"","_genesis_custom_post_class":"","_genesis_layout":"content-sidebar","footnotes":""},"class_list":{"0":"post-603","1":"page","2":"type-page","3":"status-publish","5":"entry"},"yoast_head":"<!-- This site is optimized with the Yoast SEO plugin v27.5 - https:\/\/yoast.com\/product\/yoast-seo-wordpress\/ -->\n<title>New Orleans<\/title>\n<meta name=\"description\" content=\"Atenci\u00f3n especializada de la salud mental est\u00e1 disponible para una variedad de necesidades por todos edades, incluyendo servicios que atienden a la familia.\" \/>\n<meta name=\"robots\" content=\"index, follow, max-snippet:-1, max-image-preview:large, max-video-preview:-1\" \/>\n<link rel=\"canonical\" href=\"https:\/\/geauxhealth.org\/es\/todos-edades\/\" \/>\n<meta property=\"og:locale\" content=\"es_ES\" \/>\n<meta property=\"og:type\" content=\"article\" \/>\n<meta property=\"og:title\" content=\"New Orleans\" \/>\n<meta property=\"og:description\" content=\"Atenci\u00f3n especializada de la salud mental est\u00e1 disponible para una variedad de necesidades por todos edades, incluyendo servicios que atienden a la familia.\" \/>\n<meta property=\"og:url\" content=\"https:\/\/geauxhealth.org\/es\/todos-edades\/\" \/>\n<meta property=\"og:site_name\" content=\"GeauxHealth!\" \/>\n<meta name=\"twitter:card\" content=\"summary_large_image\" \/>\n<meta name=\"twitter:label1\" content=\"Tiempo de lectura\" \/>\n\t<meta name=\"twitter:data1\" content=\"4 minutos\" \/>\n<script type=\"application\/ld+json\" class=\"yoast-schema-graph\">{\"@context\":\"https:\\\/\\\/schema.org\",\"@graph\":[{\"@type\":\"WebPage\",\"@id\":\"https:\\\/\\\/geauxhealth.org\\\/es\\\/todos-edades\\\/\",\"url\":\"https:\\\/\\\/geauxhealth.org\\\/es\\\/todos-edades\\\/\",\"name\":\"New Orleans\",\"isPartOf\":{\"@id\":\"https:\\\/\\\/geauxhealth.org\\\/#website\"},\"datePublished\":\"2022-06-22T11:01:02+00:00\",\"description\":\"Atenci\u00f3n especializada de la salud mental est\u00e1 disponible para una variedad de necesidades por todos edades, incluyendo servicios que atienden a la familia.\",\"breadcrumb\":{\"@id\":\"https:\\\/\\\/geauxhealth.org\\\/es\\\/todos-edades\\\/#breadcrumb\"},\"inLanguage\":\"es\",\"potentialAction\":[{\"@type\":\"ReadAction\",\"target\":[\"https:\\\/\\\/geauxhealth.org\\\/es\\\/todos-edades\\\/\"]}]},{\"@type\":\"BreadcrumbList\",\"@id\":\"https:\\\/\\\/geauxhealth.org\\\/es\\\/todos-edades\\\/#breadcrumb\",\"itemListElement\":[{\"@type\":\"ListItem\",\"position\":1,\"name\":\"Home\",\"item\":\"https:\\\/\\\/geauxhealth.org\\\/es\\\/\"},{\"@type\":\"ListItem\",\"position\":2,\"name\":\"Todos edades\"}]},{\"@type\":\"WebSite\",\"@id\":\"https:\\\/\\\/geauxhealth.org\\\/#website\",\"url\":\"https:\\\/\\\/geauxhealth.org\\\/\",\"name\":\"GeauxHealth\",\"description\":\"Health Resources for the New Orleans Area\",\"potentialAction\":[{\"@type\":\"SearchAction\",\"target\":{\"@type\":\"EntryPoint\",\"urlTemplate\":\"https:\\\/\\\/geauxhealth.org\\\/?s={search_term_string}\"},\"query-input\":{\"@type\":\"PropertyValueSpecification\",\"valueRequired\":true,\"valueName\":\"search_term_string\"}}],\"inLanguage\":\"es\"}]}<\/script>\n<!-- \/ Yoast SEO plugin. -->","yoast_head_json":{"title":"New Orleans","description":"Atenci\u00f3n especializada de la salud mental est\u00e1 disponible para una variedad de necesidades por todos edades, incluyendo servicios que atienden a la familia.","robots":{"index":"index","follow":"follow","max-snippet":"max-snippet:-1","max-image-preview":"max-image-preview:large","max-video-preview":"max-video-preview:-1"},"canonical":"https:\/\/geauxhealth.org\/es\/todos-edades\/","og_locale":"es_ES","og_type":"article","og_title":"New Orleans","og_description":"Atenci\u00f3n especializada de la salud mental est\u00e1 disponible para una variedad de necesidades por todos edades, incluyendo servicios que atienden a la familia.","og_url":"https:\/\/geauxhealth.org\/es\/todos-edades\/","og_site_name":"GeauxHealth!","twitter_card":"summary_large_image","twitter_misc":{"Tiempo de lectura":"4 minutos"},"schema":{"@context":"https:\/\/schema.org","@graph":[{"@type":"WebPage","@id":"https:\/\/geauxhealth.org\/es\/todos-edades\/","url":"https:\/\/geauxhealth.org\/es\/todos-edades\/","name":"New Orleans","isPartOf":{"@id":"https:\/\/geauxhealth.org\/#website"},"datePublished":"2022-06-22T11:01:02+00:00","description":"Atenci\u00f3n especializada de la salud mental est\u00e1 disponible para una variedad de necesidades por todos edades, incluyendo servicios que atienden a la familia.","breadcrumb":{"@id":"https:\/\/geauxhealth.org\/es\/todos-edades\/#breadcrumb"},"inLanguage":"es","potentialAction":[{"@type":"ReadAction","target":["https:\/\/geauxhealth.org\/es\/todos-edades\/"]}]},{"@type":"BreadcrumbList","@id":"https:\/\/geauxhealth.org\/es\/todos-edades\/#breadcrumb","itemListElement":[{"@type":"ListItem","position":1,"name":"Home","item":"https:\/\/geauxhealth.org\/es\/"},{"@type":"ListItem","position":2,"name":"Todos edades"}]},{"@type":"WebSite","@id":"https:\/\/geauxhealth.org\/#website","url":"https:\/\/geauxhealth.org\/","name":"GeauxHealth","description":"Health Resources for the New Orleans Area","potentialAction":[{"@type":"SearchAction","target":{"@type":"EntryPoint","urlTemplate":"https:\/\/geauxhealth.org\/?s={search_term_string}"},"query-input":{"@type":"PropertyValueSpecification","valueRequired":true,"valueName":"search_term_string"}}],"inLanguage":"es"}]}},"featured_image_src":null,"featured_image_src_square":null,"_links":{"self":[{"href":"https:\/\/geauxhealth.org\/es\/wp-json\/wp\/v2\/pages\/603","targetHints":{"allow":["GET"]}}],"collection":[{"href":"https:\/\/geauxhealth.org\/es\/wp-json\/wp\/v2\/pages"}],"about":[{"href":"https:\/\/geauxhealth.org\/es\/wp-json\/wp\/v2\/types\/page"}],"author":[{"embeddable":true,"href":"https:\/\/geauxhealth.org\/es\/wp-json\/wp\/v2\/users\/9"}],"replies":[{"embeddable":true,"href":"https:\/\/geauxhealth.org\/es\/wp-json\/wp\/v2\/comments?post=603"}],"version-history":[{"count":0,"href":"https:\/\/geauxhealth.org\/es\/wp-json\/wp\/v2\/pages\/603\/revisions"}],"up":[{"embeddable":true,"href":"https:\/\/geauxhealth.org\/es\/wp-json\/wp\/v2\/pages\/622"}],"wp:attachment":[{"href":"https:\/\/geauxhealth.org\/es\/wp-json\/wp\/v2\/media?parent=603"}],"curies":[{"name":"wp","href":"https:\/\/api.w.org\/{rel}","templated":true}]}}