{"id":604,"date":"2022-06-22T12:48:24","date_gmt":"2022-06-22T12:48:24","guid":{"rendered":"https:\/\/geauxhealth.org\/adultos-2\/"},"modified":"2022-06-22T12:48:24","modified_gmt":"2022-06-22T12:48:24","slug":"adultos-2","status":"publish","type":"page","link":"https:\/\/geauxhealth.org\/es\/recursos\/salud-mental\/adultos-2\/","title":{"rendered":"Adultos"},"content":{"rendered":"\n<h3 class=\"wp-block-heading\"><strong>504 Health Net&nbsp;<\/strong><\/h3>\n\n\n\n<p><em>Organizaci\u00f3n que ayuda a la localizaci\u00f3n de servicios de atenci\u00f3n primaria que son accesibles y convenientes. Aceptan a todos los pacientes independientemente de su estado de inmigraci\u00f3n. Todas las cl\u00ednicas tienen int\u00e9rpretes o l\u00edneas de lengua disponibles.   <\/em><\/p>\n\n\n\n<div style=\"background-color:#f6f6f6;padding-left:4%;padding-right:4%;padding-bottom:4%;padding-top:4%;margin-bottom:5%\" class=\"wp-block-genesis-blocks-gb-container resource-details gb-block-container\"><div class=\"gb-container-inside\"><div class=\"gb-container-content\">\n<p class=\"icon ion-ios-telephone\">(504) 206-6275&nbsp;| (504) 507-5112<\/p>\n\n\n\n<p class=\"icon ion-android-desktop\"><a href=\"https:\/\/504healthnet.org\/#\/\">504healthnet.org<\/a>&nbsp;<\/p>\n<\/div><\/div><\/div>\n\n\n\n<h3 class=\"wp-block-heading\"><strong>NAMI-New Orleans<\/strong><\/h3>\n\n\n\n<p><em>Ofrece apoyo de salud mental gratis, grupos virtuales, recursos y educaci\u00f3n a los residentes de Orleans, Jefferson, St. Bernard, y Plaquemines parroquias. Servicios incluyen unos para los queridos de los que tengan enfermedades mentales a trav\u00e9s del apoyo de la familia, la educaci\u00f3n, la defensa, y servicios psicosociales de calidad.<\/em><\/p>\n\n\n\n<div style=\"background-color:#f6f6f6;padding-left:4%;padding-right:4%;padding-bottom:4%;padding-top:4%;margin-bottom:5%\" class=\"wp-block-genesis-blocks-gb-container resource-details gb-block-container\"><div class=\"gb-container-inside\"><div class=\"gb-container-content\">\n<p class=\"icon ion-ios-location\"><strong>New Orleans-<\/strong> 1538 Louisiana Ave, New Orleans, LA 70115<\/p>\n\n\n\n<p class=\"icon ion-ios-telephone\">504-896-2345<\/p>\n\n\n\n<p class=\"icon ion-email\"><a href=\"mailto:namino@namineworleans.org\">namino@namineworleans.org<\/a><\/p>\n\n\n\n<hr class=\"wp-block-separator has-text-color has-alpha-channel-opacity has-background is-style-wide\" style=\"background-color:#d4d4d4;color:#d4d4d4\">\n\n\n\n<p class=\"icon ion-ios-location\"><strong>West Bank-<\/strong> 2051 8<sup>th<\/sup> Street, Harvey, LA 70058<\/p>\n\n\n\n<p class=\"icon ion-ios-telephone\">504-368-1944<\/p>\n\n\n\n<p class=\"icon ion-email\"><a href=\"mailto:westbank@namineworleans.org\" target=\"_blank\" rel=\"noreferrer noopener\">westbank@namineworleans.org<\/a><\/p>\n<\/div><\/div><\/div>\n\n\n\n<h3 class=\"wp-block-heading\"><strong>.<\/strong><\/h3>\n\n\n\n<p><em>Centro cat\u00f3lico para la comunidad con una cl\u00ednica m\u00e9dica (los martes, mi\u00e9rcoles, y viernes, 10AM-1PM) y servicios psiqui\u00e1tricos (los martes y viernes, 10AM-12PM). Tambi\u00e9n ofrece almuerzos, duchas, art\u00edculos de aseo, servicios\/ba\u00f1os, cortes de pelo, correos, tel\u00e9fonos, acceso a computadores, asistencia financiera, comestibles, banco de alimentos frescos, y servicios legales.<\/em><\/p>\n\n\n\n<div style=\"background-color:#f6f6f6;padding-left:4%;padding-right:4%;padding-bottom:4%;padding-top:4%;margin-bottom:5%\" class=\"wp-block-genesis-blocks-gb-container resource-details gb-block-container\"><div class=\"gb-container-inside\"><div class=\"gb-container-content\">\n<p class=\"icon ion-ios-location\">1802 Tulane Ave. New Orleans, LA&nbsp;70112<\/p>\n\n\n\n<p class=\"icon ion-ios-telephone\">504-522-3186<\/p>\n\n\n\n<p class=\"icon ion-android-desktop\"><a href=\"https:\/\/www.stjosephchurch-no.org\/st-joseph-rebuild-center\/\">http:\/\/www.stjosephchurch-no.org\/st-joseph-rebuild-center\/<\/a><\/p>\n<\/div><\/div><\/div>\n\n\n\n<h3 class=\"wp-block-heading\">Chartes-Pontchartrain Behavioral Health Center&nbsp;<\/h3>\n\n\n\n<p><em>Ofrece servicios ambulatorios y coordinaci\u00f3n de medicamentos para adultos con enfermedades mentales graves como terapia de crisis, terapia general, tratamiento para el abuso de substancias\/la salud mental, evaluaciones psiqui\u00e1tricas, medicamentos, servicios\/asistencia social, pruebas de drogas, y pruebas de VIH\/SIDA, ETS, o tuberculosis. Servicios para la poblaci\u00f3n hisp\u00e1nica est\u00e1n disponibles a todos los residentes hispanos de la parroqu\u00eda Orleans (sin importar su cuenca). Ofrece evaluaciones\/triajes de crisis en persona e intervenci\u00f3n en crisis.<\/em><\/p>\n\n\n\n<div style=\"background-color:#f6f6f6;padding-left:4%;padding-right:4%;padding-bottom:4%;padding-top:4%;margin-bottom:5%\" class=\"wp-block-genesis-blocks-gb-container resource-details gb-block-container\"><div class=\"gb-container-inside\"><div class=\"gb-container-content\">\n<p class=\"icon ion-ios-location\">719 Elysian Fields Ave, New Orleans, LA 70117<\/p>\n\n\n\n<p class=\"icon ion-ios-telephone\">504-942-8326<\/p>\n<\/div><\/div><\/div>\n\n\n\n<h3 class=\"wp-block-heading\"><strong>HOP Clinic<\/strong><\/h3>\n\n\n\n<p><em>El VIH Programa Ambulatorio sirve como un hogar m\u00e9dico para pacientes con VIH\/SIDA. Los servicios incluyen ayuda social, servicios de salud de comportamiento, atenci\u00f3n dental, educaci\u00f3n de salud y alimentaci\u00f3n, servicios laboratorios, y asistencia con medicamentos. Servicios especiales incluyen: atenci\u00f3n de salud femenina, servicios oncol\u00f3gicos, y el manejo del dolor, diabetes, y pulmones.<\/em><\/p>\n\n\n\n<div style=\"background-color:#f6f6f6;padding-left:4%;padding-right:4%;padding-bottom:4%;padding-top:4%;margin-bottom:5%\" class=\"wp-block-genesis-blocks-gb-container resource-details gb-block-container\"><div class=\"gb-container-inside\"><div class=\"gb-container-content\">\n<p class=\"icon ion-ios-location\"> 2000 Canal St, Ambulatory Care Building, 4th Floor, New Orleans, LA 70112<\/p>\n\n\n\n<p class=\"icon ion-ios-telephone\">504-702-4344<\/p>\n\n\n\n<p class=\"icon ion-android-desktop\"><a href=\"https:\/\/www.lcmchealth.org\/university-medical-center-new-orleans\/our-services\/infectious-disease-care\/\" target=\"_blank\" rel=\"noreferrer noopener\">https:\/\/www.lcmchealth.org\/university-medical-center-new-orleans\/our-services\/infectious-disease-care\/<\/a><\/p>\n<\/div><\/div><\/div>\n\n\n\n<h3 class=\"wp-block-heading\"><strong>Odyssey House Community Health Clinic<\/strong><\/h3>\n\n\n\n<p><em>Atenci\u00f3n primaria, salud de comportamiento, educaci\u00f3n y tratamiento diabetico, tratamiento de hipertensi\u00f3n, salud femenina (no incluye la obstetricia), asesoramiento nutricional, examenes del VIH, flebotom\u00eda, y servicios de recuperaci\u00f3n de la adicci\u00f3n. Acepta Medicaid, Medicare, o pagos a cargo del paciente\/escala m\u00f3vil.<\/em><\/p>\n\n\n\n<p><em>Horario del centro de rehabilitaci\u00f3n: lunes-viernes 8a-5p, s\u00e1bado: solo con cita previa<\/em><\/p>\n\n\n\n<p><em>Ubicaci\u00f3n de la cl\u00ednica: Lunes-Viernes 8:00AM-12:00PM; s\u00e1bado solo con cita previa <\/em><\/p>\n\n\n\n<div style=\"background-color:#f6f6f6;padding-left:4%;padding-right:4%;padding-bottom:4%;padding-top:4%;margin-bottom:5%\" class=\"wp-block-genesis-blocks-gb-container resource-details gb-block-container\"><div class=\"gb-container-inside\"><div class=\"gb-container-content\">\n<p class=\"icon ion-ios-location\"><strong>Clinic:<\/strong> 1125 North Tonti, New Orleans, LA 70119<\/p>\n\n\n\n<p class=\"icon ion-ios-location\"><strong>Rehab Location:<\/strong> 2700 S. Broad New Orleans, LA<\/p>\n\n\n\n<p class=\"icon ion-ios-telephone\">504-821-9211 (fuera del horario) or 504-383-8559 <\/p>\n\n\n\n<p class=\"icon ion-android-desktop\">&nbsp;<a href=\"https:\/\/www.ohlcommunityclinic.org\/\">https:\/\/www.ohlcommunityclinic.org\/<\/a><\/p>\n<\/div><\/div><\/div>\n","protected":false},"excerpt":{"rendered":"<p>504 Health Net&nbsp; Organizaci\u00f3n que ayuda a la localizaci\u00f3n de servicios de atenci\u00f3n primaria que son accesibles y convenientes. Aceptan a todos los pacientes independientemente de su estado de inmigraci\u00f3n. Todas las cl\u00ednicas tienen int\u00e9rpretes o l\u00edneas de lengua disponibles. NAMI-New Orleans Ofrece apoyo de salud mental gratis, grupos virtuales, recursos y educaci\u00f3n a los [&hellip;]<\/p>\n","protected":false},"author":9,"featured_media":0,"parent":622,"menu_order":0,"comment_status":"closed","ping_status":"closed","template":"","meta":{"_genesis_hide_title":false,"_genesis_hide_breadcrumbs":false,"_genesis_hide_singular_image":false,"_genesis_hide_footer_widgets":false,"_genesis_custom_body_class":"","_genesis_custom_post_class":"","_genesis_layout":"content-sidebar","footnotes":""},"class_list":{"0":"post-604","1":"page","2":"type-page","3":"status-publish","5":"entry"},"yoast_head":"<!-- This site is optimized with the Yoast SEO plugin v27.5 - https:\/\/yoast.com\/product\/yoast-seo-wordpress\/ -->\n<title>New Orleans<\/title>\n<meta name=\"description\" content=\"Atenci\u00f3n especializada de la salud mental para adultos en New Orleans con una variedad de necesidades de la salud mental.\" \/>\n<meta name=\"robots\" content=\"index, follow, max-snippet:-1, max-image-preview:large, max-video-preview:-1\" \/>\n<link rel=\"canonical\" href=\"https:\/\/geauxhealth.org\/es\/adultos-2\/\" \/>\n<meta property=\"og:locale\" content=\"es_ES\" \/>\n<meta property=\"og:type\" content=\"article\" \/>\n<meta property=\"og:title\" content=\"New Orleans\" \/>\n<meta property=\"og:description\" content=\"Atenci\u00f3n especializada de la salud mental para adultos en New Orleans con una variedad de necesidades de la salud mental.\" \/>\n<meta property=\"og:url\" content=\"https:\/\/geauxhealth.org\/es\/adultos-2\/\" \/>\n<meta property=\"og:site_name\" content=\"GeauxHealth!\" \/>\n<meta name=\"twitter:card\" content=\"summary_large_image\" \/>\n<meta name=\"twitter:label1\" content=\"Tiempo de lectura\" \/>\n\t<meta name=\"twitter:data1\" content=\"2 minutos\" \/>\n<script type=\"application\/ld+json\" class=\"yoast-schema-graph\">{\"@context\":\"https:\\\/\\\/schema.org\",\"@graph\":[{\"@type\":\"WebPage\",\"@id\":\"https:\\\/\\\/geauxhealth.org\\\/es\\\/adultos-2\\\/\",\"url\":\"https:\\\/\\\/geauxhealth.org\\\/es\\\/adultos-2\\\/\",\"name\":\"New Orleans\",\"isPartOf\":{\"@id\":\"https:\\\/\\\/geauxhealth.org\\\/#website\"},\"datePublished\":\"2022-06-22T12:48:24+00:00\",\"description\":\"Atenci\u00f3n especializada de la salud mental para adultos en New Orleans con una variedad de necesidades de la salud mental.\",\"breadcrumb\":{\"@id\":\"https:\\\/\\\/geauxhealth.org\\\/es\\\/adultos-2\\\/#breadcrumb\"},\"inLanguage\":\"es\",\"potentialAction\":[{\"@type\":\"ReadAction\",\"target\":[\"https:\\\/\\\/geauxhealth.org\\\/es\\\/adultos-2\\\/\"]}]},{\"@type\":\"BreadcrumbList\",\"@id\":\"https:\\\/\\\/geauxhealth.org\\\/es\\\/adultos-2\\\/#breadcrumb\",\"itemListElement\":[{\"@type\":\"ListItem\",\"position\":1,\"name\":\"Home\",\"item\":\"https:\\\/\\\/geauxhealth.org\\\/es\\\/\"},{\"@type\":\"ListItem\",\"position\":2,\"name\":\"Adultos\"}]},{\"@type\":\"WebSite\",\"@id\":\"https:\\\/\\\/geauxhealth.org\\\/#website\",\"url\":\"https:\\\/\\\/geauxhealth.org\\\/\",\"name\":\"GeauxHealth\",\"description\":\"Health Resources for the New Orleans Area\",\"potentialAction\":[{\"@type\":\"SearchAction\",\"target\":{\"@type\":\"EntryPoint\",\"urlTemplate\":\"https:\\\/\\\/geauxhealth.org\\\/?s={search_term_string}\"},\"query-input\":{\"@type\":\"PropertyValueSpecification\",\"valueRequired\":true,\"valueName\":\"search_term_string\"}}],\"inLanguage\":\"es\"}]}<\/script>\n<!-- \/ Yoast SEO plugin. -->","yoast_head_json":{"title":"New Orleans","description":"Atenci\u00f3n especializada de la salud mental para adultos en New Orleans con una variedad de necesidades de la salud mental.","robots":{"index":"index","follow":"follow","max-snippet":"max-snippet:-1","max-image-preview":"max-image-preview:large","max-video-preview":"max-video-preview:-1"},"canonical":"https:\/\/geauxhealth.org\/es\/adultos-2\/","og_locale":"es_ES","og_type":"article","og_title":"New Orleans","og_description":"Atenci\u00f3n especializada de la salud mental para adultos en New Orleans con una variedad de necesidades de la salud mental.","og_url":"https:\/\/geauxhealth.org\/es\/adultos-2\/","og_site_name":"GeauxHealth!","twitter_card":"summary_large_image","twitter_misc":{"Tiempo de lectura":"2 minutos"},"schema":{"@context":"https:\/\/schema.org","@graph":[{"@type":"WebPage","@id":"https:\/\/geauxhealth.org\/es\/adultos-2\/","url":"https:\/\/geauxhealth.org\/es\/adultos-2\/","name":"New Orleans","isPartOf":{"@id":"https:\/\/geauxhealth.org\/#website"},"datePublished":"2022-06-22T12:48:24+00:00","description":"Atenci\u00f3n especializada de la salud mental para adultos en New Orleans con una variedad de necesidades de la salud mental.","breadcrumb":{"@id":"https:\/\/geauxhealth.org\/es\/adultos-2\/#breadcrumb"},"inLanguage":"es","potentialAction":[{"@type":"ReadAction","target":["https:\/\/geauxhealth.org\/es\/adultos-2\/"]}]},{"@type":"BreadcrumbList","@id":"https:\/\/geauxhealth.org\/es\/adultos-2\/#breadcrumb","itemListElement":[{"@type":"ListItem","position":1,"name":"Home","item":"https:\/\/geauxhealth.org\/es\/"},{"@type":"ListItem","position":2,"name":"Adultos"}]},{"@type":"WebSite","@id":"https:\/\/geauxhealth.org\/#website","url":"https:\/\/geauxhealth.org\/","name":"GeauxHealth","description":"Health Resources for the New Orleans Area","potentialAction":[{"@type":"SearchAction","target":{"@type":"EntryPoint","urlTemplate":"https:\/\/geauxhealth.org\/?s={search_term_string}"},"query-input":{"@type":"PropertyValueSpecification","valueRequired":true,"valueName":"search_term_string"}}],"inLanguage":"es"}]}},"featured_image_src":null,"featured_image_src_square":null,"_links":{"self":[{"href":"https:\/\/geauxhealth.org\/es\/wp-json\/wp\/v2\/pages\/604","targetHints":{"allow":["GET"]}}],"collection":[{"href":"https:\/\/geauxhealth.org\/es\/wp-json\/wp\/v2\/pages"}],"about":[{"href":"https:\/\/geauxhealth.org\/es\/wp-json\/wp\/v2\/types\/page"}],"author":[{"embeddable":true,"href":"https:\/\/geauxhealth.org\/es\/wp-json\/wp\/v2\/users\/9"}],"replies":[{"embeddable":true,"href":"https:\/\/geauxhealth.org\/es\/wp-json\/wp\/v2\/comments?post=604"}],"version-history":[{"count":0,"href":"https:\/\/geauxhealth.org\/es\/wp-json\/wp\/v2\/pages\/604\/revisions"}],"up":[{"embeddable":true,"href":"https:\/\/geauxhealth.org\/es\/wp-json\/wp\/v2\/pages\/622"}],"wp:attachment":[{"href":"https:\/\/geauxhealth.org\/es\/wp-json\/wp\/v2\/media?parent=604"}],"curies":[{"name":"wp","href":"https:\/\/api.w.org\/{rel}","templated":true}]}}