{"id":606,"date":"2022-06-14T23:03:53","date_gmt":"2022-06-14T23:03:53","guid":{"rendered":"https:\/\/geauxhealth.org\/apoyo-materna-infantil-ninez\/apoyo-a-la-lactancia-materna\/"},"modified":"2022-06-14T23:03:53","modified_gmt":"2022-06-14T23:03:53","slug":"apoyo-a-la-lactancia-materna","status":"publish","type":"page","link":"https:\/\/geauxhealth.org\/es\/apoyo-materna-infantil-ninez\/apoyo-a-la-lactancia-materna\/","title":{"rendered":"Apoyo a la lactancia materna"},"content":{"rendered":"\n<h3 class=\"wp-block-heading\"><strong>Kids First TigerCare<\/strong><\/h3>\n\n\n\n<p><em>Llame para pedir consulta de lactaci\u00f3n. Se habla espa\u00f1ol, por int\u00e9rprete telef\u00f3nica. Un m\u00e9dico hispanohablante estar\u00e1 los mi\u00e9rcoles y viernes por la tarde.<\/em><\/p>\n\n\n\n<div style=\"background-color:#f6f6f6;padding-left:4%;padding-right:4%;padding-bottom:4%;padding-top:4%;margin-bottom:5%\" class=\"wp-block-genesis-blocks-gb-container resource-details gb-block-container\"><div class=\"gb-container-inside\"><div class=\"gb-container-content\">\n<p class=\"icon ion-ios-location\">4720 S I-10 Service Road W, Suite 200, Metairie, LA 70001<\/p>\n\n\n\n<p class=\"icon ion-ios-telephone\">504-299-9980<\/p>\n<\/div><\/div><\/div>\n\n\n\n<h3 class=\"wp-block-heading\"><strong>.<\/strong><\/h3>\n\n\n\n<div style=\"background-color:#f6f6f6;padding-left:4%;padding-right:4%;padding-bottom:4%;padding-top:4%;margin-bottom:5%\" class=\"wp-block-genesis-blocks-gb-container resource-details gb-block-container\"><div class=\"gb-container-inside\"><div class=\"gb-container-content\">\n<p class=\"icon ion-ios-location\">1401 Foucher St, 2nd Floor, Touro Main Hospital, New Orleans, LA 70115<\/p>\n\n\n\n<p class=\"icon ion-ios-telephone\">504-897-8130<\/p>\n\n\n\n<p class=\"icon ion-email\"><a href=\"mailto:babies@touro.com\">babies@touro.com<\/a><\/p>\n\n\n\n<p class=\"icon ion-android-desktop\"><a href=\"https:\/\/www.lcmchealth.org\/touro\/our-services\/family-birthing-center\/breastfeeding-support\/\" target=\"_blank\" rel=\"noreferrer noopener\">https:\/\/www.lcmchealth.org\/touro\/our-services\/family-birthing-center\/breastfeeding-support\/<\/a><\/p>\n<\/div><\/div><\/div>\n\n\n\n<h3 class=\"wp-block-heading\"><strong>.<\/strong><\/h3>\n\n\n\n<div style=\"background-color:#f6f6f6;padding-left:4%;padding-right:4%;padding-bottom:4%;padding-top:4%;margin-bottom:5%\" class=\"wp-block-genesis-blocks-gb-container resource-details gb-block-container\"><div class=\"gb-container-inside\"><div class=\"gb-container-content\">\n<p class=\"icon ion-ios-location\">6100 Canal Blvd, Suite 205, NOLA 70124<\/p>\n\n\n\n<p class=\"icon ion-ios-telephone\">504-515-1243<\/p>\n\n\n\n<p class=\"icon ion-android-desktop\"><a href=\"https:\/\/www.nolabreastfeedingcenter.org\" target=\"_blank\" rel=\"noreferrer noopener\">nolabreastfeedingcenter.org<\/a><\/p>\n<\/div><\/div><\/div>\n\n\n\n<h3 class=\"wp-block-heading\"><strong>.<\/strong><\/h3>\n\n\n\n<div style=\"background-color:#f6f6f6;padding-left:4%;padding-right:4%;padding-bottom:4%;padding-top:4%;margin-bottom:5%\" class=\"wp-block-genesis-blocks-gb-container resource-details gb-block-container\"><div class=\"gb-container-inside\"><div class=\"gb-container-content\">\n<p class=\"icon ion-ios-location\">2700 Napoleon Ave, Ochsner Baptist, New Orleans 70115<\/p>\n\n\n\n<p class=\"icon ion-ios-telephone\">504-842-5210<\/p>\n\n\n\n<p class=\"icon ion-android-desktop\"><a href=\"https:\/\/www.ochsner.org\/services\/lactation-consultants\/\">https:\/\/www.ochsner.org\/services\/lactation-consultants\/<\/a><\/p>\n<\/div><\/div><\/div>\n\n\n\n<h3 class=\"wp-block-heading\"><strong>.<\/strong><\/h3>\n\n\n\n<p><em>Lunes-viernes: 6:30AM- 5PM y s\u00e1bado 8AM- 12PM&nbsp;<br>Ofrece planificaci\u00f3n de mamograf\u00eda.<\/em><\/p>\n\n\n\n<div style=\"background-color:#f6f6f6;padding-left:4%;padding-right:4%;padding-bottom:4%;padding-top:4%;margin-bottom:5%\" class=\"wp-block-genesis-blocks-gb-container resource-details gb-block-container\"><div class=\"gb-container-inside\"><div class=\"gb-container-content\">\n<p class=\"icon ion-ios-location\">4200 Houma Blvd, Metairie, LA 70006<\/p>\n\n\n\n<p class=\"icon ion-ios-telephone\">504-503-4323<\/p>\n<\/div><\/div><\/div>\n\n\n\n<h3 class=\"wp-block-heading\"><strong>.<\/strong><\/h3>\n\n\n\n<p><em>Busca por c\u00f3digo postal para encontrar una lista de recursos cercanos para la lactancia materna .<\/em><\/p>\n\n\n\n<div style=\"background-color:#f6f6f6;padding-left:4%;padding-right:4%;padding-bottom:4%;padding-top:4%;margin-bottom:5%\" class=\"wp-block-genesis-blocks-gb-container resource-details gb-block-container\"><div class=\"gb-container-inside\"><div class=\"gb-container-content\">\n<p class=\"icon ion-android-desktop\"><a href=\"https:\/\/coffective.com\/resources\/#\/\">labreastfeedingsupport.org<\/a><\/p>\n<\/div><\/div><\/div>\n","protected":false},"excerpt":{"rendered":"<p>Kids First TigerCare Llame para pedir consulta de lactaci\u00f3n. Se habla espa\u00f1ol, por int\u00e9rprete telef\u00f3nica. Un m\u00e9dico hispanohablante estar\u00e1 los mi\u00e9rcoles y viernes por la tarde. . . . . Lunes-viernes: 6:30AM- 5PM y s\u00e1bado 8AM- 12PM&nbsp;Ofrece planificaci\u00f3n de mamograf\u00eda. . Busca por c\u00f3digo postal para encontrar una lista de recursos cercanos para la lactancia [&hellip;]<\/p>\n","protected":false},"author":9,"featured_media":0,"parent":556,"menu_order":0,"comment_status":"closed","ping_status":"closed","template":"","meta":{"_genesis_hide_title":false,"_genesis_hide_breadcrumbs":false,"_genesis_hide_singular_image":false,"_genesis_hide_footer_widgets":false,"_genesis_custom_body_class":"","_genesis_custom_post_class":"","_genesis_layout":"content-sidebar","footnotes":""},"class_list":{"0":"post-606","1":"page","2":"type-page","3":"status-publish","5":"entry"},"yoast_head":"<!-- This site is optimized with the Yoast SEO plugin v27.5 - https:\/\/yoast.com\/product\/yoast-seo-wordpress\/ -->\n<title>Apoyo a la lactancia materna Necesidades especiales - GeauxHealth!<\/title>\n<meta name=\"description\" content=\"Busca recursos para apoyo de la lactancia maternal en New Orleans\" \/>\n<meta name=\"robots\" content=\"index, follow, max-snippet:-1, max-image-preview:large, max-video-preview:-1\" \/>\n<link rel=\"canonical\" href=\"https:\/\/geauxhealth.org\/es\/apoyo-materna-infantil-ninez\/apoyo-a-la-lactancia-materna\/\" \/>\n<meta property=\"og:locale\" content=\"es_ES\" \/>\n<meta property=\"og:type\" content=\"article\" \/>\n<meta property=\"og:title\" content=\"Apoyo a la lactancia materna Necesidades especiales - GeauxHealth!\" \/>\n<meta property=\"og:description\" content=\"Busca recursos para apoyo de la lactancia maternal en New Orleans\" \/>\n<meta property=\"og:url\" content=\"https:\/\/geauxhealth.org\/es\/apoyo-materna-infantil-ninez\/apoyo-a-la-lactancia-materna\/\" \/>\n<meta property=\"og:site_name\" content=\"GeauxHealth!\" \/>\n<meta name=\"twitter:card\" content=\"summary_large_image\" \/>\n<meta name=\"twitter:label1\" content=\"Tiempo de lectura\" \/>\n\t<meta name=\"twitter:data1\" content=\"1 minuto\" \/>\n<script type=\"application\/ld+json\" class=\"yoast-schema-graph\">{\"@context\":\"https:\\\/\\\/schema.org\",\"@graph\":[{\"@type\":\"WebPage\",\"@id\":\"https:\\\/\\\/geauxhealth.org\\\/es\\\/apoyo-materna-infantil-ninez\\\/apoyo-a-la-lactancia-materna\\\/\",\"url\":\"https:\\\/\\\/geauxhealth.org\\\/es\\\/apoyo-materna-infantil-ninez\\\/apoyo-a-la-lactancia-materna\\\/\",\"name\":\"Apoyo a la lactancia materna Necesidades especiales - GeauxHealth!\",\"isPartOf\":{\"@id\":\"https:\\\/\\\/geauxhealth.org\\\/#website\"},\"datePublished\":\"2022-06-14T23:03:53+00:00\",\"description\":\"Busca recursos para apoyo de la lactancia maternal en New Orleans\",\"breadcrumb\":{\"@id\":\"https:\\\/\\\/geauxhealth.org\\\/es\\\/apoyo-materna-infantil-ninez\\\/apoyo-a-la-lactancia-materna\\\/#breadcrumb\"},\"inLanguage\":\"es\",\"potentialAction\":[{\"@type\":\"ReadAction\",\"target\":[\"https:\\\/\\\/geauxhealth.org\\\/es\\\/apoyo-materna-infantil-ninez\\\/apoyo-a-la-lactancia-materna\\\/\"]}]},{\"@type\":\"BreadcrumbList\",\"@id\":\"https:\\\/\\\/geauxhealth.org\\\/es\\\/apoyo-materna-infantil-ninez\\\/apoyo-a-la-lactancia-materna\\\/#breadcrumb\",\"itemListElement\":[{\"@type\":\"ListItem\",\"position\":1,\"name\":\"Home\",\"item\":\"https:\\\/\\\/geauxhealth.org\\\/es\\\/\"},{\"@type\":\"ListItem\",\"position\":2,\"name\":\"Apoyo materna\\\/infantil\\\/ni\u00f1ez\",\"item\":\"https:\\\/\\\/geauxhealth.org\\\/es\\\/apoyo-materna-infantil-ninez\\\/\"},{\"@type\":\"ListItem\",\"position\":3,\"name\":\"Apoyo a la lactancia materna\"}]},{\"@type\":\"WebSite\",\"@id\":\"https:\\\/\\\/geauxhealth.org\\\/#website\",\"url\":\"https:\\\/\\\/geauxhealth.org\\\/\",\"name\":\"GeauxHealth\",\"description\":\"Health Resources for the New Orleans Area\",\"potentialAction\":[{\"@type\":\"SearchAction\",\"target\":{\"@type\":\"EntryPoint\",\"urlTemplate\":\"https:\\\/\\\/geauxhealth.org\\\/?s={search_term_string}\"},\"query-input\":{\"@type\":\"PropertyValueSpecification\",\"valueRequired\":true,\"valueName\":\"search_term_string\"}}],\"inLanguage\":\"es\"}]}<\/script>\n<!-- \/ Yoast SEO plugin. -->","yoast_head_json":{"title":"Apoyo a la lactancia materna Necesidades especiales - GeauxHealth!","description":"Busca recursos para apoyo de la lactancia maternal en New Orleans","robots":{"index":"index","follow":"follow","max-snippet":"max-snippet:-1","max-image-preview":"max-image-preview:large","max-video-preview":"max-video-preview:-1"},"canonical":"https:\/\/geauxhealth.org\/es\/apoyo-materna-infantil-ninez\/apoyo-a-la-lactancia-materna\/","og_locale":"es_ES","og_type":"article","og_title":"Apoyo a la lactancia materna Necesidades especiales - GeauxHealth!","og_description":"Busca recursos para apoyo de la lactancia maternal en New Orleans","og_url":"https:\/\/geauxhealth.org\/es\/apoyo-materna-infantil-ninez\/apoyo-a-la-lactancia-materna\/","og_site_name":"GeauxHealth!","twitter_card":"summary_large_image","twitter_misc":{"Tiempo de lectura":"1 minuto"},"schema":{"@context":"https:\/\/schema.org","@graph":[{"@type":"WebPage","@id":"https:\/\/geauxhealth.org\/es\/apoyo-materna-infantil-ninez\/apoyo-a-la-lactancia-materna\/","url":"https:\/\/geauxhealth.org\/es\/apoyo-materna-infantil-ninez\/apoyo-a-la-lactancia-materna\/","name":"Apoyo a la lactancia materna Necesidades especiales - GeauxHealth!","isPartOf":{"@id":"https:\/\/geauxhealth.org\/#website"},"datePublished":"2022-06-14T23:03:53+00:00","description":"Busca recursos para apoyo de la lactancia maternal en New Orleans","breadcrumb":{"@id":"https:\/\/geauxhealth.org\/es\/apoyo-materna-infantil-ninez\/apoyo-a-la-lactancia-materna\/#breadcrumb"},"inLanguage":"es","potentialAction":[{"@type":"ReadAction","target":["https:\/\/geauxhealth.org\/es\/apoyo-materna-infantil-ninez\/apoyo-a-la-lactancia-materna\/"]}]},{"@type":"BreadcrumbList","@id":"https:\/\/geauxhealth.org\/es\/apoyo-materna-infantil-ninez\/apoyo-a-la-lactancia-materna\/#breadcrumb","itemListElement":[{"@type":"ListItem","position":1,"name":"Home","item":"https:\/\/geauxhealth.org\/es\/"},{"@type":"ListItem","position":2,"name":"Apoyo materna\/infantil\/ni\u00f1ez","item":"https:\/\/geauxhealth.org\/es\/apoyo-materna-infantil-ninez\/"},{"@type":"ListItem","position":3,"name":"Apoyo a la lactancia materna"}]},{"@type":"WebSite","@id":"https:\/\/geauxhealth.org\/#website","url":"https:\/\/geauxhealth.org\/","name":"GeauxHealth","description":"Health Resources for the New Orleans Area","potentialAction":[{"@type":"SearchAction","target":{"@type":"EntryPoint","urlTemplate":"https:\/\/geauxhealth.org\/?s={search_term_string}"},"query-input":{"@type":"PropertyValueSpecification","valueRequired":true,"valueName":"search_term_string"}}],"inLanguage":"es"}]}},"featured_image_src":null,"featured_image_src_square":null,"_links":{"self":[{"href":"https:\/\/geauxhealth.org\/es\/wp-json\/wp\/v2\/pages\/606","targetHints":{"allow":["GET"]}}],"collection":[{"href":"https:\/\/geauxhealth.org\/es\/wp-json\/wp\/v2\/pages"}],"about":[{"href":"https:\/\/geauxhealth.org\/es\/wp-json\/wp\/v2\/types\/page"}],"author":[{"embeddable":true,"href":"https:\/\/geauxhealth.org\/es\/wp-json\/wp\/v2\/users\/9"}],"replies":[{"embeddable":true,"href":"https:\/\/geauxhealth.org\/es\/wp-json\/wp\/v2\/comments?post=606"}],"version-history":[{"count":0,"href":"https:\/\/geauxhealth.org\/es\/wp-json\/wp\/v2\/pages\/606\/revisions"}],"up":[{"embeddable":true,"href":"https:\/\/geauxhealth.org\/es\/wp-json\/wp\/v2\/pages\/556"}],"wp:attachment":[{"href":"https:\/\/geauxhealth.org\/es\/wp-json\/wp\/v2\/media?parent=606"}],"curies":[{"name":"wp","href":"https:\/\/api.w.org\/{rel}","templated":true}]}}