{"id":607,"date":"2022-06-15T00:04:37","date_gmt":"2022-06-15T00:04:37","guid":{"rendered":"https:\/\/geauxhealth.org\/apoyo-materna-infantil-ninez\/panales\/"},"modified":"2022-06-15T00:04:37","modified_gmt":"2022-06-15T00:04:37","slug":"panales","status":"publish","type":"page","link":"https:\/\/geauxhealth.org\/es\/apoyo-materna-infantil-ninez\/panales\/","title":{"rendered":"Pa\u00f1ales"},"content":{"rendered":"\n<h3 class=\"wp-block-heading\"><strong>Access Pregnancy Center<\/strong><\/h3>\n\n\n\n<p><em>Martes-jueves 9AM-4PM<\/em><\/p>\n\n\n\n<div style=\"background-color:#f6f6f6;padding-left:4%;padding-right:4%;padding-bottom:4%;padding-top:4%;margin-bottom:5%\" class=\"wp-block-genesis-blocks-gb-container resource-details gb-block-container\"><div class=\"gb-container-inside\"><div class=\"gb-container-content\">\n<p class=\"icon ion-ios-location\">921 Aris Ave. Suite B, Metairie, LA 70005<\/p>\n\n\n\n<p class=\"icon ion-ios-telephone\">504-832-1503<\/p>\n<\/div><\/div><\/div>\n\n\n\n<h3 class=\"wp-block-heading\"><strong>Community Center for Life<\/strong><\/h3>\n\n\n\n<p><em>Lunes- jueves 10AM-5PM<\/em><\/p>\n\n\n\n<div style=\"background-color:#f6f6f6;padding-left:4%;padding-right:4%;padding-bottom:4%;padding-top:4%;margin-bottom:5%\" class=\"wp-block-genesis-blocks-gb-container resource-details gb-block-container\"><div class=\"gb-container-inside\"><div class=\"gb-container-content\">\n<p class=\"icon ion-ios-location\">539 Lafayette St, Gretna, LA 70053<\/p>\n\n\n\n<p class=\"icon ion-ios-telephone\">504-227-9090<\/p>\n\n\n\n<p class=\"icon ion-android-desktop\"><a href=\"https:\/\/pregnancytestingwestbank.com\/\">https:\/\/pregnancytestingwestbank.com\/<\/a>&nbsp;<\/p>\n<\/div><\/div><\/div>\n\n\n\n<h3 class=\"wp-block-heading\"><strong>Access Health Louisiana<\/strong> <\/h3>\n\n\n\n<p><em>Banco de pa\u00f1ales (solo para clientes). Llame por informaci\u00f3n.<\/em><\/p>\n\n\n\n<p><em>Lunes- viernes 8AM-5PM<\/em><\/p>\n\n\n\n<div style=\"background-color:#f6f6f6;padding-left:4%;padding-right:4%;padding-bottom:4%;padding-top:4%;margin-bottom:5%\" class=\"wp-block-genesis-blocks-gb-container resource-details gb-block-container\"><div class=\"gb-container-inside\"><div class=\"gb-container-content\">\n<p class=\"icon ion-ios-location\">3300 S Broad St, New Orleans, LA 70125<\/p>\n\n\n\n<p class=\"icon ion-ios-telephone\">504-309-5061<\/p>\n\n\n\n<p class=\"icon ion-android-desktop\"><a href=\"https:\/\/accesshealthla.org\" target=\"_blank\" rel=\"noreferrer noopener\">accesshealthla.org<\/a><\/p>\n<\/div><\/div><\/div>\n\n\n\n<h3 class=\"wp-block-heading\"><strong>CASA New Orleans<\/strong><\/h3>\n\n\n\n<p><em>Apoya a los hogares de acogida. Pa\u00f1ales gratis disponibles para los clientes. <\/em><\/p>\n\n\n\n<div style=\"background-color:#f6f6f6;padding-left:4%;padding-right:4%;padding-bottom:4%;padding-top:4%;margin-bottom:5%\" class=\"wp-block-genesis-blocks-gb-container resource-details gb-block-container\"><div class=\"gb-container-inside\"><div class=\"gb-container-content\">\n<p class=\"icon ion-ios-location\">1340 Poydras St #2120, New Orleans, LA 70112<\/p>\n\n\n\n<p class=\"icon ion-ios-telephone\">504-522-1962&nbsp;<\/p>\n\n\n\n<p class=\"icon ion-android-desktop\"><a href=\"http:\/\/casaneworleans.org\">www.casaneworleans.org<\/a><\/p>\n<\/div><\/div><\/div>\n\n\n\n<h3 class=\"wp-block-heading\"><strong>Covenant House<\/strong> <\/h3>\n\n\n\n<p><em>Para clientes de Covenant House. Llame para pedir informaci\u00f3n. <\/em><\/p>\n\n\n\n<p><em>Lunes- viernes 8:30AM- 5PM<\/em><\/p>\n\n\n\n<div style=\"background-color:#f6f6f6;padding-left:4%;padding-right:4%;padding-bottom:4%;padding-top:4%;margin-bottom:5%\" class=\"wp-block-genesis-blocks-gb-container resource-details gb-block-container\"><div class=\"gb-container-inside\"><div class=\"gb-container-content\">\n<p class=\"icon ion-ios-location\">611 North Rampart St., New Orleans, LA <\/p>\n\n\n\n<p class=\"icon ion-ios-telephone\">504-584-1111&nbsp;<\/p>\n\n\n\n<p class=\"icon ion-android-desktop\"><a href=\"http:\/\/www.covenanthouse.org\" target=\"_blank\" rel=\"noreferrer noopener\">www.covenanthouse.org<\/a><\/p>\n<\/div><\/div><\/div>\n\n\n\n<h3 class=\"wp-block-heading\"><strong>St Thomas Community Health Center<\/strong> <\/h3>\n\n\n\n<p><em>Pa\u00f1ales disponibles para clientes; llame para pedir informaci\u00f3n. Se habla espa\u00f1ol. <\/em><\/p>\n\n\n\n<div style=\"background-color:#f6f6f6;padding-left:4%;padding-right:4%;padding-bottom:4%;padding-top:4%;margin-bottom:5%\" class=\"wp-block-genesis-blocks-gb-container resource-details gb-block-container\"><div class=\"gb-container-inside\"><div class=\"gb-container-content\">\n<p class=\"icon ion-ios-location\">1020 St. Andrew St, New Orleans, LA 70130<\/p>\n\n\n\n<p class=\"icon ion-ios-telephone\">504-529-5558<\/p>\n<\/div><\/div><\/div>\n\n\n\n<h3 class=\"wp-block-heading\"><strong>Ultimate Health, Inc<\/strong>.<\/h3>\n\n\n\n<p><em>Solo para clientes. Llame para pedir informaci\u00f3n.<\/em><em> <\/em><\/p>\n\n\n\n<p><em>Lunes-viernes 8AM-5PM<\/em><\/p>\n\n\n\n<div style=\"background-color:#f6f6f6;padding-left:4%;padding-right:4%;padding-bottom:4%;padding-top:4%;margin-bottom:5%\" class=\"wp-block-genesis-blocks-gb-container resource-details gb-block-container\"><div class=\"gb-container-inside\"><div class=\"gb-container-content\">\n<p class=\"icon ion-ios-location\">91 Westbank Expressway Suite 405, Gretna, LA 70053<\/p>\n\n\n\n<p class=\"icon ion-ios-location\">1347 Westbank Expressway, Suite 3, Westwego, LA 70094<\/p>\n\n\n\n<p class=\"icon ion-ios-telephone\">&nbsp;504-363-4899<\/p>\n\n\n\n<p class=\"icon ion-android-desktop\"><a href=\"http:\/\/ultimatehfs.com\/\" target=\"_blank\" rel=\"noreferrer noopener\">http:\/\/ultimatehfs.com\/<\/a><\/p>\n<\/div><\/div><\/div>\n\n\n\n<h3 class=\"wp-block-heading\"><strong>Unity of Greater New Orleans<\/strong><\/h3>\n\n\n\n<p><em>Servicios para madres sin casa. Pa\u00f1ales disponibles solo para clientes. Int\u00e9rpretes disponibles a pedido. <\/em><\/p>\n\n\n\n<p><em>Lunes-viernes 9AM-4:30 PM<\/em><\/p>\n\n\n\n<div style=\"background-color:#f6f6f6;padding-left:4%;padding-right:4%;padding-bottom:4%;padding-top:4%;margin-bottom:5%\" class=\"wp-block-genesis-blocks-gb-container resource-details gb-block-container\"><div class=\"gb-container-inside\"><div class=\"gb-container-content\">\n<p class=\"icon ion-ios-location\">2475 Canal St #300, New Orleans, LA 70119<\/p>\n\n\n\n<p class=\"icon ion-ios-telephone\">504-821-4496<\/p>\n\n\n\n<p class=\"icon ion-android-desktop\"><a href=\"https:\/\/unitygno.org\/\">https:\/\/unitygno.org\/<\/a><\/p>\n<\/div><\/div><\/div>\n","protected":false},"excerpt":{"rendered":"<p>Access Pregnancy Center Martes-jueves 9AM-4PM Community Center for Life Lunes- jueves 10AM-5PM Access Health Louisiana Banco de pa\u00f1ales (solo para clientes). Llame por informaci\u00f3n. Lunes- viernes 8AM-5PM CASA New Orleans Apoya a los hogares de acogida. Pa\u00f1ales gratis disponibles para los clientes. Covenant House Para clientes de Covenant House. Llame para pedir informaci\u00f3n. Lunes- viernes [&hellip;]<\/p>\n","protected":false},"author":9,"featured_media":0,"parent":556,"menu_order":0,"comment_status":"closed","ping_status":"closed","template":"","meta":{"_genesis_hide_title":false,"_genesis_hide_breadcrumbs":false,"_genesis_hide_singular_image":false,"_genesis_hide_footer_widgets":false,"_genesis_custom_body_class":"","_genesis_custom_post_class":"","_genesis_layout":"content-sidebar","footnotes":""},"class_list":{"0":"post-607","1":"page","2":"type-page","3":"status-publish","5":"entry"},"yoast_head":"<!-- This site is optimized with the Yoast SEO plugin v27.5 - https:\/\/yoast.com\/product\/yoast-seo-wordpress\/ -->\n<title>Pa\u00f1ales Necesidades especiales - GeauxHealth!<\/title>\n<meta name=\"description\" content=\"Busca recursos y centros de salud que ofrecen pa\u00f1ales gratis en New Orleans.\" \/>\n<meta name=\"robots\" content=\"index, follow, max-snippet:-1, max-image-preview:large, max-video-preview:-1\" \/>\n<link rel=\"canonical\" href=\"https:\/\/geauxhealth.org\/es\/apoyo-materna-infantil-ninez\/panales\/\" \/>\n<meta property=\"og:locale\" content=\"es_ES\" \/>\n<meta property=\"og:type\" content=\"article\" \/>\n<meta property=\"og:title\" content=\"Pa\u00f1ales Necesidades especiales - GeauxHealth!\" \/>\n<meta property=\"og:description\" content=\"Busca recursos y centros de salud que ofrecen pa\u00f1ales gratis en New Orleans.\" \/>\n<meta property=\"og:url\" content=\"https:\/\/geauxhealth.org\/es\/apoyo-materna-infantil-ninez\/panales\/\" \/>\n<meta property=\"og:site_name\" content=\"GeauxHealth!\" \/>\n<meta name=\"twitter:card\" content=\"summary_large_image\" \/>\n<meta name=\"twitter:label1\" content=\"Tiempo de lectura\" \/>\n\t<meta name=\"twitter:data1\" content=\"1 minuto\" \/>\n<script type=\"application\/ld+json\" class=\"yoast-schema-graph\">{\"@context\":\"https:\\\/\\\/schema.org\",\"@graph\":[{\"@type\":\"WebPage\",\"@id\":\"https:\\\/\\\/geauxhealth.org\\\/es\\\/apoyo-materna-infantil-ninez\\\/panales\\\/\",\"url\":\"https:\\\/\\\/geauxhealth.org\\\/es\\\/apoyo-materna-infantil-ninez\\\/panales\\\/\",\"name\":\"Pa\u00f1ales Necesidades especiales - GeauxHealth!\",\"isPartOf\":{\"@id\":\"https:\\\/\\\/geauxhealth.org\\\/#website\"},\"datePublished\":\"2022-06-15T00:04:37+00:00\",\"description\":\"Busca recursos y centros de salud que ofrecen pa\u00f1ales gratis en New Orleans.\",\"breadcrumb\":{\"@id\":\"https:\\\/\\\/geauxhealth.org\\\/es\\\/apoyo-materna-infantil-ninez\\\/panales\\\/#breadcrumb\"},\"inLanguage\":\"es\",\"potentialAction\":[{\"@type\":\"ReadAction\",\"target\":[\"https:\\\/\\\/geauxhealth.org\\\/es\\\/apoyo-materna-infantil-ninez\\\/panales\\\/\"]}]},{\"@type\":\"BreadcrumbList\",\"@id\":\"https:\\\/\\\/geauxhealth.org\\\/es\\\/apoyo-materna-infantil-ninez\\\/panales\\\/#breadcrumb\",\"itemListElement\":[{\"@type\":\"ListItem\",\"position\":1,\"name\":\"Home\",\"item\":\"https:\\\/\\\/geauxhealth.org\\\/es\\\/\"},{\"@type\":\"ListItem\",\"position\":2,\"name\":\"Apoyo materna\\\/infantil\\\/ni\u00f1ez\",\"item\":\"https:\\\/\\\/geauxhealth.org\\\/es\\\/apoyo-materna-infantil-ninez\\\/\"},{\"@type\":\"ListItem\",\"position\":3,\"name\":\"Pa\u00f1ales\"}]},{\"@type\":\"WebSite\",\"@id\":\"https:\\\/\\\/geauxhealth.org\\\/#website\",\"url\":\"https:\\\/\\\/geauxhealth.org\\\/\",\"name\":\"GeauxHealth\",\"description\":\"Health Resources for the New Orleans Area\",\"potentialAction\":[{\"@type\":\"SearchAction\",\"target\":{\"@type\":\"EntryPoint\",\"urlTemplate\":\"https:\\\/\\\/geauxhealth.org\\\/?s={search_term_string}\"},\"query-input\":{\"@type\":\"PropertyValueSpecification\",\"valueRequired\":true,\"valueName\":\"search_term_string\"}}],\"inLanguage\":\"es\"}]}<\/script>\n<!-- \/ Yoast SEO plugin. -->","yoast_head_json":{"title":"Pa\u00f1ales Necesidades especiales - GeauxHealth!","description":"Busca recursos y centros de salud que ofrecen pa\u00f1ales gratis en New Orleans.","robots":{"index":"index","follow":"follow","max-snippet":"max-snippet:-1","max-image-preview":"max-image-preview:large","max-video-preview":"max-video-preview:-1"},"canonical":"https:\/\/geauxhealth.org\/es\/apoyo-materna-infantil-ninez\/panales\/","og_locale":"es_ES","og_type":"article","og_title":"Pa\u00f1ales Necesidades especiales - GeauxHealth!","og_description":"Busca recursos y centros de salud que ofrecen pa\u00f1ales gratis en New Orleans.","og_url":"https:\/\/geauxhealth.org\/es\/apoyo-materna-infantil-ninez\/panales\/","og_site_name":"GeauxHealth!","twitter_card":"summary_large_image","twitter_misc":{"Tiempo de lectura":"1 minuto"},"schema":{"@context":"https:\/\/schema.org","@graph":[{"@type":"WebPage","@id":"https:\/\/geauxhealth.org\/es\/apoyo-materna-infantil-ninez\/panales\/","url":"https:\/\/geauxhealth.org\/es\/apoyo-materna-infantil-ninez\/panales\/","name":"Pa\u00f1ales Necesidades especiales - GeauxHealth!","isPartOf":{"@id":"https:\/\/geauxhealth.org\/#website"},"datePublished":"2022-06-15T00:04:37+00:00","description":"Busca recursos y centros de salud que ofrecen pa\u00f1ales gratis en New Orleans.","breadcrumb":{"@id":"https:\/\/geauxhealth.org\/es\/apoyo-materna-infantil-ninez\/panales\/#breadcrumb"},"inLanguage":"es","potentialAction":[{"@type":"ReadAction","target":["https:\/\/geauxhealth.org\/es\/apoyo-materna-infantil-ninez\/panales\/"]}]},{"@type":"BreadcrumbList","@id":"https:\/\/geauxhealth.org\/es\/apoyo-materna-infantil-ninez\/panales\/#breadcrumb","itemListElement":[{"@type":"ListItem","position":1,"name":"Home","item":"https:\/\/geauxhealth.org\/es\/"},{"@type":"ListItem","position":2,"name":"Apoyo materna\/infantil\/ni\u00f1ez","item":"https:\/\/geauxhealth.org\/es\/apoyo-materna-infantil-ninez\/"},{"@type":"ListItem","position":3,"name":"Pa\u00f1ales"}]},{"@type":"WebSite","@id":"https:\/\/geauxhealth.org\/#website","url":"https:\/\/geauxhealth.org\/","name":"GeauxHealth","description":"Health Resources for the New Orleans Area","potentialAction":[{"@type":"SearchAction","target":{"@type":"EntryPoint","urlTemplate":"https:\/\/geauxhealth.org\/?s={search_term_string}"},"query-input":{"@type":"PropertyValueSpecification","valueRequired":true,"valueName":"search_term_string"}}],"inLanguage":"es"}]}},"featured_image_src":null,"featured_image_src_square":null,"_links":{"self":[{"href":"https:\/\/geauxhealth.org\/es\/wp-json\/wp\/v2\/pages\/607","targetHints":{"allow":["GET"]}}],"collection":[{"href":"https:\/\/geauxhealth.org\/es\/wp-json\/wp\/v2\/pages"}],"about":[{"href":"https:\/\/geauxhealth.org\/es\/wp-json\/wp\/v2\/types\/page"}],"author":[{"embeddable":true,"href":"https:\/\/geauxhealth.org\/es\/wp-json\/wp\/v2\/users\/9"}],"replies":[{"embeddable":true,"href":"https:\/\/geauxhealth.org\/es\/wp-json\/wp\/v2\/comments?post=607"}],"version-history":[{"count":0,"href":"https:\/\/geauxhealth.org\/es\/wp-json\/wp\/v2\/pages\/607\/revisions"}],"up":[{"embeddable":true,"href":"https:\/\/geauxhealth.org\/es\/wp-json\/wp\/v2\/pages\/556"}],"wp:attachment":[{"href":"https:\/\/geauxhealth.org\/es\/wp-json\/wp\/v2\/media?parent=607"}],"curies":[{"name":"wp","href":"https:\/\/api.w.org\/{rel}","templated":true}]}}