{"id":610,"date":"2022-06-14T22:07:41","date_gmt":"2022-06-14T22:07:41","guid":{"rendered":"https:\/\/geauxhealth.org\/medicamentos-provisiones\/audifonos\/"},"modified":"2022-06-14T22:07:41","modified_gmt":"2022-06-14T22:07:41","slug":"audifonos","status":"publish","type":"page","link":"https:\/\/geauxhealth.org\/es\/medicamentos-provisiones\/audifonos\/","title":{"rendered":"Aud\u00edfonos"},"content":{"rendered":"\n<h3 class=\"wp-block-heading\"><strong>Associated Hearing, Inc.&nbsp;<\/strong><\/h3>\n\n\n\n<p><em>Ofrecen pruebas de audici\u00f3n, terapias para el tinnitus, rehabilitaci\u00f3n auditiva, terapias para el equilibrio, protecci\u00f3n auditiva, tel\u00e9fonos subtitulados, y extracci\u00f3n de cera. A veces se requiere una copia de su prueba de audici\u00f3n m\u00e1s reciente (si aplica) y una autorizaci\u00f3n m\u00e9dica de un m\u00e9dico. <\/em><\/p>\n\n\n\n<div style=\"background-color:#f6f6f6;padding-left:4%;padding-right:4%;padding-bottom:4%;padding-top:4%;margin-bottom:5%\" class=\"wp-block-genesis-blocks-gb-container resource-details gb-block-container\"><div class=\"gb-container-inside\"><div class=\"gb-container-content\">\n<p class=\"icon ion-ios-location\">433 Metairie Rd, Suite 101 Metairie, LA 70005<\/p>\n\n\n\n<p class=\"icon ion-ios-telephone\">504-833-4327<\/p>\n\n\n\n<hr class=\"wp-block-separator has-text-color has-alpha-channel-opacity has-background is-style-wide\" style=\"background-color:#d4d4d4;color:#d4d4d4\">\n\n\n\n<p class=\"icon ion-ios-location\">1115 S Tyler St., Covington, LA 70433<\/p>\n\n\n\n<p class=\"icon ion-ios-telephone\">985-249-5225<\/p>\n<\/div><\/div><\/div>\n\n\n\n<h3 class=\"wp-block-heading\"><strong>Creel Hearing Center<\/strong><\/h3>\n\n\n\n<p><em>Ofrecen pruebas de audici\u00f3n, pruebas y reparaciones de aud\u00edfonos, protecci\u00f3n auditiva, y terapias para el tinnitus. A veces se requiere una copia de su prueba de audici\u00f3n m\u00e1s reciente (si aplica) y una autorizaci\u00f3n m\u00e9dica de un m\u00e9dico. <\/em><\/p>\n\n\n\n<div style=\"background-color:#f6f6f6;padding-left:4%;padding-right:4%;padding-bottom:4%;padding-top:4%;margin-bottom:5%\" class=\"wp-block-genesis-blocks-gb-container resource-details gb-block-container\"><div class=\"gb-container-inside\"><div class=\"gb-container-content\">\n<p class=\"icon ion-ios-location\">3300 Lake Villa Drive, Suite 100 Metairie, LA 70002<\/p>\n\n\n\n<p class=\"icon ion-ios-telephone\">504-612-8961<\/p>\n\n\n\n<hr class=\"wp-block-separator has-text-color has-alpha-channel-opacity has-background is-style-wide\" style=\"background-color:#d4d4d4;color:#d4d4d4\">\n\n\n\n<p class=\"icon ion-ios-location\">&nbsp;5001 Hwy 190 E Service Rd, Suite B-4, Covington, LA 70433<\/p>\n\n\n\n<p class=\"icon ion-ios-telephone\">985-551-9870<\/p>\n<\/div><\/div><\/div>\n\n\n\n<h3 class=\"wp-block-heading\"><strong>Hearing Center of Greater New Orleans<\/strong><\/h3>\n\n\n\n<p><em>Ofrece evaluaciones de la audici\u00f3n, consultas\/pruebas\/reparaciones de aud\u00edfonos, servicios del implante cochlear, y protecciones auditivas personalizadas. A veces se requiere una copia de su prueba de audici\u00f3n m\u00e1s reciente (si aplica) y una autorizaci\u00f3n m\u00e9dica de un m\u00e9dico. <\/em><\/p>\n\n\n\n<div style=\"background-color:#f6f6f6;padding-left:4%;padding-right:4%;padding-bottom:4%;padding-top:4%;margin-bottom:5%\" class=\"wp-block-genesis-blocks-gb-container resource-details gb-block-container\"><div class=\"gb-container-inside\"><div class=\"gb-container-content\">\n<p class=\"icon ion-ios-location\">2633 Napoleon Avenue, #703 New Orleans, LA 70115<\/p>\n\n\n\n<p class=\"icon ion-ios-telephone\">  504-301-1271<\/p>\n<\/div><\/div><\/div>\n\n\n\n<h3 class=\"wp-block-heading\"><strong>LSU Speech and Hearing Clinic<\/strong><\/h3>\n\n\n\n<p><em>Cl\u00ednica que ofrece opciones diagn\u00f3sticas y terapias diferentes para individuos con trastornos de comunicaci\u00f3n. Los servicios incluyen rehabilitaci\u00f3n de sonido, dep\u00f3sitos de voz, entrenamiento y modificaci\u00f3n de acentos, etc. A veces se requiere una copia de su prueba de audici\u00f3n m\u00e1s reciente (si aplica) y una autorizaci\u00f3n m\u00e9dica de un m\u00e9dico.  <\/em><\/p>\n\n\n\n<div style=\"background-color:#f6f6f6;padding-left:4%;padding-right:4%;padding-bottom:4%;padding-top:4%;margin-bottom:5%\" class=\"wp-block-genesis-blocks-gb-container resource-details gb-block-container\"><div class=\"gb-container-inside\"><div class=\"gb-container-content\">\n<p class=\"icon ion-ios-location\">1900 Gravier St, 9th Floor New Orleans, LA 70112<\/p>\n\n\n\n<p class=\"icon ion-ios-telephone\">504-568-4348<\/p>\n<\/div><\/div><\/div>\n\n\n\n<h3 class=\"wp-block-heading\"><strong>New Orleans Speech and Hearing Center<\/strong><\/h3>\n\n\n\n<p><em>Ofrece evaluaciones de lenguaje en el ingl\u00e9s y espa\u00f1ol. Los servicios audiol\u00f3gios incluyen evaluaciones comprensivas del o\u00eddo, rehabilitaci\u00f3n, aud\u00edfonos para adultos y ni\u00f1os, ex\u00e1menes de la atenci\u00f3n auditiva, pruebas de trastornos del procesamiento auditivo, y protecci\u00f3n auditiva personalizada. A veces se requiere una copia de su prueba de audici\u00f3n m\u00e1s reciente (si aplica) y una autorizaci\u00f3n m\u00e9dica de un m\u00e9dico.  <\/em><\/p>\n\n\n\n<div style=\"background-color:#f6f6f6;padding-left:4%;padding-right:4%;padding-bottom:4%;padding-top:4%;margin-bottom:5%\" class=\"wp-block-genesis-blocks-gb-container resource-details gb-block-container\"><div class=\"gb-container-inside\"><div class=\"gb-container-content\">\n<p class=\"icon ion-ios-location\">1636 Toledano St. New Olreans, LA 70115<\/p>\n\n\n\n<hr class=\"wp-block-separator has-text-color has-alpha-channel-opacity has-background is-style-wide\" style=\"background-color:#d4d4d4;color:#d4d4d4\">\n\n\n\n<p class=\"icon ion-ios-location\">5646 Read Blvd., Suite 320, New Orleans, LA 70127<\/p>\n\n\n\n<hr class=\"wp-block-separator has-text-color has-alpha-channel-opacity has-background is-style-wide\" style=\"background-color:#d4d4d4;color:#d4d4d4\">\n\n\n\n<p class=\"icon ion-ios-location\">4051 Veterans Blvd., Suite 223, Metairie, LA 70002<\/p>\n\n\n\n<hr class=\"wp-block-separator has-text-color has-alpha-channel-opacity has-background is-style-wide\" style=\"background-color:#d4d4d4;color:#d4d4d4\">\n\n\n\n<p class=\"icon ion-ios-location\">4700 Wichers Drive, Suite 105, Marrero, LA 70072<\/p>\n\n\n\n<hr class=\"wp-block-separator has-text-color has-alpha-channel-opacity has-background is-style-wide\" style=\"background-color:#d4d4d4;color:#d4d4d4\">\n\n\n\n<p class=\"icon ion-ios-telephone\">504-897-2606<\/p>\n<\/div><\/div><\/div>\n\n\n\n<h3 class=\"wp-block-heading\"><strong>NOLA Hearing Center<\/strong><\/h3>\n\n\n\n<p><em>Ofrece protecciones auditivas personalizadas, evaluaciones de la audici\u00f3n, consultas\/pruebas\/reparaciones de aud\u00edfonos, speech maps, y terapias para el tinnitus. A veces se requiere una copia de su prueba de audici\u00f3n m\u00e1s reciente (si aplica) y una autorizaci\u00f3n m\u00e9dica de un m\u00e9dico. <\/em><\/p>\n\n\n\n<div style=\"background-color:#f6f6f6;padding-left:4%;padding-right:4%;padding-bottom:4%;padding-top:4%;margin-bottom:5%\" class=\"wp-block-genesis-blocks-gb-container resource-details gb-block-container\"><div class=\"gb-container-inside\"><div class=\"gb-container-content\">\n<p class=\"icon ion-ios-location\">1700 Veterans Blvd, Suite 200 Metairie, LA 70005<\/p>\n\n\n\n<p class=\"icon ion-ios-telephone\">504-309-8322<\/p>\n<\/div><\/div><\/div>\n\n\n\n<h3 class=\"wp-block-heading\"><strong>Costco<\/strong><\/h3>\n\n\n\n<p><em>Ofrece evaluaciones de la audici\u00f3n, atenci\u00f3n de seguimiento, limpiezas\/pruebas de aud\u00edfonos, y demostraciones de productos. A veces se requiere una copia de su prueba de audici\u00f3n m\u00e1s reciente (si aplica) y una autorizaci\u00f3n m\u00e9dica de un m\u00e9dico. <\/em><\/p>\n\n\n\n<p><\/p>\n\n\n\n<h3 class=\"wp-block-heading\"><strong>Sam\u2019s Club<\/strong><\/h3>\n\n\n\n<p><em>A veces se requiere una copia de su prueba de audici\u00f3n m\u00e1s reciente (si aplica) y una autorizaci\u00f3n m\u00e9dica de un m\u00e9dico.<\/em><\/p>\n","protected":false},"excerpt":{"rendered":"<p>Associated Hearing, Inc.&nbsp; Ofrecen pruebas de audici\u00f3n, terapias para el tinnitus, rehabilitaci\u00f3n auditiva, terapias para el equilibrio, protecci\u00f3n auditiva, tel\u00e9fonos subtitulados, y extracci\u00f3n de cera. A veces se requiere una copia de su prueba de audici\u00f3n m\u00e1s reciente (si aplica) y una autorizaci\u00f3n m\u00e9dica de un m\u00e9dico. Creel Hearing Center Ofrecen pruebas de audici\u00f3n, pruebas [&hellip;]<\/p>\n","protected":false},"author":9,"featured_media":0,"parent":608,"menu_order":0,"comment_status":"closed","ping_status":"closed","template":"","meta":{"_genesis_hide_title":false,"_genesis_hide_breadcrumbs":false,"_genesis_hide_singular_image":false,"_genesis_hide_footer_widgets":false,"_genesis_custom_body_class":"","_genesis_custom_post_class":"","_genesis_layout":"content-sidebar","footnotes":""},"class_list":{"0":"post-610","1":"page","2":"type-page","3":"status-publish","5":"entry"},"yoast_head":"<!-- This site is optimized with the Yoast SEO plugin v27.5 - https:\/\/yoast.com\/product\/yoast-seo-wordpress\/ -->\n<title>Aud\u00edfonos - GeauxHealth!<\/title>\n<meta name=\"description\" content=\"Use esta p\u00e1gina para localizar proveedores de aud\u00edfonos, pruebas de audici\u00f3n, y otros servicios auditivos.\" \/>\n<meta name=\"robots\" content=\"index, follow, max-snippet:-1, max-image-preview:large, max-video-preview:-1\" \/>\n<link rel=\"canonical\" href=\"https:\/\/geauxhealth.org\/es\/medicamentos-provisiones\/audifonos\/\" \/>\n<meta property=\"og:locale\" content=\"es_ES\" \/>\n<meta property=\"og:type\" content=\"article\" \/>\n<meta property=\"og:title\" content=\"Aud\u00edfonos - GeauxHealth!\" \/>\n<meta property=\"og:description\" content=\"Use esta p\u00e1gina para localizar proveedores de aud\u00edfonos, pruebas de audici\u00f3n, y otros servicios auditivos.\" \/>\n<meta property=\"og:url\" content=\"https:\/\/geauxhealth.org\/es\/medicamentos-provisiones\/audifonos\/\" \/>\n<meta property=\"og:site_name\" content=\"GeauxHealth!\" \/>\n<meta name=\"twitter:card\" content=\"summary_large_image\" \/>\n<meta name=\"twitter:label1\" content=\"Tiempo de lectura\" \/>\n\t<meta name=\"twitter:data1\" content=\"3 minutos\" \/>\n<script type=\"application\/ld+json\" class=\"yoast-schema-graph\">{\"@context\":\"https:\\\/\\\/schema.org\",\"@graph\":[{\"@type\":\"WebPage\",\"@id\":\"https:\\\/\\\/geauxhealth.org\\\/es\\\/medicamentos-provisiones\\\/audifonos\\\/\",\"url\":\"https:\\\/\\\/geauxhealth.org\\\/es\\\/medicamentos-provisiones\\\/audifonos\\\/\",\"name\":\"Aud\u00edfonos - GeauxHealth!\",\"isPartOf\":{\"@id\":\"https:\\\/\\\/geauxhealth.org\\\/#website\"},\"datePublished\":\"2022-06-14T22:07:41+00:00\",\"description\":\"Use esta p\u00e1gina para localizar proveedores de aud\u00edfonos, pruebas de audici\u00f3n, y otros servicios auditivos.\",\"breadcrumb\":{\"@id\":\"https:\\\/\\\/geauxhealth.org\\\/es\\\/medicamentos-provisiones\\\/audifonos\\\/#breadcrumb\"},\"inLanguage\":\"es\",\"potentialAction\":[{\"@type\":\"ReadAction\",\"target\":[\"https:\\\/\\\/geauxhealth.org\\\/es\\\/medicamentos-provisiones\\\/audifonos\\\/\"]}]},{\"@type\":\"BreadcrumbList\",\"@id\":\"https:\\\/\\\/geauxhealth.org\\\/es\\\/medicamentos-provisiones\\\/audifonos\\\/#breadcrumb\",\"itemListElement\":[{\"@type\":\"ListItem\",\"position\":1,\"name\":\"Home\",\"item\":\"https:\\\/\\\/geauxhealth.org\\\/es\\\/\"},{\"@type\":\"ListItem\",\"position\":2,\"name\":\"Medicamentos\\\/Provisiones\",\"item\":\"https:\\\/\\\/geauxhealth.org\\\/es\\\/medicamentos-provisiones\\\/\"},{\"@type\":\"ListItem\",\"position\":3,\"name\":\"Aud\u00edfonos\"}]},{\"@type\":\"WebSite\",\"@id\":\"https:\\\/\\\/geauxhealth.org\\\/#website\",\"url\":\"https:\\\/\\\/geauxhealth.org\\\/\",\"name\":\"GeauxHealth\",\"description\":\"Health Resources for the New Orleans Area\",\"potentialAction\":[{\"@type\":\"SearchAction\",\"target\":{\"@type\":\"EntryPoint\",\"urlTemplate\":\"https:\\\/\\\/geauxhealth.org\\\/?s={search_term_string}\"},\"query-input\":{\"@type\":\"PropertyValueSpecification\",\"valueRequired\":true,\"valueName\":\"search_term_string\"}}],\"inLanguage\":\"es\"}]}<\/script>\n<!-- \/ Yoast SEO plugin. -->","yoast_head_json":{"title":"Aud\u00edfonos - GeauxHealth!","description":"Use esta p\u00e1gina para localizar proveedores de aud\u00edfonos, pruebas de audici\u00f3n, y otros servicios auditivos.","robots":{"index":"index","follow":"follow","max-snippet":"max-snippet:-1","max-image-preview":"max-image-preview:large","max-video-preview":"max-video-preview:-1"},"canonical":"https:\/\/geauxhealth.org\/es\/medicamentos-provisiones\/audifonos\/","og_locale":"es_ES","og_type":"article","og_title":"Aud\u00edfonos - GeauxHealth!","og_description":"Use esta p\u00e1gina para localizar proveedores de aud\u00edfonos, pruebas de audici\u00f3n, y otros servicios auditivos.","og_url":"https:\/\/geauxhealth.org\/es\/medicamentos-provisiones\/audifonos\/","og_site_name":"GeauxHealth!","twitter_card":"summary_large_image","twitter_misc":{"Tiempo de lectura":"3 minutos"},"schema":{"@context":"https:\/\/schema.org","@graph":[{"@type":"WebPage","@id":"https:\/\/geauxhealth.org\/es\/medicamentos-provisiones\/audifonos\/","url":"https:\/\/geauxhealth.org\/es\/medicamentos-provisiones\/audifonos\/","name":"Aud\u00edfonos - GeauxHealth!","isPartOf":{"@id":"https:\/\/geauxhealth.org\/#website"},"datePublished":"2022-06-14T22:07:41+00:00","description":"Use esta p\u00e1gina para localizar proveedores de aud\u00edfonos, pruebas de audici\u00f3n, y otros servicios auditivos.","breadcrumb":{"@id":"https:\/\/geauxhealth.org\/es\/medicamentos-provisiones\/audifonos\/#breadcrumb"},"inLanguage":"es","potentialAction":[{"@type":"ReadAction","target":["https:\/\/geauxhealth.org\/es\/medicamentos-provisiones\/audifonos\/"]}]},{"@type":"BreadcrumbList","@id":"https:\/\/geauxhealth.org\/es\/medicamentos-provisiones\/audifonos\/#breadcrumb","itemListElement":[{"@type":"ListItem","position":1,"name":"Home","item":"https:\/\/geauxhealth.org\/es\/"},{"@type":"ListItem","position":2,"name":"Medicamentos\/Provisiones","item":"https:\/\/geauxhealth.org\/es\/medicamentos-provisiones\/"},{"@type":"ListItem","position":3,"name":"Aud\u00edfonos"}]},{"@type":"WebSite","@id":"https:\/\/geauxhealth.org\/#website","url":"https:\/\/geauxhealth.org\/","name":"GeauxHealth","description":"Health Resources for the New Orleans Area","potentialAction":[{"@type":"SearchAction","target":{"@type":"EntryPoint","urlTemplate":"https:\/\/geauxhealth.org\/?s={search_term_string}"},"query-input":{"@type":"PropertyValueSpecification","valueRequired":true,"valueName":"search_term_string"}}],"inLanguage":"es"}]}},"featured_image_src":null,"featured_image_src_square":null,"_links":{"self":[{"href":"https:\/\/geauxhealth.org\/es\/wp-json\/wp\/v2\/pages\/610","targetHints":{"allow":["GET"]}}],"collection":[{"href":"https:\/\/geauxhealth.org\/es\/wp-json\/wp\/v2\/pages"}],"about":[{"href":"https:\/\/geauxhealth.org\/es\/wp-json\/wp\/v2\/types\/page"}],"author":[{"embeddable":true,"href":"https:\/\/geauxhealth.org\/es\/wp-json\/wp\/v2\/users\/9"}],"replies":[{"embeddable":true,"href":"https:\/\/geauxhealth.org\/es\/wp-json\/wp\/v2\/comments?post=610"}],"version-history":[{"count":0,"href":"https:\/\/geauxhealth.org\/es\/wp-json\/wp\/v2\/pages\/610\/revisions"}],"up":[{"embeddable":true,"href":"https:\/\/geauxhealth.org\/es\/wp-json\/wp\/v2\/pages\/608"}],"wp:attachment":[{"href":"https:\/\/geauxhealth.org\/es\/wp-json\/wp\/v2\/media?parent=610"}],"curies":[{"name":"wp","href":"https:\/\/api.w.org\/{rel}","templated":true}]}}