{"id":611,"date":"2022-06-14T21:36:22","date_gmt":"2022-06-14T21:36:22","guid":{"rendered":"https:\/\/geauxhealth.org\/medicamentos-provisiones\/farmacias\/"},"modified":"2022-06-14T21:36:22","modified_gmt":"2022-06-14T21:36:22","slug":"farmacias","status":"publish","type":"page","link":"https:\/\/geauxhealth.org\/es\/medicamentos-provisiones\/farmacias\/","title":{"rendered":"Farmacias"},"content":{"rendered":"\n<h3 class=\"wp-block-heading\"><strong>Crescent Care<\/strong><\/h3>\n\n\n\n<p><em>Cl\u00ednica que ofrece atenci\u00f3n m\u00e9dica para individuos, parejas y familias. Tiene servicios de: atenci\u00f3n primaria, pediatr\u00eda, salud mental, odontolog\u00eda, salud de la mujer, atenci\u00f3n para al VIH y la hepatitis C, cuidados preventativos, salud de los transexuales, ayuda legal, y seguro m\u00e9dico. Ofrece servicios a los que no tengan seguro m\u00e9dico o que tengan seguro m\u00e9dico insuficiente, Medicaid, o seguro privado. Se habla espa\u00f1ol (504-207-2273, marque 2) <\/em><\/p>\n\n\n\n<div style=\"background-color:#f6f6f6;padding-left:4%;padding-right:4%;padding-bottom:4%;padding-top:4%;margin-bottom:5%\" class=\"wp-block-genesis-blocks-gb-container resource-details gb-block-container\"><div class=\"gb-container-inside\"><div class=\"gb-container-content\">\n<p class=\"icon ion-ios-location\">1631 Elysian Fields, New Orleans, LA 70117 Tele: (504) 821-2601<\/p>\n\n\n\n<p class=\"icon ion-ios-telephone\">504-207-2273<\/p>\n\n\n\n<hr class=\"wp-block-separator has-text-color has-alpha-channel-opacity has-background is-style-wide\" style=\"background-color:#d4d4d4;color:#d4d4d4\">\n\n\n\n<p class=\"icon ion-ios-location\">3308 Tulane Ave, New Orleans, LA 70119<\/p>\n\n\n\n<p class=\"icon ion-ios-telephone\">844-315-2273<\/p>\n\n\n\n<hr class=\"wp-block-separator has-text-color has-alpha-channel-opacity has-background is-style-wide\" style=\"background-color:#d4d4d4;color:#d4d4d4\">\n\n\n\n<p class=\"icon ion-android-desktop\"><a href=\"https:\/\/crescentcarehealth.org\/\" target=\"_blank\" rel=\"noreferrer noopener\">crescentcarehealth.org<\/a><\/p>\n<\/div><\/div><\/div>\n\n\n\n<h3 class=\"wp-block-heading\"><strong>Good Rx<\/strong><\/h3>\n\n\n\n<p><em>Sitio web y app (gratis) que compara los precios de medicamentos recetados y ofrece cupones\/descuentos para medicamentos por los que pagan sin seguro m\u00e9dico.<\/em><\/p>\n\n\n\n<div style=\"background-color:#f6f6f6;padding-left:4%;padding-right:4%;padding-bottom:4%;padding-top:4%;margin-bottom:5%\" class=\"wp-block-genesis-blocks-gb-container resource-details gb-block-container\"><div class=\"gb-container-inside\"><div class=\"gb-container-content\">\n<p class=\"icon ion-android-desktop\"><a href=\"http:\/\/www.goodrx.com\/\">https:\/\/www.goodrx.com<\/a><\/p>\n<\/div><\/div><\/div>\n\n\n\n<h3 class=\"wp-block-heading\"><strong>Walmart $4 Prescription Drug Program<\/strong><\/h3>\n\n\n\n<p><em>Encuentra medicamentos gen\u00e9ricos recetados por $4-$15 (para 30 d\u00edas). No necesita seguro m\u00e9dico. Los medicamentos incluyen al cholesterol, diabetes, digesti\u00f3n, planificaci\u00f3n familiar, salud de la coraz\u00f3n y presi\u00f3n arterial, salud mental, manejo del dolor, salud respiratoria, tiroides, vitaminas, y nutrici\u00f3n.  <\/em><\/p>\n\n\n\n<div style=\"background-color:#f6f6f6;padding-left:4%;padding-right:4%;padding-bottom:4%;padding-top:4%;margin-bottom:5%\" class=\"wp-block-genesis-blocks-gb-container resource-details gb-block-container\"><div class=\"gb-container-inside\"><div class=\"gb-container-content\">\n<p class=\"icon ion-android-desktop\"><a href=\"https:\/\/www.walmart.com\/cp\/4-prescriptions\/1078664\">https:\/\/www.walmart.com\/cp\/4-prescriptions\/1078664<\/a><\/p>\n<\/div><\/div><\/div>\n\n\n\n<h3 class=\"wp-block-heading\"><strong>Healthcare for the Homeless<\/strong><\/h3>\n\n\n\n<p><em>\u2018Healthcare for the Homeless\u2019 ofrece servicios de apoyo para los pacientes establecidos, como asistencia con medicamentos, evaluaciones y referencias de la salud del comportamiento, referencias para x-ray y especialistas, y ayuda con Medicaid. Los pacientes se aceptan con\/sin cita. <\/em><\/p>\n\n\n\n<div style=\"background-color:#f6f6f6;padding-left:4%;padding-right:4%;padding-bottom:4%;padding-top:4%;margin-bottom:5%\" class=\"wp-block-genesis-blocks-gb-container resource-details gb-block-container\"><div class=\"gb-container-inside\"><div class=\"gb-container-content\">\n<p class=\"icon ion-ios-location\">1530 Gravier St New Orleans, LA<\/p>\n\n\n\n<p class=\"icon ion-ios-telephone\">504-658-2785<\/p>\n\n\n\n<p class=\"icon ion-android-desktop\"><a href=\"https:\/\/www.nola.gov\/health\/homeless\/\">https:\/\/www.nola.gov\/health\/homeless\/<\/a><\/p>\n<\/div><\/div><\/div>\n\n\n\n<h3 class=\"wp-block-heading\"><strong>UMC&#8217;s Addiction Psychiatry Clinic<\/strong><\/h3>\n\n\n\n<p><em>UMC Primary Care Center (Centro de atenci\u00f3n primaria) atenci\u00f3n m\u00e9dica integrada ofrece terapias asistidas por medicaciones para trastornos del uso de opi\u00e1ceos en un ambiente de atenci\u00f3n primaria. Horas: 8:30-5:30 mi\u00e9rcoles y 8:30-12:30 jueves <\/em><\/p>\n\n\n\n<p><em>Servicios ambulatorios intensivos para el abuso de sustancias ofrecen a los pacientes terapia 1:1 con una trabajadora social cl\u00ednica. El programa crecer\u00e1 en el futuro para incluir terapia en grupos para personas recuperadas de trastornos de adicci\u00f3n.<\/em><\/p>\n\n\n\n<div style=\"background-color:#f6f6f6;padding-left:4%;padding-right:4%;padding-bottom:4%;padding-top:4%;margin-bottom:5%\" class=\"wp-block-genesis-blocks-gb-container resource-details gb-block-container\"><div class=\"gb-container-inside\"><div class=\"gb-container-content\">\n<p class=\"icon ion-ios-location\">2003 Tulane Ave, First floor (UMC Primary Care), Suite A. New Orleans, LA 70112<\/p>\n\n\n\n<p class=\"icon ion-ios-telephone\">504-962-6110 | 504-962-6106<\/p>\n\n\n\n<p class=\"icon ion-android-desktop\"><a href=\"http:\/\/www.umcno.org\/programs-services\/behavioral-health-services\/addiction-psychiatry-services\/\" target=\"_blank\" rel=\"noreferrer noopener\">www.umcno.org\/programs-services\/behavioral-health-services\/addiction-psychiatry-services\/<\/a><\/p>\n<\/div><\/div><\/div>\n\n\n\n<h3 class=\"wp-block-heading\"><strong>ACER<\/strong> (Addictions Counseling and Educational Resources)<\/h3>\n\n\n\n<p><em>Ofrece terapia, evaluaciones (gratis), terapias intensivos ambulatorios (8-14 semanas para el programa con sesiones en grupo, individualmente, un programa de recuperaci\u00f3n de 12-pasos, y pruebas de orina), apoyo para embarazos y apoyo tras el parto para abstenci\u00f3n a largo plazo y mantenimiento de de recuperaci\u00f3n (terapias asistidas por medicaciones, atenci\u00f3n m\u00e9dica coordinada con el OB\/GYN, y terapias para la salud mental), recuperaci\u00f3n asistida por medicamento (detox), manejo de la ira, terapia para familias, y educaci\u00f3n sobre el abuso de substancias (requerido para delitos relacionados con abuso de substancias)<\/em><\/p>\n\n\n\n<div style=\"background-color:#f6f6f6;padding-left:4%;padding-right:4%;padding-bottom:4%;padding-top:4%;margin-bottom:5%\" class=\"wp-block-genesis-blocks-gb-container resource-details gb-block-container\"><div class=\"gb-container-inside\"><div class=\"gb-container-content\">\n<p class=\"icon ion-ios-location\">2321 North Hullen St, Suite B. &nbsp;Metairie, LA 70001<\/p>\n\n\n\n<p class=\"icon ion-ios-telephone\">504-941-7580<\/p>\n\n\n\n<hr class=\"wp-block-separator has-text-color has-alpha-channel-opacity has-background is-style-wide\" style=\"background-color:#d4d4d4;color:#d4d4d4\">\n\n\n\n<p class=\"icon ion-ios-location\">115 Christian Lane, Slidell, LA 70458<\/p>\n\n\n\n<p class=\"icon ion-ios-telephone\">985-690-6622<\/p>\n\n\n\n<hr class=\"wp-block-separator has-text-color has-alpha-channel-opacity has-background is-style-wide\" style=\"background-color:#d4d4d4;color:#d4d4d4\">\n\n\n\n<p class=\"icon ion-android-desktop\">&nbsp;<a href=\"http:\/\/www.acercanhelp.com\/\" target=\"_blank\" rel=\"noreferrer noopener\">www.acercanhelp.com<\/a><\/p>\n<\/div><\/div><\/div>\n\n\n\n<h3 class=\"wp-block-heading\"><strong>Addiction Recovery Resources New Orleans <\/strong><\/h3>\n\n\n\n<p><em>Ofrece desintoxicaci\u00f3n ambulatoria, tratamiento residencial, programas ambulatorios intensivos, residencias transicionales, tratamiento dirigido por medicamento (suboxone, vivitrol, etc.), programas de recuperaci\u00f3n de 12 pasos, grupos de apoyo, oportunidades vocacionales, oportunidades voluntarios, y terapia en grupo.<\/em><\/p>\n\n\n\n<div style=\"background-color:#f6f6f6;padding-left:4%;padding-right:4%;padding-bottom:4%;padding-top:4%;margin-bottom:5%\" class=\"wp-block-genesis-blocks-gb-container resource-details gb-block-container\"><div class=\"gb-container-inside\"><div class=\"gb-container-content\">\n<p class=\"icon ion-ios-location\">1615 Canal St Ste. A-1 New Orleans, LA 70112<\/p>\n\n\n\n<p class=\"icon ion-ios-telephone\">504-308-3292<\/p>\n\n\n\n<p class=\"icon ion-android-desktop\"><a href=\"http:\/\/www.arrno.com\" target=\"_blank\" rel=\"noreferrer noopener\">arrno.com<\/a> <\/p>\n<\/div><\/div><\/div>\n\n\n\n<h3 class=\"wp-block-heading\"><strong>Metropolitan Human Services District<\/strong><\/h3>\n\n\n\n<p><em>Asistencia con medicamentos psychiatricos, terapias asistidas por medicaci\u00f3n, y gesti\u00f3n de medicamentos.<\/em><\/p>\n\n\n\n<p><em>Lunes-viernes: 8a-4:30p<\/em><\/p>\n\n\n\n<div style=\"background-color:#f6f6f6;padding-left:4%;padding-right:4%;padding-bottom:4%;padding-top:4%;margin-bottom:5%\" class=\"wp-block-genesis-blocks-gb-container resource-details gb-block-container\"><div class=\"gb-container-inside\"><div class=\"gb-container-content\">\n<p class=\"icon ion-ios-location\">3100 General De Gaulle Drive, New Orleans, LA 70114<\/p>\n\n\n\n<p class=\"icon ion-ios-telephone\">504-568-3130<\/p>\n\n\n\n<p class=\"icon ion-android-desktop\">&nbsp;<a href=\"https:\/\/www.mhsdla.org\/\" target=\"_blank\" rel=\"noreferrer noopener\">https:\/\/www.mhsdla.org\/<\/a><\/p>\n<\/div><\/div><\/div>\n\n\n\n<h3 class=\"wp-block-heading\"><strong>Farmacias en la parroquia Orleans con Naloxone disponible sin receta<\/strong><\/h3>\n\n\n\n<p><em>Naloxone es la droga que se usa para revertir la sobredosis de opi\u00e1ceos, no necesita identificaci\u00f3n para comprarlo, y el farmac\u00e9utico le puede decir c\u00f3mo administrarlo.<\/em><em>. Cuesta entre $20-100, o $3-5 con Medicaid.<\/em><\/p>\n\n\n\n<div style=\"background-color:#f6f6f6;padding-left:4%;padding-right:4%;padding-bottom:4%;padding-top:4%;margin-bottom:5%\" class=\"wp-block-genesis-blocks-gb-container resource-details gb-block-container\"><div class=\"gb-container-inside\"><div class=\"gb-container-content\">\n<p class=\"icon ion-ios-location\"><strong>CVS <\/strong>or<strong> Walgreens<\/strong><\/p>\n\n\n\n<hr class=\"wp-block-separator has-text-color has-alpha-channel-opacity has-background is-style-wide\" style=\"background-color:#d4d4d4;color:#d4d4d4\">\n\n\n\n<p class=\"icon ion-ios-location\"><strong>Avita Pharmacy:<\/strong> 1631 Elysian Fields, New Orleans, LA<\/p>\n\n\n\n<p class=\"icon ion-ios-telephone\">504-822-8013<\/p>\n\n\n\n<hr class=\"wp-block-separator has-text-color has-alpha-channel-opacity has-background is-style-wide\" style=\"background-color:#d4d4d4;color:#d4d4d4\">\n\n\n\n<p class=\"icon ion-ios-location\"><strong>Avita Pharmacy:<\/strong> 3308 Tulane Ave, Ste 102, New Orleans, LA<\/p>\n\n\n\n<p class=\"icon ion-ios-telephone\">504-620-0670<\/p>\n\n\n\n<hr class=\"wp-block-separator has-text-color has-alpha-channel-opacity has-background is-style-wide\" style=\"background-color:#d4d4d4;color:#d4d4d4\">\n\n\n\n<p class=\"icon ion-ios-location\"><strong>Crescent City Pharmacy <\/strong>2240 Simon Bolivar, New Orleans, LA 70115<\/p>\n\n\n\n<p class=\"icon ion-ios-telephone\">504-267-4113<\/p>\n\n\n\n<hr class=\"wp-block-separator has-text-color has-alpha-channel-opacity has-background is-style-wide\" style=\"background-color:#d4d4d4;color:#d4d4d4\">\n\n\n\n<p class=\"icon ion-ios-location\"><strong>Genoa Healthcare,<\/strong> 2221 Philip St, Ste Q, New Orleans, LA 70113<\/p>\n\n\n\n<p class=\"icon ion-ios-telephone\">504-571-9120<\/p>\n\n\n\n<hr class=\"wp-block-separator has-text-color has-alpha-channel-opacity has-background is-style-wide\" style=\"background-color:#d4d4d4;color:#d4d4d4\">\n\n\n\n<p><strong>Si no lo consigue localmente, se puede ser entrenado por Internet con una cantidad enviada por correo.<\/strong><\/p>\n\n\n\n<p class=\"icon ion-android-desktop\">&nbsp;<a href=\"https:\/\/www.naloxoneexchange.com\" target=\"_blank\" rel=\"noreferrer noopener\">naloxoneexchange.com<\/a> | <a href=\"https:\/\/nextdistro.org\/louisiana\" target=\"_blank\" rel=\"noreferrer noopener\">nextdistro.org\/louisiana<\/a> <\/p>\n<\/div><\/div><\/div>\n","protected":false},"excerpt":{"rendered":"<p>Crescent Care Cl\u00ednica que ofrece atenci\u00f3n m\u00e9dica para individuos, parejas y familias. Tiene servicios de: atenci\u00f3n primaria, pediatr\u00eda, salud mental, odontolog\u00eda, salud de la mujer, atenci\u00f3n para al VIH y la hepatitis C, cuidados preventativos, salud de los transexuales, ayuda legal, y seguro m\u00e9dico. Ofrece servicios a los que no tengan seguro m\u00e9dico o que [&hellip;]<\/p>\n","protected":false},"author":9,"featured_media":0,"parent":608,"menu_order":0,"comment_status":"closed","ping_status":"closed","template":"","meta":{"_genesis_hide_title":false,"_genesis_hide_breadcrumbs":false,"_genesis_hide_singular_image":false,"_genesis_hide_footer_widgets":false,"_genesis_custom_body_class":"","_genesis_custom_post_class":"","_genesis_layout":"content-sidebar","footnotes":""},"class_list":{"0":"post-611","1":"page","2":"type-page","3":"status-publish","5":"entry"},"yoast_head":"<!-- This site is optimized with the Yoast SEO plugin v27.5 - https:\/\/yoast.com\/product\/yoast-seo-wordpress\/ -->\n<title>Farmacias - GeauxHealth!<\/title>\n<meta name=\"description\" content=\"Use esta p\u00e1gina para localizar farmacias disponibles por Internet y\/o en New Orleans.\" \/>\n<meta name=\"robots\" content=\"index, follow, max-snippet:-1, max-image-preview:large, max-video-preview:-1\" \/>\n<link rel=\"canonical\" href=\"https:\/\/geauxhealth.org\/es\/medicamentos-provisiones\/farmacias\/\" \/>\n<meta property=\"og:locale\" content=\"es_ES\" \/>\n<meta property=\"og:type\" content=\"article\" \/>\n<meta property=\"og:title\" content=\"Farmacias - GeauxHealth!\" \/>\n<meta property=\"og:description\" content=\"Use esta p\u00e1gina para localizar farmacias disponibles por Internet y\/o en New Orleans.\" \/>\n<meta property=\"og:url\" content=\"https:\/\/geauxhealth.org\/es\/medicamentos-provisiones\/farmacias\/\" \/>\n<meta property=\"og:site_name\" content=\"GeauxHealth!\" \/>\n<meta name=\"twitter:card\" content=\"summary_large_image\" \/>\n<meta name=\"twitter:label1\" content=\"Tiempo de lectura\" \/>\n\t<meta name=\"twitter:data1\" content=\"3 minutos\" \/>\n<script type=\"application\/ld+json\" class=\"yoast-schema-graph\">{\"@context\":\"https:\\\/\\\/schema.org\",\"@graph\":[{\"@type\":\"WebPage\",\"@id\":\"https:\\\/\\\/geauxhealth.org\\\/es\\\/medicamentos-provisiones\\\/farmacias\\\/\",\"url\":\"https:\\\/\\\/geauxhealth.org\\\/es\\\/medicamentos-provisiones\\\/farmacias\\\/\",\"name\":\"Farmacias - GeauxHealth!\",\"isPartOf\":{\"@id\":\"https:\\\/\\\/geauxhealth.org\\\/#website\"},\"datePublished\":\"2022-06-14T21:36:22+00:00\",\"description\":\"Use esta p\u00e1gina para localizar farmacias disponibles por Internet y\\\/o en New Orleans.\",\"breadcrumb\":{\"@id\":\"https:\\\/\\\/geauxhealth.org\\\/es\\\/medicamentos-provisiones\\\/farmacias\\\/#breadcrumb\"},\"inLanguage\":\"es\",\"potentialAction\":[{\"@type\":\"ReadAction\",\"target\":[\"https:\\\/\\\/geauxhealth.org\\\/es\\\/medicamentos-provisiones\\\/farmacias\\\/\"]}]},{\"@type\":\"BreadcrumbList\",\"@id\":\"https:\\\/\\\/geauxhealth.org\\\/es\\\/medicamentos-provisiones\\\/farmacias\\\/#breadcrumb\",\"itemListElement\":[{\"@type\":\"ListItem\",\"position\":1,\"name\":\"Home\",\"item\":\"https:\\\/\\\/geauxhealth.org\\\/es\\\/\"},{\"@type\":\"ListItem\",\"position\":2,\"name\":\"Medicamentos\\\/Provisiones\",\"item\":\"https:\\\/\\\/geauxhealth.org\\\/es\\\/medicamentos-provisiones\\\/\"},{\"@type\":\"ListItem\",\"position\":3,\"name\":\"Farmacias\"}]},{\"@type\":\"WebSite\",\"@id\":\"https:\\\/\\\/geauxhealth.org\\\/#website\",\"url\":\"https:\\\/\\\/geauxhealth.org\\\/\",\"name\":\"GeauxHealth\",\"description\":\"Health Resources for the New Orleans Area\",\"potentialAction\":[{\"@type\":\"SearchAction\",\"target\":{\"@type\":\"EntryPoint\",\"urlTemplate\":\"https:\\\/\\\/geauxhealth.org\\\/?s={search_term_string}\"},\"query-input\":{\"@type\":\"PropertyValueSpecification\",\"valueRequired\":true,\"valueName\":\"search_term_string\"}}],\"inLanguage\":\"es\"}]}<\/script>\n<!-- \/ Yoast SEO plugin. -->","yoast_head_json":{"title":"Farmacias - GeauxHealth!","description":"Use esta p\u00e1gina para localizar farmacias disponibles por Internet y\/o en New Orleans.","robots":{"index":"index","follow":"follow","max-snippet":"max-snippet:-1","max-image-preview":"max-image-preview:large","max-video-preview":"max-video-preview:-1"},"canonical":"https:\/\/geauxhealth.org\/es\/medicamentos-provisiones\/farmacias\/","og_locale":"es_ES","og_type":"article","og_title":"Farmacias - GeauxHealth!","og_description":"Use esta p\u00e1gina para localizar farmacias disponibles por Internet y\/o en New Orleans.","og_url":"https:\/\/geauxhealth.org\/es\/medicamentos-provisiones\/farmacias\/","og_site_name":"GeauxHealth!","twitter_card":"summary_large_image","twitter_misc":{"Tiempo de lectura":"3 minutos"},"schema":{"@context":"https:\/\/schema.org","@graph":[{"@type":"WebPage","@id":"https:\/\/geauxhealth.org\/es\/medicamentos-provisiones\/farmacias\/","url":"https:\/\/geauxhealth.org\/es\/medicamentos-provisiones\/farmacias\/","name":"Farmacias - GeauxHealth!","isPartOf":{"@id":"https:\/\/geauxhealth.org\/#website"},"datePublished":"2022-06-14T21:36:22+00:00","description":"Use esta p\u00e1gina para localizar farmacias disponibles por Internet y\/o en New Orleans.","breadcrumb":{"@id":"https:\/\/geauxhealth.org\/es\/medicamentos-provisiones\/farmacias\/#breadcrumb"},"inLanguage":"es","potentialAction":[{"@type":"ReadAction","target":["https:\/\/geauxhealth.org\/es\/medicamentos-provisiones\/farmacias\/"]}]},{"@type":"BreadcrumbList","@id":"https:\/\/geauxhealth.org\/es\/medicamentos-provisiones\/farmacias\/#breadcrumb","itemListElement":[{"@type":"ListItem","position":1,"name":"Home","item":"https:\/\/geauxhealth.org\/es\/"},{"@type":"ListItem","position":2,"name":"Medicamentos\/Provisiones","item":"https:\/\/geauxhealth.org\/es\/medicamentos-provisiones\/"},{"@type":"ListItem","position":3,"name":"Farmacias"}]},{"@type":"WebSite","@id":"https:\/\/geauxhealth.org\/#website","url":"https:\/\/geauxhealth.org\/","name":"GeauxHealth","description":"Health Resources for the New Orleans Area","potentialAction":[{"@type":"SearchAction","target":{"@type":"EntryPoint","urlTemplate":"https:\/\/geauxhealth.org\/?s={search_term_string}"},"query-input":{"@type":"PropertyValueSpecification","valueRequired":true,"valueName":"search_term_string"}}],"inLanguage":"es"}]}},"featured_image_src":null,"featured_image_src_square":null,"_links":{"self":[{"href":"https:\/\/geauxhealth.org\/es\/wp-json\/wp\/v2\/pages\/611","targetHints":{"allow":["GET"]}}],"collection":[{"href":"https:\/\/geauxhealth.org\/es\/wp-json\/wp\/v2\/pages"}],"about":[{"href":"https:\/\/geauxhealth.org\/es\/wp-json\/wp\/v2\/types\/page"}],"author":[{"embeddable":true,"href":"https:\/\/geauxhealth.org\/es\/wp-json\/wp\/v2\/users\/9"}],"replies":[{"embeddable":true,"href":"https:\/\/geauxhealth.org\/es\/wp-json\/wp\/v2\/comments?post=611"}],"version-history":[{"count":0,"href":"https:\/\/geauxhealth.org\/es\/wp-json\/wp\/v2\/pages\/611\/revisions"}],"up":[{"embeddable":true,"href":"https:\/\/geauxhealth.org\/es\/wp-json\/wp\/v2\/pages\/608"}],"wp:attachment":[{"href":"https:\/\/geauxhealth.org\/es\/wp-json\/wp\/v2\/media?parent=611"}],"curies":[{"name":"wp","href":"https:\/\/api.w.org\/{rel}","templated":true}]}}