{"id":612,"date":"2022-06-09T13:02:23","date_gmt":"2022-06-09T13:02:23","guid":{"rendered":"https:\/\/geauxhealth.org\/salud-de-la-mujer\/apoyo-pre-natal-y-peri-natal\/"},"modified":"2022-06-09T13:02:23","modified_gmt":"2022-06-09T13:02:23","slug":"apoyo-pre-natal-y-peri-natal","status":"publish","type":"page","link":"https:\/\/geauxhealth.org\/es\/salud-de-la-mujer\/apoyo-pre-natal-y-peri-natal\/","title":{"rendered":"Apoyo Pre-Natal y Peri-Natal"},"content":{"rendered":"\n<h3 class=\"wp-block-heading\">Tulane- Fourth Trimester and Beyond Clinic<\/h3>\n\n\n\n<p> <em>Ofrece evaluaciones comprehensivas y tratamientos para la salud emocional y ansiedad por mujeres prenatal y perinatal.<\/em><\/p>\n\n\n\n<div style=\"background-color:#f6f6f6;padding-left:4%;padding-right:4%;padding-bottom:4%;padding-top:4%;margin-bottom:5%\" class=\"wp-block-genesis-blocks-gb-container resource-details gb-block-container\"><div class=\"gb-container-inside\"><div class=\"gb-container-content\">\n<p class=\"icon ion-ios-location\">4000 Bienville St., Suite G, New Orleans, LA <\/p>\n\n\n\n<p class=\"icon ion-ios-telephone\">504-988-0301<\/p>\n\n\n\n<p class=\"icon ion-android-desktop\"><a href=\"https:\/\/medicine.tulane.edu\/tulane-doctors\/behavioral-health\/mid-city-clinic\">https:\/\/medicine.tulane.edu\/tulane-doctors\/behavioral-health\/mid-city-clinic<\/a><\/p>\n<\/div><\/div><\/div>\n\n\n\n<h3 class=\"wp-block-heading\"><strong>Access Pregnancy &amp; Referral Centers&nbsp;<\/strong><\/h3>\n\n\n\n<div style=\"background-color:#f6f6f6;padding-left:4%;padding-right:4%;padding-bottom:4%;padding-top:4%;margin-bottom:5%\" class=\"wp-block-genesis-blocks-gb-container resource-details gb-block-container\"><div class=\"gb-container-inside\"><div class=\"gb-container-content\">\n<p class=\"icon ion-ios-location\"><strong>ACCESS Metairie<\/strong> , 921 Aris Ave, Suite B, Metairie, LA 70005<\/p>\n\n\n\n<p class=\"icon ion-ios-telephone\">504-832-1503<\/p>\n\n\n\n<hr class=\"wp-block-separator has-text-color has-css-opacity has-background is-style-wide\" style=\"background-color:#d4d4d4;color:#d4d4d4\">\n\n\n\n<p class=\"icon ion-ios-location\"><strong>ACCESS Kenner<\/strong>, 2402 33rd St, Kenner, LA 70065<\/p>\n\n\n\n<p class=\"icon ion-ios-telephone\">504-427-1278<\/p>\n\n\n\n<hr class=\"wp-block-separator has-text-color has-css-opacity has-background is-style-wide\" style=\"background-color:#d4d4d4;color:#d4d4d4\">\n\n\n\n<p class=\"icon ion-ios-location\"><strong>ACCESS Westbank<\/strong>, 1430 Claire Ave, Gretna, LA 70053<\/p>\n\n\n\n<p class=\"icon ion-ios-telephone\">504-427-1278<\/p>\n\n\n\n<hr class=\"wp-block-separator has-text-color has-css-opacity has-background is-style-wide\" style=\"background-color:#d4d4d4;color:#d4d4d4\">\n\n\n\n<p class=\"icon ion-android-desktop\"><a href=\"http:\/\/accesspregnancy.com\" target=\"_blank\" rel=\"noreferrer noopener\">www.accesspregnancy.com<\/a><\/p>\n<\/div><\/div><\/div>\n\n\n\n<h3 class=\"wp-block-heading\"><strong>Centering Pregnancy at Ochsner<\/strong><\/h3>\n\n\n\n<p>Atenci\u00f3n prenatal que incluye citas individuales y apoyo adicional por citas en grupo.<\/p>\n\n\n\n<div style=\"background-color:#f6f6f6;padding-left:4%;padding-right:4%;padding-bottom:4%;padding-top:4%;margin-bottom:5%\" class=\"wp-block-genesis-blocks-gb-container resource-details gb-block-container\"><div class=\"gb-container-inside\"><div class=\"gb-container-content\">\n<p class=\"icon ion-ios-location\"><strong>Ochsner St. Charles Clinic<\/strong>, 3423 St. Charles Ave, New Orleans, LA, 70115<\/p>\n\n\n\n<p class=\"icon ion-ios-telephone\">504-842-7444<\/p>\n<\/div><\/div><\/div>\n\n\n\n<h3 class=\"wp-block-heading\"><strong>Cursos prenatal &#8211; Ochsner Baptist<\/strong> (virtual)<\/h3>\n\n\n\n<p>Registraci\u00f3n: <a href=\"https:\/\/ochsnerstore.org\/collections\/baptist\">ochsner.org\/baptistclasses<\/a> La mayor\u00eda de los cursos son gratis.&nbsp;<\/p>\n","protected":false},"excerpt":{"rendered":"<p>Tulane- Fourth Trimester and Beyond Clinic Ofrece evaluaciones comprehensivas y tratamientos para la salud emocional y ansiedad por mujeres prenatal y perinatal. Access Pregnancy &amp; Referral Centers&nbsp; Centering Pregnancy at Ochsner Atenci\u00f3n prenatal que incluye citas individuales y apoyo adicional por citas en grupo. Cursos prenatal &#8211; Ochsner Baptist (virtual) Registraci\u00f3n: ochsner.org\/baptistclasses La mayor\u00eda de [&hellip;]<\/p>\n","protected":false},"author":9,"featured_media":0,"parent":552,"menu_order":0,"comment_status":"closed","ping_status":"closed","template":"","meta":{"_genesis_hide_title":false,"_genesis_hide_breadcrumbs":false,"_genesis_hide_singular_image":false,"_genesis_hide_footer_widgets":false,"_genesis_custom_body_class":"","_genesis_custom_post_class":"","_genesis_layout":"content-sidebar","footnotes":""},"class_list":{"0":"post-612","1":"page","2":"type-page","3":"status-publish","5":"entry"},"yoast_head":"<!-- This site is optimized with the Yoast SEO plugin v27.5 - https:\/\/yoast.com\/product\/yoast-seo-wordpress\/ -->\n<title>Apoyo Pre-Natal y Peri-Natal en New Orleans<\/title>\n<meta name=\"description\" content=\"Esta p\u00e1gina ofrece informaci\u00f3n sobre m\u00e9dicos y cl\u00ednicas donde se puede recibir apoyo pre-natal y peri-natal Tambi\u00e9n hay varias organizaciones sin \u00e1nimo de lucro.\" \/>\n<meta name=\"robots\" content=\"index, follow, max-snippet:-1, max-image-preview:large, max-video-preview:-1\" \/>\n<link rel=\"canonical\" href=\"https:\/\/geauxhealth.org\/es\/salud-de-la-mujer\/apoyo-pre-natal-y-peri-natal\/\" \/>\n<meta property=\"og:locale\" content=\"es_ES\" \/>\n<meta property=\"og:type\" content=\"article\" \/>\n<meta property=\"og:title\" content=\"Apoyo Pre-Natal y Peri-Natal en New Orleans\" \/>\n<meta property=\"og:description\" content=\"Esta p\u00e1gina ofrece informaci\u00f3n sobre m\u00e9dicos y cl\u00ednicas donde se puede recibir apoyo pre-natal y peri-natal Tambi\u00e9n hay varias organizaciones sin \u00e1nimo de lucro.\" \/>\n<meta property=\"og:url\" content=\"https:\/\/geauxhealth.org\/es\/salud-de-la-mujer\/apoyo-pre-natal-y-peri-natal\/\" \/>\n<meta property=\"og:site_name\" content=\"GeauxHealth!\" \/>\n<meta name=\"twitter:card\" content=\"summary_large_image\" \/>\n<meta name=\"twitter:label1\" content=\"Tiempo de lectura\" \/>\n\t<meta name=\"twitter:data1\" content=\"1 minuto\" \/>\n<script type=\"application\/ld+json\" class=\"yoast-schema-graph\">{\"@context\":\"https:\\\/\\\/schema.org\",\"@graph\":[{\"@type\":\"WebPage\",\"@id\":\"https:\\\/\\\/geauxhealth.org\\\/es\\\/salud-de-la-mujer\\\/apoyo-pre-natal-y-peri-natal\\\/\",\"url\":\"https:\\\/\\\/geauxhealth.org\\\/es\\\/salud-de-la-mujer\\\/apoyo-pre-natal-y-peri-natal\\\/\",\"name\":\"Apoyo Pre-Natal y Peri-Natal en New Orleans\",\"isPartOf\":{\"@id\":\"https:\\\/\\\/geauxhealth.org\\\/#website\"},\"datePublished\":\"2022-06-09T13:02:23+00:00\",\"description\":\"Esta p\u00e1gina ofrece informaci\u00f3n sobre m\u00e9dicos y cl\u00ednicas donde se puede recibir apoyo pre-natal y peri-natal Tambi\u00e9n hay varias organizaciones sin \u00e1nimo de lucro.\",\"breadcrumb\":{\"@id\":\"https:\\\/\\\/geauxhealth.org\\\/es\\\/salud-de-la-mujer\\\/apoyo-pre-natal-y-peri-natal\\\/#breadcrumb\"},\"inLanguage\":\"es\",\"potentialAction\":[{\"@type\":\"ReadAction\",\"target\":[\"https:\\\/\\\/geauxhealth.org\\\/es\\\/salud-de-la-mujer\\\/apoyo-pre-natal-y-peri-natal\\\/\"]}]},{\"@type\":\"BreadcrumbList\",\"@id\":\"https:\\\/\\\/geauxhealth.org\\\/es\\\/salud-de-la-mujer\\\/apoyo-pre-natal-y-peri-natal\\\/#breadcrumb\",\"itemListElement\":[{\"@type\":\"ListItem\",\"position\":1,\"name\":\"Home\",\"item\":\"https:\\\/\\\/geauxhealth.org\\\/es\\\/\"},{\"@type\":\"ListItem\",\"position\":2,\"name\":\"Salud de la mujer\",\"item\":\"https:\\\/\\\/geauxhealth.org\\\/es\\\/salud-de-la-mujer\\\/\"},{\"@type\":\"ListItem\",\"position\":3,\"name\":\"Apoyo Pre-Natal y Peri-Natal\"}]},{\"@type\":\"WebSite\",\"@id\":\"https:\\\/\\\/geauxhealth.org\\\/#website\",\"url\":\"https:\\\/\\\/geauxhealth.org\\\/\",\"name\":\"GeauxHealth\",\"description\":\"Health Resources for the New Orleans Area\",\"potentialAction\":[{\"@type\":\"SearchAction\",\"target\":{\"@type\":\"EntryPoint\",\"urlTemplate\":\"https:\\\/\\\/geauxhealth.org\\\/?s={search_term_string}\"},\"query-input\":{\"@type\":\"PropertyValueSpecification\",\"valueRequired\":true,\"valueName\":\"search_term_string\"}}],\"inLanguage\":\"es\"}]}<\/script>\n<!-- \/ Yoast SEO plugin. -->","yoast_head_json":{"title":"Apoyo Pre-Natal y Peri-Natal en New Orleans","description":"Esta p\u00e1gina ofrece informaci\u00f3n sobre m\u00e9dicos y cl\u00ednicas donde se puede recibir apoyo pre-natal y peri-natal Tambi\u00e9n hay varias organizaciones sin \u00e1nimo de lucro.","robots":{"index":"index","follow":"follow","max-snippet":"max-snippet:-1","max-image-preview":"max-image-preview:large","max-video-preview":"max-video-preview:-1"},"canonical":"https:\/\/geauxhealth.org\/es\/salud-de-la-mujer\/apoyo-pre-natal-y-peri-natal\/","og_locale":"es_ES","og_type":"article","og_title":"Apoyo Pre-Natal y Peri-Natal en New Orleans","og_description":"Esta p\u00e1gina ofrece informaci\u00f3n sobre m\u00e9dicos y cl\u00ednicas donde se puede recibir apoyo pre-natal y peri-natal Tambi\u00e9n hay varias organizaciones sin \u00e1nimo de lucro.","og_url":"https:\/\/geauxhealth.org\/es\/salud-de-la-mujer\/apoyo-pre-natal-y-peri-natal\/","og_site_name":"GeauxHealth!","twitter_card":"summary_large_image","twitter_misc":{"Tiempo de lectura":"1 minuto"},"schema":{"@context":"https:\/\/schema.org","@graph":[{"@type":"WebPage","@id":"https:\/\/geauxhealth.org\/es\/salud-de-la-mujer\/apoyo-pre-natal-y-peri-natal\/","url":"https:\/\/geauxhealth.org\/es\/salud-de-la-mujer\/apoyo-pre-natal-y-peri-natal\/","name":"Apoyo Pre-Natal y Peri-Natal en New Orleans","isPartOf":{"@id":"https:\/\/geauxhealth.org\/#website"},"datePublished":"2022-06-09T13:02:23+00:00","description":"Esta p\u00e1gina ofrece informaci\u00f3n sobre m\u00e9dicos y cl\u00ednicas donde se puede recibir apoyo pre-natal y peri-natal Tambi\u00e9n hay varias organizaciones sin \u00e1nimo de lucro.","breadcrumb":{"@id":"https:\/\/geauxhealth.org\/es\/salud-de-la-mujer\/apoyo-pre-natal-y-peri-natal\/#breadcrumb"},"inLanguage":"es","potentialAction":[{"@type":"ReadAction","target":["https:\/\/geauxhealth.org\/es\/salud-de-la-mujer\/apoyo-pre-natal-y-peri-natal\/"]}]},{"@type":"BreadcrumbList","@id":"https:\/\/geauxhealth.org\/es\/salud-de-la-mujer\/apoyo-pre-natal-y-peri-natal\/#breadcrumb","itemListElement":[{"@type":"ListItem","position":1,"name":"Home","item":"https:\/\/geauxhealth.org\/es\/"},{"@type":"ListItem","position":2,"name":"Salud de la mujer","item":"https:\/\/geauxhealth.org\/es\/salud-de-la-mujer\/"},{"@type":"ListItem","position":3,"name":"Apoyo Pre-Natal y Peri-Natal"}]},{"@type":"WebSite","@id":"https:\/\/geauxhealth.org\/#website","url":"https:\/\/geauxhealth.org\/","name":"GeauxHealth","description":"Health Resources for the New Orleans Area","potentialAction":[{"@type":"SearchAction","target":{"@type":"EntryPoint","urlTemplate":"https:\/\/geauxhealth.org\/?s={search_term_string}"},"query-input":{"@type":"PropertyValueSpecification","valueRequired":true,"valueName":"search_term_string"}}],"inLanguage":"es"}]}},"featured_image_src":null,"featured_image_src_square":null,"_links":{"self":[{"href":"https:\/\/geauxhealth.org\/es\/wp-json\/wp\/v2\/pages\/612","targetHints":{"allow":["GET"]}}],"collection":[{"href":"https:\/\/geauxhealth.org\/es\/wp-json\/wp\/v2\/pages"}],"about":[{"href":"https:\/\/geauxhealth.org\/es\/wp-json\/wp\/v2\/types\/page"}],"author":[{"embeddable":true,"href":"https:\/\/geauxhealth.org\/es\/wp-json\/wp\/v2\/users\/9"}],"replies":[{"embeddable":true,"href":"https:\/\/geauxhealth.org\/es\/wp-json\/wp\/v2\/comments?post=612"}],"version-history":[{"count":0,"href":"https:\/\/geauxhealth.org\/es\/wp-json\/wp\/v2\/pages\/612\/revisions"}],"up":[{"embeddable":true,"href":"https:\/\/geauxhealth.org\/es\/wp-json\/wp\/v2\/pages\/552"}],"wp:attachment":[{"href":"https:\/\/geauxhealth.org\/es\/wp-json\/wp\/v2\/media?parent=612"}],"curies":[{"name":"wp","href":"https:\/\/api.w.org\/{rel}","templated":true}]}}