{"id":613,"date":"2021-09-11T16:39:05","date_gmt":"2021-09-11T16:39:05","guid":{"rendered":"https:\/\/geauxhealth.org\/recursos\/"},"modified":"2021-09-11T16:39:05","modified_gmt":"2021-09-11T16:39:05","slug":"recursos","status":"publish","type":"page","link":"https:\/\/geauxhealth.org\/es\/recursos\/","title":{"rendered":"Recursos"},"content":{"rendered":"\n<p>Resources are available for several specific communities and circumstances:<\/p>\n\n\n\n<ul class=\"wp-block-list\"><li><a href=\"https:\/\/geauxhealth.org\/resources\/abuse-domestic-violence\/abuse-reporting\/\">Abuso \/ Violencia dom\u00e9stica<\/a><\/li><li><a href=\"https:\/\/geauxhealth.org\/resources\/mental-health\/all-ages\/\">Salud mental<\/a><\/li><li><a href=\"https:\/\/geauxhealth.org\/resources\/civil-legal-services\/\">Servicios civiles\/legales<\/a><\/li><li><a href=\"https:\/\/geauxhealth.org\/resources\/insurance\/\">Seguro m\u00e9dico<\/a><\/li><li><a href=\"https:\/\/geauxhealth.org\/resources\/nutrition-resources\/\">Recursos alimentarios<\/a><\/li><li><a href=\"https:\/\/geauxhealth.org\/resources\/substance-use\/\">Abuso de sustancias<\/a><\/li><li><a href=\"https:\/\/geauxhealth.org\/resources\/unhoused-resources\/men\/\">Recursos para personas sin techo<\/a><\/li><li><a href=\"https:\/\/geauxhealth.org\/resources\/useful-phone-numbers\/\">N\u00fameros de telefono \u00fatiles<\/a><\/li><li><a href=\"https:\/\/geauxhealth.org\/resources\/veterans-resources\/\">Recursos para veteranos<\/a><\/li><li><a href=\"https:\/\/geauxhealth.org\/resources\/links-in-spanish-and-additional-resources\/\">Enlaces en espa\u00f1ol y recursos adicionales<\/a><\/li><\/ul>\n","protected":false},"excerpt":{"rendered":"<p>Resources are available for several specific communities and circumstances: Abuso \/ Violencia dom\u00e9stica Salud mental Servicios civiles\/legales Seguro m\u00e9dico Recursos alimentarios Abuso de sustancias Recursos para personas sin techo N\u00fameros de telefono \u00fatiles Recursos para veteranos Enlaces en espa\u00f1ol y recursos adicionales<\/p>\n","protected":false},"author":1,"featured_media":0,"parent":0,"menu_order":0,"comment_status":"closed","ping_status":"closed","template":"","meta":{"_genesis_hide_title":false,"_genesis_hide_breadcrumbs":false,"_genesis_hide_singular_image":false,"_genesis_hide_footer_widgets":false,"_genesis_custom_body_class":"","_genesis_custom_post_class":"","_genesis_layout":"","footnotes":""},"class_list":{"0":"post-613","1":"page","2":"type-page","3":"status-publish","5":"entry"},"yoast_head":"<!-- This site is optimized with the Yoast SEO plugin v27.5 - https:\/\/yoast.com\/product\/yoast-seo-wordpress\/ -->\n<title>Recursos<\/title>\n<meta name=\"description\" content=\"Los recursos est\u00e1n disponibles para algunos comunidades y circunstancias espec\u00edficas, incluye: veteranos, personas sin techo, personas pasando por abuso o violencia dom\u00e9stica, problemas de salud mental, y m\u00e1s.\" \/>\n<meta name=\"robots\" content=\"index, follow, max-snippet:-1, max-image-preview:large, max-video-preview:-1\" \/>\n<link rel=\"canonical\" href=\"https:\/\/geauxhealth.org\/es\/recursos\/\" \/>\n<meta property=\"og:locale\" content=\"es_ES\" \/>\n<meta property=\"og:type\" content=\"article\" \/>\n<meta property=\"og:title\" content=\"Recursos\" \/>\n<meta property=\"og:description\" content=\"Los recursos est\u00e1n disponibles para algunos comunidades y circunstancias espec\u00edficas, incluye: veteranos, personas sin techo, personas pasando por abuso o violencia dom\u00e9stica, problemas de salud mental, y m\u00e1s.\" \/>\n<meta property=\"og:url\" content=\"https:\/\/geauxhealth.org\/es\/recursos\/\" \/>\n<meta property=\"og:site_name\" content=\"GeauxHealth!\" \/>\n<meta name=\"twitter:card\" content=\"summary_large_image\" \/>\n<script type=\"application\/ld+json\" class=\"yoast-schema-graph\">{\"@context\":\"https:\\\/\\\/schema.org\",\"@graph\":[{\"@type\":\"WebPage\",\"@id\":\"https:\\\/\\\/geauxhealth.org\\\/es\\\/recursos\\\/\",\"url\":\"https:\\\/\\\/geauxhealth.org\\\/es\\\/recursos\\\/\",\"name\":\"Recursos\",\"isPartOf\":{\"@id\":\"https:\\\/\\\/geauxhealth.org\\\/#website\"},\"datePublished\":\"2021-09-11T16:39:05+00:00\",\"description\":\"Los recursos est\u00e1n disponibles para algunos comunidades y circunstancias espec\u00edficas, incluye: veteranos, personas sin techo, personas pasando por abuso o violencia dom\u00e9stica, problemas de salud mental, y m\u00e1s.\",\"breadcrumb\":{\"@id\":\"https:\\\/\\\/geauxhealth.org\\\/es\\\/recursos\\\/#breadcrumb\"},\"inLanguage\":\"es\",\"potentialAction\":[{\"@type\":\"ReadAction\",\"target\":[\"https:\\\/\\\/geauxhealth.org\\\/es\\\/recursos\\\/\"]}]},{\"@type\":\"BreadcrumbList\",\"@id\":\"https:\\\/\\\/geauxhealth.org\\\/es\\\/recursos\\\/#breadcrumb\",\"itemListElement\":[{\"@type\":\"ListItem\",\"position\":1,\"name\":\"Home\",\"item\":\"https:\\\/\\\/geauxhealth.org\\\/es\\\/\"},{\"@type\":\"ListItem\",\"position\":2,\"name\":\"Recursos\"}]},{\"@type\":\"WebSite\",\"@id\":\"https:\\\/\\\/geauxhealth.org\\\/#website\",\"url\":\"https:\\\/\\\/geauxhealth.org\\\/\",\"name\":\"GeauxHealth\",\"description\":\"Health Resources for the New Orleans Area\",\"potentialAction\":[{\"@type\":\"SearchAction\",\"target\":{\"@type\":\"EntryPoint\",\"urlTemplate\":\"https:\\\/\\\/geauxhealth.org\\\/?s={search_term_string}\"},\"query-input\":{\"@type\":\"PropertyValueSpecification\",\"valueRequired\":true,\"valueName\":\"search_term_string\"}}],\"inLanguage\":\"es\"}]}<\/script>\n<!-- \/ Yoast SEO plugin. -->","yoast_head_json":{"title":"Recursos","description":"Los recursos est\u00e1n disponibles para algunos comunidades y circunstancias espec\u00edficas, incluye: veteranos, personas sin techo, personas pasando por abuso o violencia dom\u00e9stica, problemas de salud mental, y m\u00e1s.","robots":{"index":"index","follow":"follow","max-snippet":"max-snippet:-1","max-image-preview":"max-image-preview:large","max-video-preview":"max-video-preview:-1"},"canonical":"https:\/\/geauxhealth.org\/es\/recursos\/","og_locale":"es_ES","og_type":"article","og_title":"Recursos","og_description":"Los recursos est\u00e1n disponibles para algunos comunidades y circunstancias espec\u00edficas, incluye: veteranos, personas sin techo, personas pasando por abuso o violencia dom\u00e9stica, problemas de salud mental, y m\u00e1s.","og_url":"https:\/\/geauxhealth.org\/es\/recursos\/","og_site_name":"GeauxHealth!","twitter_card":"summary_large_image","schema":{"@context":"https:\/\/schema.org","@graph":[{"@type":"WebPage","@id":"https:\/\/geauxhealth.org\/es\/recursos\/","url":"https:\/\/geauxhealth.org\/es\/recursos\/","name":"Recursos","isPartOf":{"@id":"https:\/\/geauxhealth.org\/#website"},"datePublished":"2021-09-11T16:39:05+00:00","description":"Los recursos est\u00e1n disponibles para algunos comunidades y circunstancias espec\u00edficas, incluye: veteranos, personas sin techo, personas pasando por abuso o violencia dom\u00e9stica, problemas de salud mental, y m\u00e1s.","breadcrumb":{"@id":"https:\/\/geauxhealth.org\/es\/recursos\/#breadcrumb"},"inLanguage":"es","potentialAction":[{"@type":"ReadAction","target":["https:\/\/geauxhealth.org\/es\/recursos\/"]}]},{"@type":"BreadcrumbList","@id":"https:\/\/geauxhealth.org\/es\/recursos\/#breadcrumb","itemListElement":[{"@type":"ListItem","position":1,"name":"Home","item":"https:\/\/geauxhealth.org\/es\/"},{"@type":"ListItem","position":2,"name":"Recursos"}]},{"@type":"WebSite","@id":"https:\/\/geauxhealth.org\/#website","url":"https:\/\/geauxhealth.org\/","name":"GeauxHealth","description":"Health Resources for the New Orleans Area","potentialAction":[{"@type":"SearchAction","target":{"@type":"EntryPoint","urlTemplate":"https:\/\/geauxhealth.org\/?s={search_term_string}"},"query-input":{"@type":"PropertyValueSpecification","valueRequired":true,"valueName":"search_term_string"}}],"inLanguage":"es"}]}},"featured_image_src":null,"featured_image_src_square":null,"_links":{"self":[{"href":"https:\/\/geauxhealth.org\/es\/wp-json\/wp\/v2\/pages\/613","targetHints":{"allow":["GET"]}}],"collection":[{"href":"https:\/\/geauxhealth.org\/es\/wp-json\/wp\/v2\/pages"}],"about":[{"href":"https:\/\/geauxhealth.org\/es\/wp-json\/wp\/v2\/types\/page"}],"author":[{"embeddable":true,"href":"https:\/\/geauxhealth.org\/es\/wp-json\/wp\/v2\/users\/1"}],"replies":[{"embeddable":true,"href":"https:\/\/geauxhealth.org\/es\/wp-json\/wp\/v2\/comments?post=613"}],"version-history":[{"count":0,"href":"https:\/\/geauxhealth.org\/es\/wp-json\/wp\/v2\/pages\/613\/revisions"}],"wp:attachment":[{"href":"https:\/\/geauxhealth.org\/es\/wp-json\/wp\/v2\/media?parent=613"}],"curies":[{"name":"wp","href":"https:\/\/api.w.org\/{rel}","templated":true}]}}