{"id":615,"date":"2022-06-14T22:18:01","date_gmt":"2022-06-14T22:18:01","guid":{"rendered":"https:\/\/geauxhealth.org\/denuncias-del-abuso\/"},"modified":"2022-06-14T22:18:01","modified_gmt":"2022-06-14T22:18:01","slug":"denuncias-del-abuso","status":"publish","type":"page","link":"https:\/\/geauxhealth.org\/es\/recursos\/abuso-violencia-domestica\/denuncias-del-abuso\/","title":{"rendered":"Denuncias del abuso"},"content":{"rendered":"\n<h3 class=\"wp-block-heading\"><strong>Child Abuse and Neglect: Department of Children and Family Services (DCFS)<\/strong><\/h3>\n\n\n\n<p><em>Para ni\u00f1os &lt; 18 a\u00f1os<\/em><\/p>\n\n\n\n<div style=\"background-color:#f6f6f6;padding-left:4%;padding-right:4%;padding-bottom:4%;padding-top:4%;margin-bottom:5%\" class=\"wp-block-genesis-blocks-gb-container resource-details gb-block-container\"><div class=\"gb-container-inside\"><div class=\"gb-container-content\">\n<p class=\"icon ion-ios-telephone\">1-855-4LA-KIDS (1-855-452-5437)<\/p>\n<\/div><\/div><\/div>\n\n\n\n<h3 class=\"wp-block-heading\"><strong>Adult Abuse: Adult Protective Services<\/strong><\/h3>\n\n\n\n<p><em>Para adultos &gt; &gt; 18 a\u00f1os<\/em><\/p>\n\n\n\n<div style=\"background-color:#f6f6f6;padding-left:4%;padding-right:4%;padding-bottom:4%;padding-top:4%;margin-bottom:5%\" class=\"wp-block-genesis-blocks-gb-container resource-details gb-block-container\"><div class=\"gb-container-inside\"><div class=\"gb-container-content\">\n<p class=\"icon ion-ios-telephone\">1-800-898-4910<\/p>\n<\/div><\/div><\/div>\n","protected":false},"excerpt":{"rendered":"<p>Child Abuse and Neglect: Department of Children and Family Services (DCFS) Para ni\u00f1os &lt; 18 a\u00f1os Adult Abuse: Adult Protective Services Para adultos &gt; &gt; 18 a\u00f1os<\/p>\n","protected":false},"author":9,"featured_media":0,"parent":623,"menu_order":0,"comment_status":"closed","ping_status":"closed","template":"","meta":{"_genesis_hide_title":false,"_genesis_hide_breadcrumbs":false,"_genesis_hide_singular_image":false,"_genesis_hide_footer_widgets":false,"_genesis_custom_body_class":"","_genesis_custom_post_class":"","_genesis_layout":"content-sidebar","footnotes":""},"class_list":{"0":"post-615","1":"page","2":"type-page","3":"status-publish","5":"entry"},"yoast_head":"<!-- This site is optimized with the Yoast SEO plugin v27.5 - https:\/\/yoast.com\/product\/yoast-seo-wordpress\/ -->\n<title>Denuncias del abuso - GeauxHealth!<\/title>\n<meta name=\"description\" content=\"Recursos para denunciar el abuso de ni\u00f1os &lt;18 a\u00f1os y adultos, y organizaciones que pueden ayudar en varias maneras.\" \/>\n<meta name=\"robots\" content=\"index, follow, max-snippet:-1, max-image-preview:large, max-video-preview:-1\" \/>\n<link rel=\"canonical\" href=\"https:\/\/geauxhealth.org\/es\/denuncias-del-abuso\/\" \/>\n<meta property=\"og:locale\" content=\"es_ES\" \/>\n<meta property=\"og:type\" content=\"article\" \/>\n<meta property=\"og:title\" content=\"Denuncias del abuso - GeauxHealth!\" \/>\n<meta property=\"og:description\" content=\"Recursos para denunciar el abuso de ni\u00f1os &lt;18 a\u00f1os y adultos, y organizaciones que pueden ayudar en varias maneras.\" \/>\n<meta property=\"og:url\" content=\"https:\/\/geauxhealth.org\/es\/denuncias-del-abuso\/\" \/>\n<meta property=\"og:site_name\" content=\"GeauxHealth!\" \/>\n<meta name=\"twitter:card\" content=\"summary_large_image\" \/>\n<script type=\"application\/ld+json\" class=\"yoast-schema-graph\">{\"@context\":\"https:\\\/\\\/schema.org\",\"@graph\":[{\"@type\":\"WebPage\",\"@id\":\"https:\\\/\\\/geauxhealth.org\\\/es\\\/denuncias-del-abuso\\\/\",\"url\":\"https:\\\/\\\/geauxhealth.org\\\/es\\\/denuncias-del-abuso\\\/\",\"name\":\"Denuncias del abuso - GeauxHealth!\",\"isPartOf\":{\"@id\":\"https:\\\/\\\/geauxhealth.org\\\/#website\"},\"datePublished\":\"2022-06-14T22:18:01+00:00\",\"description\":\"Recursos para denunciar el abuso de ni\u00f1os &lt;18 a\u00f1os y adultos, y organizaciones que pueden ayudar en varias maneras.\",\"breadcrumb\":{\"@id\":\"https:\\\/\\\/geauxhealth.org\\\/es\\\/denuncias-del-abuso\\\/#breadcrumb\"},\"inLanguage\":\"es\",\"potentialAction\":[{\"@type\":\"ReadAction\",\"target\":[\"https:\\\/\\\/geauxhealth.org\\\/es\\\/denuncias-del-abuso\\\/\"]}]},{\"@type\":\"BreadcrumbList\",\"@id\":\"https:\\\/\\\/geauxhealth.org\\\/es\\\/denuncias-del-abuso\\\/#breadcrumb\",\"itemListElement\":[{\"@type\":\"ListItem\",\"position\":1,\"name\":\"Home\",\"item\":\"https:\\\/\\\/geauxhealth.org\\\/es\\\/\"},{\"@type\":\"ListItem\",\"position\":2,\"name\":\"Denuncias del abuso\"}]},{\"@type\":\"WebSite\",\"@id\":\"https:\\\/\\\/geauxhealth.org\\\/#website\",\"url\":\"https:\\\/\\\/geauxhealth.org\\\/\",\"name\":\"GeauxHealth\",\"description\":\"Health Resources for the New Orleans Area\",\"potentialAction\":[{\"@type\":\"SearchAction\",\"target\":{\"@type\":\"EntryPoint\",\"urlTemplate\":\"https:\\\/\\\/geauxhealth.org\\\/?s={search_term_string}\"},\"query-input\":{\"@type\":\"PropertyValueSpecification\",\"valueRequired\":true,\"valueName\":\"search_term_string\"}}],\"inLanguage\":\"es\"}]}<\/script>\n<!-- \/ Yoast SEO plugin. -->","yoast_head_json":{"title":"Denuncias del abuso - GeauxHealth!","description":"Recursos para denunciar el abuso de ni\u00f1os &lt;18 a\u00f1os y adultos, y organizaciones que pueden ayudar en varias maneras.","robots":{"index":"index","follow":"follow","max-snippet":"max-snippet:-1","max-image-preview":"max-image-preview:large","max-video-preview":"max-video-preview:-1"},"canonical":"https:\/\/geauxhealth.org\/es\/denuncias-del-abuso\/","og_locale":"es_ES","og_type":"article","og_title":"Denuncias del abuso - GeauxHealth!","og_description":"Recursos para denunciar el abuso de ni\u00f1os &lt;18 a\u00f1os y adultos, y organizaciones que pueden ayudar en varias maneras.","og_url":"https:\/\/geauxhealth.org\/es\/denuncias-del-abuso\/","og_site_name":"GeauxHealth!","twitter_card":"summary_large_image","schema":{"@context":"https:\/\/schema.org","@graph":[{"@type":"WebPage","@id":"https:\/\/geauxhealth.org\/es\/denuncias-del-abuso\/","url":"https:\/\/geauxhealth.org\/es\/denuncias-del-abuso\/","name":"Denuncias del abuso - GeauxHealth!","isPartOf":{"@id":"https:\/\/geauxhealth.org\/#website"},"datePublished":"2022-06-14T22:18:01+00:00","description":"Recursos para denunciar el abuso de ni\u00f1os &lt;18 a\u00f1os y adultos, y organizaciones que pueden ayudar en varias maneras.","breadcrumb":{"@id":"https:\/\/geauxhealth.org\/es\/denuncias-del-abuso\/#breadcrumb"},"inLanguage":"es","potentialAction":[{"@type":"ReadAction","target":["https:\/\/geauxhealth.org\/es\/denuncias-del-abuso\/"]}]},{"@type":"BreadcrumbList","@id":"https:\/\/geauxhealth.org\/es\/denuncias-del-abuso\/#breadcrumb","itemListElement":[{"@type":"ListItem","position":1,"name":"Home","item":"https:\/\/geauxhealth.org\/es\/"},{"@type":"ListItem","position":2,"name":"Denuncias del abuso"}]},{"@type":"WebSite","@id":"https:\/\/geauxhealth.org\/#website","url":"https:\/\/geauxhealth.org\/","name":"GeauxHealth","description":"Health Resources for the New Orleans Area","potentialAction":[{"@type":"SearchAction","target":{"@type":"EntryPoint","urlTemplate":"https:\/\/geauxhealth.org\/?s={search_term_string}"},"query-input":{"@type":"PropertyValueSpecification","valueRequired":true,"valueName":"search_term_string"}}],"inLanguage":"es"}]}},"featured_image_src":null,"featured_image_src_square":null,"_links":{"self":[{"href":"https:\/\/geauxhealth.org\/es\/wp-json\/wp\/v2\/pages\/615","targetHints":{"allow":["GET"]}}],"collection":[{"href":"https:\/\/geauxhealth.org\/es\/wp-json\/wp\/v2\/pages"}],"about":[{"href":"https:\/\/geauxhealth.org\/es\/wp-json\/wp\/v2\/types\/page"}],"author":[{"embeddable":true,"href":"https:\/\/geauxhealth.org\/es\/wp-json\/wp\/v2\/users\/9"}],"replies":[{"embeddable":true,"href":"https:\/\/geauxhealth.org\/es\/wp-json\/wp\/v2\/comments?post=615"}],"version-history":[{"count":0,"href":"https:\/\/geauxhealth.org\/es\/wp-json\/wp\/v2\/pages\/615\/revisions"}],"up":[{"embeddable":true,"href":"https:\/\/geauxhealth.org\/es\/wp-json\/wp\/v2\/pages\/623"}],"wp:attachment":[{"href":"https:\/\/geauxhealth.org\/es\/wp-json\/wp\/v2\/media?parent=615"}],"curies":[{"name":"wp","href":"https:\/\/api.w.org\/{rel}","templated":true}]}}