{"id":621,"date":"2022-06-09T12:53:03","date_gmt":"2022-06-09T12:53:03","guid":{"rendered":"https:\/\/geauxhealth.org\/salud-de-la-mujer\/servicios-de-aborto-legal\/"},"modified":"2022-06-09T12:53:03","modified_gmt":"2022-06-09T12:53:03","slug":"servicios-de-aborto-legal","status":"publish","type":"page","link":"https:\/\/geauxhealth.org\/es\/salud-de-la-mujer\/servicios-de-aborto-legal\/","title":{"rendered":"Servicios de aborto legal"},"content":{"rendered":"\n<h3 class=\"wp-block-heading\">Plan C<\/h3>\n\n\n\n<p><em>Servicio de pedidos para p\u00edldoras abortivas efectivas para embarazos &lt;11 semanas para tomar en casa. No necesita receta m\u00e9dica. Los medicamentos incluyen: Mifepristone and Misoprostol <\/em><\/p>\n\n\n\n<div style=\"background-color:#f6f6f6;padding-left:4%;padding-right:4%;padding-bottom:4%;padding-top:4%;margin-bottom:5%\" class=\"wp-block-genesis-blocks-gb-container resource-details gb-block-container\"><div class=\"gb-container-inside\"><div class=\"gb-container-content\">\n<p class=\"icon ion-android-desktop\"><a href=\"https:\/\/www.plancpills.org\/\" target=\"_blank\" rel=\"noreferrer noopener\">https:\/\/www.plancpills.org\/<\/a><\/p>\n<\/div><\/div><\/div>\n\n\n\n<h3 class=\"wp-block-heading\">Planned Parenthood<\/h3>\n\n\n\n<div style=\"background-color:#f6f6f6;padding-left:4%;padding-right:4%;padding-bottom:4%;padding-top:4%;margin-bottom:5%\" class=\"wp-block-genesis-blocks-gb-container resource-details gb-block-container\"><div class=\"gb-container-inside\"><div class=\"gb-container-content\">\n<p class=\"icon ion-ios-location\">4636 S Claiborne Ave, Suite 100, New Orleans, LA 70125<\/p>\n\n\n\n<p class=\"icon ion-ios-telephone\">504-897-9200<\/p>\n\n\n\n<p class=\"icon ion-android-desktop\"><a href=\"http:\/\/www.plannedparenthood.org\" target=\"_blank\" rel=\"noreferrer noopener\">www.plannedparenthood.org<\/a><\/p>\n<\/div><\/div><\/div>\n\n\n\n<h3 class=\"wp-block-heading\">Women&#8217;s Healthcare Center, Inc<\/h3>\n\n\n\n<p><em>Ofrece servicios de la salud femenina, incluso servicios para embarazos y abortos hasta los 19.6 semanas. El costo de los abortos varia entre $475-$3,000 en funci\u00f3n del n\u00famero de semanas. No tienen escala variable, pero hay ayuda financiera disponible por NOAF y NNAF (informaciones abajo). Por sobrevivientes buscando abortos, contacte a Sexual Trauma Awareness &amp; Response (STAR) o New Orleans Family Justice Center por apoyo y ayuda con el proceso. El costo de los abortos varia entre $450-$2,500 en funci\u00f3n del n\u00famero de semanas. Se requiere Medicaid para pagar por abortos legales en casos de violaci\u00f3n, incesto, o peligro de vida. Servicios disponibles en espa\u00f1ol. Llame para cita. *Se habla espa\u00f1ol, y hay un empleado en el Women\u2019s Healthcare Center que ayuda a los pacientes hispanohablantes. Si el empleado no est\u00e1 disponible, por favor contacte a la l\u00ednea de idiomas (844-442-2678) para pedir una cita.<\/em><\/p>\n\n\n\n<div style=\"background-color:#f6f6f6;padding-left:4%;padding-right:4%;padding-bottom:4%;padding-top:4%;margin-bottom:5%\" class=\"wp-block-genesis-blocks-gb-container resource-details gb-block-container\"><div class=\"gb-container-inside\"><div class=\"gb-container-content\">\n<p class=\"icon ion-ios-location\">2701 General Pershing St., New Orleans, 70115<\/p>\n\n\n\n<p class=\"icon ion-ios-telephone\">504- 899-6010<\/p>\n\n\n\n<p class=\"icon ion-android-desktop\"><a href=\"http:\/\/www.womenshealthcarecenter.com\/\">www.womenshealthcarecenter.com<\/a><\/p>\n<\/div><\/div><\/div>\n\n\n\n<h3 class=\"wp-block-heading\">New Orleans Abortion Fund <\/h3>\n\n\n\n<p><em>Ofrece asistencia financiera a los que buscan abortos en Louisiana o quien estan viajando a Louisiana por ayuda m\u00e9dica. Servicios incluyen fondos para abortos, apoyo practical, referencias a recursos, y una l\u00ednea de ayuda (espa\u00f1ol: 504-517-6623). La l\u00ednea de ayuda tambi\u00e9n puede ayudar en encontrar una cita (espa\u00f1ol: 504-517-6623). Hay dos cl\u00ednicas: Women\u2019s Health Care Center (New Orleans) y Delta Clinic (Baton Rouge). Los residentes del sur de Louisiana tienen que viajar fuera del estado; llame a NOAF por m\u00e1s informaci\u00f3n. Los servicios son gratis. Servicios disponibles en espa\u00f1ol. Informaci\u00f3n en espa\u00f1ol se puede encontrar en el sitio web de NOAF. Su linea de tel\u00e9fono es 504-517-6623.<\/em><\/p>\n\n\n\n<div style=\"background-color:#f6f6f6;padding-left:4%;padding-right:4%;padding-bottom:4%;padding-top:4%;margin-bottom:5%\" class=\"wp-block-genesis-blocks-gb-container resource-details gb-block-container\"><div class=\"gb-container-inside\"><div class=\"gb-container-content\">\n<p class=\"icon ion-ios-location\">P.O Box 770141, New Orleans, LA 70117<\/p>\n\n\n\n<p class=\"icon ion-ios-telephone\">844-442-2678<\/p>\n\n\n\n<p class=\"icon ion-email\">intake@neworleansabortionfund.org&nbsp;<\/p>\n\n\n\n<p class=\"icon ion-android-desktop\"><a href=\"http:\/\/www.neworleansabortionfund.org\/\">www.neworleansabortionfund.org<\/a><\/p>\n<\/div><\/div><\/div>\n","protected":false},"excerpt":{"rendered":"<p>Plan C Servicio de pedidos para p\u00edldoras abortivas efectivas para embarazos &lt;11 semanas para tomar en casa. No necesita receta m\u00e9dica. Los medicamentos incluyen: Mifepristone and Misoprostol Planned Parenthood Women&#8217;s Healthcare Center, Inc Ofrece servicios de la salud femenina, incluso servicios para embarazos y abortos hasta los 19.6 semanas. El costo de los abortos varia [&hellip;]<\/p>\n","protected":false},"author":9,"featured_media":0,"parent":552,"menu_order":0,"comment_status":"closed","ping_status":"closed","template":"","meta":{"_genesis_hide_title":false,"_genesis_hide_breadcrumbs":false,"_genesis_hide_singular_image":false,"_genesis_hide_footer_widgets":false,"_genesis_custom_body_class":"","_genesis_custom_post_class":"","_genesis_layout":"content-sidebar","footnotes":""},"class_list":{"0":"post-621","1":"page","2":"type-page","3":"status-publish","5":"entry"},"yoast_head":"<!-- This site is optimized with the Yoast SEO plugin v27.5 - https:\/\/yoast.com\/product\/yoast-seo-wordpress\/ -->\n<title>Servicios de aborto legal en New Orleans<\/title>\n<meta name=\"description\" content=\"Esta p\u00e1gina ofrece informaci\u00f3n sobre cl\u00ednicas donde puede encontrar servicios de aborto legal Tambi\u00e9n hay varias organizaciones sin \u00e1nimo de lucro.\" \/>\n<meta name=\"robots\" content=\"index, follow, max-snippet:-1, max-image-preview:large, max-video-preview:-1\" \/>\n<link rel=\"canonical\" href=\"https:\/\/geauxhealth.org\/es\/salud-de-la-mujer\/servicios-de-aborto-legal\/\" \/>\n<meta property=\"og:locale\" content=\"es_ES\" \/>\n<meta property=\"og:type\" content=\"article\" \/>\n<meta property=\"og:title\" content=\"Servicios de aborto legal en New Orleans\" \/>\n<meta property=\"og:description\" content=\"Esta p\u00e1gina ofrece informaci\u00f3n sobre cl\u00ednicas donde puede encontrar servicios de aborto legal Tambi\u00e9n hay varias organizaciones sin \u00e1nimo de lucro.\" \/>\n<meta property=\"og:url\" content=\"https:\/\/geauxhealth.org\/es\/salud-de-la-mujer\/servicios-de-aborto-legal\/\" \/>\n<meta property=\"og:site_name\" content=\"GeauxHealth!\" \/>\n<meta name=\"twitter:card\" content=\"summary_large_image\" \/>\n<meta name=\"twitter:label1\" content=\"Tiempo de lectura\" \/>\n\t<meta name=\"twitter:data1\" content=\"2 minutos\" \/>\n<script type=\"application\/ld+json\" class=\"yoast-schema-graph\">{\"@context\":\"https:\\\/\\\/schema.org\",\"@graph\":[{\"@type\":\"WebPage\",\"@id\":\"https:\\\/\\\/geauxhealth.org\\\/es\\\/salud-de-la-mujer\\\/servicios-de-aborto-legal\\\/\",\"url\":\"https:\\\/\\\/geauxhealth.org\\\/es\\\/salud-de-la-mujer\\\/servicios-de-aborto-legal\\\/\",\"name\":\"Servicios de aborto legal en New Orleans\",\"isPartOf\":{\"@id\":\"https:\\\/\\\/geauxhealth.org\\\/#website\"},\"datePublished\":\"2022-06-09T12:53:03+00:00\",\"description\":\"Esta p\u00e1gina ofrece informaci\u00f3n sobre cl\u00ednicas donde puede encontrar servicios de aborto legal Tambi\u00e9n hay varias organizaciones sin \u00e1nimo de lucro.\",\"breadcrumb\":{\"@id\":\"https:\\\/\\\/geauxhealth.org\\\/es\\\/salud-de-la-mujer\\\/servicios-de-aborto-legal\\\/#breadcrumb\"},\"inLanguage\":\"es\",\"potentialAction\":[{\"@type\":\"ReadAction\",\"target\":[\"https:\\\/\\\/geauxhealth.org\\\/es\\\/salud-de-la-mujer\\\/servicios-de-aborto-legal\\\/\"]}]},{\"@type\":\"BreadcrumbList\",\"@id\":\"https:\\\/\\\/geauxhealth.org\\\/es\\\/salud-de-la-mujer\\\/servicios-de-aborto-legal\\\/#breadcrumb\",\"itemListElement\":[{\"@type\":\"ListItem\",\"position\":1,\"name\":\"Home\",\"item\":\"https:\\\/\\\/geauxhealth.org\\\/es\\\/\"},{\"@type\":\"ListItem\",\"position\":2,\"name\":\"Salud de la mujer\",\"item\":\"https:\\\/\\\/geauxhealth.org\\\/es\\\/salud-de-la-mujer\\\/\"},{\"@type\":\"ListItem\",\"position\":3,\"name\":\"Servicios de aborto legal\"}]},{\"@type\":\"WebSite\",\"@id\":\"https:\\\/\\\/geauxhealth.org\\\/#website\",\"url\":\"https:\\\/\\\/geauxhealth.org\\\/\",\"name\":\"GeauxHealth\",\"description\":\"Health Resources for the New Orleans Area\",\"potentialAction\":[{\"@type\":\"SearchAction\",\"target\":{\"@type\":\"EntryPoint\",\"urlTemplate\":\"https:\\\/\\\/geauxhealth.org\\\/?s={search_term_string}\"},\"query-input\":{\"@type\":\"PropertyValueSpecification\",\"valueRequired\":true,\"valueName\":\"search_term_string\"}}],\"inLanguage\":\"es\"}]}<\/script>\n<!-- \/ Yoast SEO plugin. -->","yoast_head_json":{"title":"Servicios de aborto legal en New Orleans","description":"Esta p\u00e1gina ofrece informaci\u00f3n sobre cl\u00ednicas donde puede encontrar servicios de aborto legal Tambi\u00e9n hay varias organizaciones sin \u00e1nimo de lucro.","robots":{"index":"index","follow":"follow","max-snippet":"max-snippet:-1","max-image-preview":"max-image-preview:large","max-video-preview":"max-video-preview:-1"},"canonical":"https:\/\/geauxhealth.org\/es\/salud-de-la-mujer\/servicios-de-aborto-legal\/","og_locale":"es_ES","og_type":"article","og_title":"Servicios de aborto legal en New Orleans","og_description":"Esta p\u00e1gina ofrece informaci\u00f3n sobre cl\u00ednicas donde puede encontrar servicios de aborto legal Tambi\u00e9n hay varias organizaciones sin \u00e1nimo de lucro.","og_url":"https:\/\/geauxhealth.org\/es\/salud-de-la-mujer\/servicios-de-aborto-legal\/","og_site_name":"GeauxHealth!","twitter_card":"summary_large_image","twitter_misc":{"Tiempo de lectura":"2 minutos"},"schema":{"@context":"https:\/\/schema.org","@graph":[{"@type":"WebPage","@id":"https:\/\/geauxhealth.org\/es\/salud-de-la-mujer\/servicios-de-aborto-legal\/","url":"https:\/\/geauxhealth.org\/es\/salud-de-la-mujer\/servicios-de-aborto-legal\/","name":"Servicios de aborto legal en New Orleans","isPartOf":{"@id":"https:\/\/geauxhealth.org\/#website"},"datePublished":"2022-06-09T12:53:03+00:00","description":"Esta p\u00e1gina ofrece informaci\u00f3n sobre cl\u00ednicas donde puede encontrar servicios de aborto legal Tambi\u00e9n hay varias organizaciones sin \u00e1nimo de lucro.","breadcrumb":{"@id":"https:\/\/geauxhealth.org\/es\/salud-de-la-mujer\/servicios-de-aborto-legal\/#breadcrumb"},"inLanguage":"es","potentialAction":[{"@type":"ReadAction","target":["https:\/\/geauxhealth.org\/es\/salud-de-la-mujer\/servicios-de-aborto-legal\/"]}]},{"@type":"BreadcrumbList","@id":"https:\/\/geauxhealth.org\/es\/salud-de-la-mujer\/servicios-de-aborto-legal\/#breadcrumb","itemListElement":[{"@type":"ListItem","position":1,"name":"Home","item":"https:\/\/geauxhealth.org\/es\/"},{"@type":"ListItem","position":2,"name":"Salud de la mujer","item":"https:\/\/geauxhealth.org\/es\/salud-de-la-mujer\/"},{"@type":"ListItem","position":3,"name":"Servicios de aborto legal"}]},{"@type":"WebSite","@id":"https:\/\/geauxhealth.org\/#website","url":"https:\/\/geauxhealth.org\/","name":"GeauxHealth","description":"Health Resources for the New Orleans Area","potentialAction":[{"@type":"SearchAction","target":{"@type":"EntryPoint","urlTemplate":"https:\/\/geauxhealth.org\/?s={search_term_string}"},"query-input":{"@type":"PropertyValueSpecification","valueRequired":true,"valueName":"search_term_string"}}],"inLanguage":"es"}]}},"featured_image_src":null,"featured_image_src_square":null,"_links":{"self":[{"href":"https:\/\/geauxhealth.org\/es\/wp-json\/wp\/v2\/pages\/621","targetHints":{"allow":["GET"]}}],"collection":[{"href":"https:\/\/geauxhealth.org\/es\/wp-json\/wp\/v2\/pages"}],"about":[{"href":"https:\/\/geauxhealth.org\/es\/wp-json\/wp\/v2\/types\/page"}],"author":[{"embeddable":true,"href":"https:\/\/geauxhealth.org\/es\/wp-json\/wp\/v2\/users\/9"}],"replies":[{"embeddable":true,"href":"https:\/\/geauxhealth.org\/es\/wp-json\/wp\/v2\/comments?post=621"}],"version-history":[{"count":0,"href":"https:\/\/geauxhealth.org\/es\/wp-json\/wp\/v2\/pages\/621\/revisions"}],"up":[{"embeddable":true,"href":"https:\/\/geauxhealth.org\/es\/wp-json\/wp\/v2\/pages\/552"}],"wp:attachment":[{"href":"https:\/\/geauxhealth.org\/es\/wp-json\/wp\/v2\/media?parent=621"}],"curies":[{"name":"wp","href":"https:\/\/api.w.org\/{rel}","templated":true}]}}