{"id":622,"date":"2021-09-11T16:41:56","date_gmt":"2021-09-11T16:41:56","guid":{"rendered":"https:\/\/geauxhealth.org\/recursos\/salud-mental\/"},"modified":"2021-09-11T16:41:56","modified_gmt":"2021-09-11T16:41:56","slug":"salud-mental","status":"publish","type":"page","link":"https:\/\/geauxhealth.org\/es\/recursos\/salud-mental\/","title":{"rendered":"Salud mental"},"content":{"rendered":"\n<h3 class=\"wp-block-heading\"><strong>L\u00ednea de ayuda para prevenir el suicidio<\/strong> &#8211; 1-800-273-8255<\/h3>\n\n\n\n<div style=\"background-color:#f6f6f6;padding-left:4%;padding-right:4%;padding-bottom:4%;padding-top:4%;margin-bottom:5%\" class=\"wp-block-genesis-blocks-gb-container resource-details gb-block-container\"><div class=\"gb-container-inside\"><div class=\"gb-container-content\">\n<p class=\"icon ion-ios-location\">Location<\/p>\n\n\n\n<p class=\"icon ion-ios-telephone\">Number<\/p>\n\n\n\n<p class=\"icon ion-android-desktop\">Website<\/p>\n<\/div><\/div><\/div>\n\n\n\n<h3 class=\"wp-block-heading\"><strong>SAMHSA Hotline<\/strong> &#8211; 1-800-662-HELP (4357)<\/h3>\n\n\n\n<ul class=\"wp-block-list\"><li>Administraci\u00f3n del abuso de sustancias y servicios de la salud mental<\/li><li><a href=\"https:\/\/www.samhsa.gov\/find-help\/national-helpline\">https:\/\/www.samhsa.gov\/find-help\/national-helpline<\/a><\/li><\/ul>\n\n\n\n<p><\/p>\n\n\n\n<h3 class=\"wp-block-heading\"><strong>War Vet Call Center<\/strong> &#8211; 1-877-WAR-VETS (1-877-927-8387)<\/h3>\n\n\n\n<ul class=\"wp-block-list\"><li>Centro de llamadas confidenciales donde veteranos de combate y sus familias pueden hablar de sus experiencias militares o cualquier otro problema que est\u00e1n enfrentando al reajustar a su vida civil.<\/li><li><a href=\"https:\/\/www.vetcenter.va.gov\/media\/Call-Center-PSA.asp\">https:\/\/www.vetcenter.va.gov\/media\/Call-Center-PSA.asp<\/a><\/li><\/ul>\n\n\n\n<p><\/p>\n\n\n\n<h3 class=\"wp-block-heading\"><strong>Centro de llamadas para veteranas<\/strong> &#8211; 1-855-VA-WOMEN (1-855-829-6636)<\/h3>\n\n\n\n<ul class=\"wp-block-list\"><li>Ofrece servicios del VA y recursos a veteranas (mujeres), sus familias, y cuidadores.<\/li><li>Llame 1-855-VA-Women (1-855-829-6636) 8 a.m.\u201310 p.m. ET, Lunes\u2013viernes;8 a.m.\u20136:30 p.m. ET, s\u00e1bado.<\/li><li><a href=\"https:\/\/www.womenshealth.va.gov\">Chat <\/a>&nbsp;8 a.m.\u201310 p.m. ET lunes\u2013viernes, 8 a.m.\u20136:30 p.m. ET, s\u00e1bado. <\/li><li><a href=\"https:\/\/www.womenshealth.va.gov\/WOMENSHEALTH\/ProgramOverview\/wvcc.asp\">https:\/\/www.womenshealth.va.gov\/WOMENSHEALTH\/ProgramOverview\/wvcc.asp<\/a><\/li><\/ul>\n\n\n\n<p><\/p>\n\n\n\n<h3 class=\"wp-block-heading\"><strong>Real Warriors<\/strong> &#8211; 1-866-966-1020<\/h3>\n\n\n\n<ul class=\"wp-block-list\"><li>Programa de los Centros de defensa de excelencia para salud psicol\u00f3gica y da\u00f1os cerebrales traum\u00e1ticos que ofrece informaci\u00f3n y recursos para PTSD, da\u00f1os cerebrales traum\u00e1ticos, y salud psicol\u00f3gica.<\/li><\/ul>\n\n\n\n<p><\/p>\n\n\n\n<h3 class=\"wp-block-heading\"><strong>504 Health Net&nbsp;<\/strong><\/h3>\n\n\n\n<ul class=\"wp-block-list\"><li>Organizaci\u00f3n que ayuda a individuos a ubicar servicios de atenci\u00f3n primaria que son convenientes y asequibles.<\/li><li>Llame&nbsp;(504) 206-6275&nbsp;or (504) 507-5112&nbsp;para hablar con alguien que puede buscar una cl\u00ednica cercana para usted.<\/li><li>Visite<a href=\"https:\/\/healthyhospitality.com\">healthyhospitality.com<\/a> or <a href=\"https:\/\/504healthnet.org\/#\/\">504healthnet.org<\/a>&nbsp;para buscar una cl\u00ednica.<\/li><\/ul>\n\n\n\n<p><\/p>\n\n\n\n<h3 class=\"wp-block-heading\"><strong>Rebuild Center<\/strong><\/h3>\n\n\n\n<ul class=\"wp-block-list\"><li>Centro cat\u00f3lico para la comunidad con una cl\u00ednica m\u00e9dica (los martes, mi\u00e9rcoles, y viernes, 10AM-1PM) y servicios psiqui\u00e1tricos (los martes y viernes, 10AM-12PM). Tambi\u00e9n ofrece almuerzos, duchas, art\u00edculos de aseo, servicios\/ba\u00f1os, cortes de pelo, correos, tel\u00e9fonos, acceso a computadores, asistencia financiera, comestibles, banco de alimentos frescos, y servicios legales.<\/li><li>Location: &nbsp;1802 Tulane Ave. New Orleans, LA&nbsp;<\/li><li>Tele: &nbsp;70112 504-273-5547<\/li><li><a href=\"https:\/\/www.stjosephchurch-no.org\/st-joseph-rebuild-center\/\">http:\/\/www.stjosephchurch-no.org\/st-joseph-rebuild-center\/<\/a><\/li><\/ul>\n\n\n\n<p><\/p>\n\n\n\n<h3 class=\"wp-block-heading\"><strong>Crescent Care<\/strong><\/h3>\n\n\n\n<ul class=\"wp-block-list\"><li>Cl\u00ednica con servicios de atenci\u00f3n primaria, pediatr\u00eda, salud mental, odontolog\u00eda, salud de la mujer, atenci\u00f3n para al VIH y la hepatitis C, atenci\u00f3n preventiva, salud de los transexuales, ayuda legal, y seguro m\u00e9dico. Ofrece servicios a los que no tengan seguro m\u00e9dico o que tengan seguro m\u00e9dico insuficiente, Medicaid, o seguro privado. Se habla espa\u00f1ol (504-207-2273, marque 2)<\/li><li>Direcci\u00f3n: &nbsp;1631 Elysian Fields, New Orleans, LA 70117<\/li><li>Tele: &nbsp;504-207-2273<\/li><li>Direcci\u00f3n: &nbsp;3308 Tulane Ave, New Orleans, LA 70119<\/li><li>Tele: &nbsp;844-315-2273<\/li><li>&nbsp;<a href=\"https:\/\/www.crescentcare.org\">Crescentcarehealth.org<\/a><\/li><\/ul>\n\n\n\n<p><\/p>\n\n\n\n<h3 class=\"wp-block-heading\"><strong>New Orleans Family Justice Center<\/strong><\/h3>\n\n\n\n<ul class=\"wp-block-list\"><li>Requieren citas (no acepta pacientes sin cita previa). Servicios disponibles a todos quien ha sido afectado o tiene experiencia con trauma, incluso violencia de armas, violencia dom\u00e9stica, violencia sexual, acecho, abuso de ni\u00f1os, o tr\u00e1fico de personas. Los servicios son gratis y est\u00e1n disponibles en ingl\u00e9s o espa\u00f1ol. Los servicios incluyen ayuda en crisis, defensa y manejo de casos, ayuda legal, terapia, actividades de recuperaci\u00f3n, ayuda por j\u00f3venes y adolescentes, y una Cl\u00ednica Esperanza.   <\/li><li>Direcci\u00f3n: &nbsp;701 Loyola Ave #201 New Orleans, LA 70113&nbsp;<\/li><li>Tele: &nbsp;504-592-4005<\/li><li>&nbsp;<a href=\"https:\/\/nofjc.org\">nofjc.org<\/a><\/li><\/ul>\n\n\n\n<p><\/p>\n\n\n\n<h3 class=\"wp-block-heading\"><strong>Metropolitan Human Services District<\/strong><\/h3>\n\n\n\n<ul class=\"wp-block-list\"><li>Servicios para discapacidades intelectuales\/desarrollo: gastos de subsistencia, descanso, centros, apoyo behavioral, servicios psichi\u00e1tricos, cr\u00edsis<\/li><li>Ni\u00f1os\/Jovenes: infancia temprana, servicios psychiatricos, abuso de sustancias\/salud mental, evaluaciones diagn\u00f3sticas, intervenciones psychosociales, prevenci\u00f3n escolar.<\/li><li>Apoyo: formaci\u00f3n profesional, alojamiento, recursos m\u00e9dicos, y transporte.<\/li><li>Misi\u00f3n: asegurar apoyos y servicios basados en las personas est\u00e1n dispon\u00edbles y est\u00e1n ofrecidos a indiv\u00edduos eligibles con enfermedades mentales, trastornos de adicci\u00f3n, discapacidades intelectuales\/desarrollos en las parroquias de Orleans, Plaquemines, y St. Bernard.<\/li><li>Lunes-viernes 8a-4:30p<\/li><li>Direcci\u00f3n: &nbsp;3100 General De Gaulle Drive, New Orleans, LA 70114<\/li><li>Tele: &nbsp;504-568-3130<\/li><li>LINEA DE CRISIS: 504-826-2675<\/li><li>&nbsp;<a href=\"https:\/\/www.mhsdla.org\">https:\/\/www.mhsdla.org\/<\/a><\/li><\/ul>\n\n\n\n<p><\/p>\n\n\n\n<h3 class=\"wp-block-heading\"><strong>HOP Clinic<\/strong><\/h3>\n\n\n\n<ul class=\"wp-block-list\"><li>El VIH Programa Ambulatorio sirve como un hogar m\u00e9dico para pacientes con VIH\/SIDA. Los servicios incluyen ayuda social, servicios de salud de comportamiento, atenci\u00f3n dental, educaci\u00f3n de salud y alimentaci\u00f3n, servicios laboratorios, y asistencia con medicamentos. Servicios especiales incluyen: atenci\u00f3n de salud femenina, servicios oncol\u00f3gicos, y el manejo del dolor, diabetes, y pulmones.<\/li><li>Direcci\u00f3n: &nbsp;Ambulatory Care Building, Fourth Floor, 4C Clinic, 2000 Canal St, New Orleans, LA 70112<\/li><li>Tele: &nbsp;504-702-4344<\/li><li>&nbsp;<a href=\"https:\/\/www.umcno.org\/programs-services\/infectious-disease-care\/\">www.umcno.org\/programs-services\/infectious-disease-services\/<\/a><\/li><\/ul>\n\n\n\n<p><\/p>\n\n\n\n<h3 class=\"wp-block-heading\"><strong>Covenant House<\/strong><\/h3>\n\n\n\n<ul class=\"wp-block-list\"><li>Ofrece terapia, apoyo, y recursos necesarios para que j\u00f3venes crezcan a ser miembros de la sociedad independientes y productivos. Los servicios incluyen alojamiento, comidas, ropas, evaluaciones profesionales\/de la salud de comportamiento\/para abuso de sustancias. Aconsejo profesional, manejo de caso, ayuda con viviendas, ayuda financiera, educaci\u00f3n. <\/li><li>Direcci\u00f3n: &nbsp;611 North Rampart St New Orleans, LA 70112&nbsp;<\/li><li>Tele: &nbsp;504-584-1111<\/li><li>&nbsp;<a href=\"https:\/\/www.covenanthousenola.org\">covenanthousenola.org<\/a><\/li><\/ul>\n\n\n\n<p><\/p>\n\n\n\n<h3 class=\"wp-block-heading\"><strong>Odyssey House Community Health Clinic<\/strong><\/h3>\n\n\n\n<ul class=\"wp-block-list\"><li>Atenci\u00f3n primaria, salud de comportamiento, educaci\u00f3n y tratamiento diab\u00e9tico, tratamiento de hipertensi\u00f3n, salud femenina (no incluye la obstetricia), asesoramiento nutricional, ex\u00e1menes del VIH, flebotom\u00eda, y servicios de recuperaci\u00f3n de la adicci\u00f3n. Acepta Medicaid, Medicare, o pagos a cargo del paciente\/escala m\u00f3vil.<\/li><li>Acepta Medicaid, Medicare, o pagos a cargo del paciente\/escala m\u00f3vil.<\/li><li>Horario: lunes-viernes 8a-5p, s\u00e1bado: solo con cita previa<\/li><li>Direcci\u00f3n: &nbsp;1125 North Tonti, New Orleans, LA 70119<\/li><li>Tele: &nbsp;504-821-9211<\/li><li>Fuera del horario: 504-821-9211<\/li><li>&nbsp;<a href=\"https:\/\/www.ohlcommunityclinic.org\">https:\/\/www.ohlcommunityclinic.org\/<\/a><\/li><\/ul>\n\n\n\n<p><\/p>\n\n\n\n<h2 class=\"wp-block-heading\">Family Friendly Mental Health<\/h2>\n\n\n\n<h3 class=\"wp-block-heading\"><strong>NAMI-New Orleans<\/strong><\/h3>\n\n\n\n<ul class=\"wp-block-list\"><li>NAMI de New Orleans es una organizaci\u00f3n de familias, amigos, y individuos que han sido afectados por enfermedades mentales. NAMI trabaja por vidas mejores para los que tienen discapacidades o enfermedades mentales.<\/li><li>1538 Louisiana Ave<\/li><li>NOLA 70115<\/li><li>504-896-2345<\/li><li><a href=\"mailto:namino@namineworleans.org\">namino@namineworleans.org<\/a><\/li><li><a href=\"https:\/\/namineworleans.org\">https:\/\/namineworleans.org<\/a> <\/li><\/ul>\n\n\n\n<h3 class=\"wp-block-heading\"><strong>NAMI- West Bank<\/strong><\/h3>\n\n\n\n<ul class=\"wp-block-list\"><li>2051 8th&nbsp;Street<\/li><li>Harvey, LA 70058<\/li><li>504-368-1944<\/li><li><a href=\"mailto:westbank@namineworleans.org\">westbank@namineworleans.org<\/a><\/li><\/ul>\n\n\n\n<p><\/p>\n\n\n\n<h3 class=\"wp-block-heading\"><strong>Tulane- Fourth Trimester &amp; Beyond Clinic<\/strong><\/h3>\n\n\n\n<ul class=\"wp-block-list\"><li>Ofrece evaluaciones comprehensivas y tratamientos para la salud emocional y ansiedad por mujeres prenatal y perinatal. <\/li><li>4000 Bienville Street, Suite G<\/li><li>New Orleans, LA 70119<\/li><li>504-988-0301<\/li><li><a href=\"https:\/\/medicine.tulane.edu\/tulane-doctors\/behavioral-health\/mid-city-clinic\">https:\/\/medicine.tulane.edu\/tulane-doctors\/behavioral-health\/mid-city-clinic<\/a> <\/li><\/ul>\n\n\n\n<p><\/p>\n\n\n\n<h3 class=\"wp-block-heading\"><strong>Center for Hope Child &amp; Family Services<\/strong><\/h3>\n\n\n\n<ul class=\"wp-block-list\"><li>El Centro de Esperanza Servicios de Ni\u00f1os y Familias (Center for Hope Child and Family Services) es un centro ambulatorio de salud de comportamiento que trata a pacientes con enfermedades mentales y ofrece una variedad de servicios de salud mental para la comunidad.<\/li><li>5630 Crowder Blvd, Suite 208<\/li><li>NOLA 70127<\/li><li>504-241-6006<\/li><li><a href=\"http:\/\/centerforhopeservices.com\">centerforhopeservices.com<\/a><\/li><\/ul>\n\n\n\n<p><\/p>\n\n\n\n<h3 class=\"wp-block-heading\"><strong>Jefferson Parish Human Services Authority Metairie, East Jefferson<\/strong><\/h3>\n\n\n\n<ul class=\"wp-block-list\"><li>3616 S I-10 Service Rd W Suite 100<\/li><li>Metairie, LA 70001<\/li><li>504-838-5215<\/li><li><a href=\"https:\/\/www.jphsa.org\">www.jphsa.org<\/a><\/li><\/ul>\n\n\n\n<p><\/p>\n\n\n\n<h3 class=\"wp-block-heading\"><strong>Metropolitan Human Services District Hotline<\/strong><\/h3>\n\n\n\n<ul class=\"wp-block-list\"><li>3100 General de Gaulle Dr<\/li><li>NOLA 70114<\/li><li>504-568-3130<\/li><li>&nbsp;<a href=\"https:\/\/www.mhsdla.org\/\">https:\/\/www.mhsdla.org\/<\/a><\/li><\/ul>\n\n\n\n<p><\/p>\n\n\n\n<h3 class=\"wp-block-heading\"><strong>Chartes-Pontchartrain Behavioral Health Center&nbsp;<\/strong><\/h3>\n\n\n\n<ul class=\"wp-block-list\"><li>719 Elysian Fields Ave<\/li><li>NOLA 70117<\/li><\/ul>\n\n\n\n<p><\/p>\n\n\n\n<h3 class=\"wp-block-heading\"><strong>Volunteers of America<\/strong><\/h3>\n\n\n\n<ul class=\"wp-block-list\"><li>4152 Canal Street<\/li><li>NOLA 70119<\/li><li>504-482-2130<\/li><\/ul>\n\n\n\n<p><\/p>\n\n\n\n<h3 class=\"wp-block-heading\"><strong>The Guidance Center<\/strong><\/h3>\n\n\n\n<ul class=\"wp-block-list\"><li>330 N Jefferson Davis Pkwy<\/li><li>NOLA 70119<\/li><li>504-948-6880<\/li><\/ul>\n\n\n\n<p><\/p>\n\n\n\n<h3 class=\"wp-block-heading\"><strong>Shared Hearts Mental Health Services<\/strong><\/h3>\n\n\n\n<ul class=\"wp-block-list\"><li>4480 Gen DeGaulle<\/li><li>Suite 206<\/li><li>NOLA 70131<\/li><li>504-758-3114<\/li><\/ul>\n","protected":false},"excerpt":{"rendered":"<p>L\u00ednea de ayuda para prevenir el suicidio &#8211; 1-800-273-8255 SAMHSA Hotline &#8211; 1-800-662-HELP (4357) Administraci\u00f3n del abuso de sustancias y servicios de la salud mental https:\/\/www.samhsa.gov\/find-help\/national-helpline War Vet Call Center &#8211; 1-877-WAR-VETS (1-877-927-8387) Centro de llamadas confidenciales donde veteranos de combate y sus familias pueden hablar de sus experiencias militares o cualquier otro problema que [&hellip;]<\/p>\n","protected":false},"author":1,"featured_media":0,"parent":613,"menu_order":0,"comment_status":"closed","ping_status":"closed","template":"","meta":{"_genesis_hide_title":false,"_genesis_hide_breadcrumbs":false,"_genesis_hide_singular_image":false,"_genesis_hide_footer_widgets":false,"_genesis_custom_body_class":"","_genesis_custom_post_class":"","_genesis_layout":"content-sidebar","footnotes":""},"class_list":{"0":"post-622","1":"page","2":"type-page","3":"status-publish","5":"entry"},"yoast_head":"<!-- This site is optimized with the Yoast SEO plugin v27.6 - https:\/\/yoast.com\/product\/yoast-seo-wordpress\/ -->\n<title>New Orleans<\/title>\n<meta name=\"description\" content=\"Atenci\u00f3n especializada para la salud mental est\u00e1 disponible por muchos, incluye servicios aptos para familias.\" \/>\n<meta name=\"robots\" content=\"index, follow, max-snippet:-1, max-image-preview:large, max-video-preview:-1\" \/>\n<link rel=\"canonical\" href=\"https:\/\/geauxhealth.org\/es\/recursos\/salud-mental\/\" \/>\n<meta property=\"og:locale\" content=\"es_ES\" \/>\n<meta property=\"og:type\" content=\"article\" \/>\n<meta property=\"og:title\" content=\"New Orleans\" \/>\n<meta property=\"og:description\" content=\"Atenci\u00f3n especializada para la salud mental est\u00e1 disponible por muchos, incluye servicios aptos para familias.\" \/>\n<meta property=\"og:url\" content=\"https:\/\/geauxhealth.org\/es\/recursos\/salud-mental\/\" \/>\n<meta property=\"og:site_name\" content=\"GeauxHealth!\" \/>\n<meta name=\"twitter:card\" content=\"summary_large_image\" \/>\n<meta name=\"twitter:label1\" content=\"Tiempo de lectura\" \/>\n\t<meta name=\"twitter:data1\" content=\"6 minutos\" \/>\n<script type=\"application\/ld+json\" class=\"yoast-schema-graph\">{\"@context\":\"https:\\\/\\\/schema.org\",\"@graph\":[{\"@type\":\"WebPage\",\"@id\":\"https:\\\/\\\/geauxhealth.org\\\/es\\\/recursos\\\/salud-mental\\\/\",\"url\":\"https:\\\/\\\/geauxhealth.org\\\/es\\\/recursos\\\/salud-mental\\\/\",\"name\":\"New Orleans\",\"isPartOf\":{\"@id\":\"https:\\\/\\\/geauxhealth.org\\\/#website\"},\"datePublished\":\"2021-09-11T16:41:56+00:00\",\"description\":\"Atenci\u00f3n especializada para la salud mental est\u00e1 disponible por muchos, incluye servicios aptos para familias.\",\"breadcrumb\":{\"@id\":\"https:\\\/\\\/geauxhealth.org\\\/es\\\/recursos\\\/salud-mental\\\/#breadcrumb\"},\"inLanguage\":\"es\",\"potentialAction\":[{\"@type\":\"ReadAction\",\"target\":[\"https:\\\/\\\/geauxhealth.org\\\/es\\\/recursos\\\/salud-mental\\\/\"]}]},{\"@type\":\"BreadcrumbList\",\"@id\":\"https:\\\/\\\/geauxhealth.org\\\/es\\\/recursos\\\/salud-mental\\\/#breadcrumb\",\"itemListElement\":[{\"@type\":\"ListItem\",\"position\":1,\"name\":\"Home\",\"item\":\"https:\\\/\\\/geauxhealth.org\\\/es\\\/\"},{\"@type\":\"ListItem\",\"position\":2,\"name\":\"Recursos\",\"item\":\"https:\\\/\\\/geauxhealth.org\\\/es\\\/recursos\\\/\"},{\"@type\":\"ListItem\",\"position\":3,\"name\":\"Salud mental\"}]},{\"@type\":\"WebSite\",\"@id\":\"https:\\\/\\\/geauxhealth.org\\\/#website\",\"url\":\"https:\\\/\\\/geauxhealth.org\\\/\",\"name\":\"GeauxHealth\",\"description\":\"Health Resources for the New Orleans Area\",\"potentialAction\":[{\"@type\":\"SearchAction\",\"target\":{\"@type\":\"EntryPoint\",\"urlTemplate\":\"https:\\\/\\\/geauxhealth.org\\\/?s={search_term_string}\"},\"query-input\":{\"@type\":\"PropertyValueSpecification\",\"valueRequired\":true,\"valueName\":\"search_term_string\"}}],\"inLanguage\":\"es\"}]}<\/script>\n<!-- \/ Yoast SEO plugin. -->","yoast_head_json":{"title":"New Orleans","description":"Atenci\u00f3n especializada para la salud mental est\u00e1 disponible por muchos, incluye servicios aptos para familias.","robots":{"index":"index","follow":"follow","max-snippet":"max-snippet:-1","max-image-preview":"max-image-preview:large","max-video-preview":"max-video-preview:-1"},"canonical":"https:\/\/geauxhealth.org\/es\/recursos\/salud-mental\/","og_locale":"es_ES","og_type":"article","og_title":"New Orleans","og_description":"Atenci\u00f3n especializada para la salud mental est\u00e1 disponible por muchos, incluye servicios aptos para familias.","og_url":"https:\/\/geauxhealth.org\/es\/recursos\/salud-mental\/","og_site_name":"GeauxHealth!","twitter_card":"summary_large_image","twitter_misc":{"Tiempo de lectura":"6 minutos"},"schema":{"@context":"https:\/\/schema.org","@graph":[{"@type":"WebPage","@id":"https:\/\/geauxhealth.org\/es\/recursos\/salud-mental\/","url":"https:\/\/geauxhealth.org\/es\/recursos\/salud-mental\/","name":"New Orleans","isPartOf":{"@id":"https:\/\/geauxhealth.org\/#website"},"datePublished":"2021-09-11T16:41:56+00:00","description":"Atenci\u00f3n especializada para la salud mental est\u00e1 disponible por muchos, incluye servicios aptos para familias.","breadcrumb":{"@id":"https:\/\/geauxhealth.org\/es\/recursos\/salud-mental\/#breadcrumb"},"inLanguage":"es","potentialAction":[{"@type":"ReadAction","target":["https:\/\/geauxhealth.org\/es\/recursos\/salud-mental\/"]}]},{"@type":"BreadcrumbList","@id":"https:\/\/geauxhealth.org\/es\/recursos\/salud-mental\/#breadcrumb","itemListElement":[{"@type":"ListItem","position":1,"name":"Home","item":"https:\/\/geauxhealth.org\/es\/"},{"@type":"ListItem","position":2,"name":"Recursos","item":"https:\/\/geauxhealth.org\/es\/recursos\/"},{"@type":"ListItem","position":3,"name":"Salud mental"}]},{"@type":"WebSite","@id":"https:\/\/geauxhealth.org\/#website","url":"https:\/\/geauxhealth.org\/","name":"GeauxHealth","description":"Health Resources for the New Orleans Area","potentialAction":[{"@type":"SearchAction","target":{"@type":"EntryPoint","urlTemplate":"https:\/\/geauxhealth.org\/?s={search_term_string}"},"query-input":{"@type":"PropertyValueSpecification","valueRequired":true,"valueName":"search_term_string"}}],"inLanguage":"es"}]}},"featured_image_src":null,"featured_image_src_square":null,"_links":{"self":[{"href":"https:\/\/geauxhealth.org\/es\/wp-json\/wp\/v2\/pages\/622","targetHints":{"allow":["GET"]}}],"collection":[{"href":"https:\/\/geauxhealth.org\/es\/wp-json\/wp\/v2\/pages"}],"about":[{"href":"https:\/\/geauxhealth.org\/es\/wp-json\/wp\/v2\/types\/page"}],"author":[{"embeddable":true,"href":"https:\/\/geauxhealth.org\/es\/wp-json\/wp\/v2\/users\/1"}],"replies":[{"embeddable":true,"href":"https:\/\/geauxhealth.org\/es\/wp-json\/wp\/v2\/comments?post=622"}],"version-history":[{"count":0,"href":"https:\/\/geauxhealth.org\/es\/wp-json\/wp\/v2\/pages\/622\/revisions"}],"up":[{"embeddable":true,"href":"https:\/\/geauxhealth.org\/es\/wp-json\/wp\/v2\/pages\/613"}],"wp:attachment":[{"href":"https:\/\/geauxhealth.org\/es\/wp-json\/wp\/v2\/media?parent=622"}],"curies":[{"name":"wp","href":"https:\/\/api.w.org\/{rel}","templated":true}]}}