{"id":624,"date":"2021-09-11T16:44:08","date_gmt":"2021-09-11T16:44:08","guid":{"rendered":"https:\/\/geauxhealth.org\/recursos\/enlaces-en-espanol-y-recursos-adicionales\/"},"modified":"2021-09-11T16:44:08","modified_gmt":"2021-09-11T16:44:08","slug":"enlaces-en-espanol-y-recursos-adicionales","status":"publish","type":"page","link":"https:\/\/geauxhealth.org\/es\/recursos\/enlaces-en-espanol-y-recursos-adicionales\/","title":{"rendered":"Enlaces en espa\u00f1ol y recursos adicionales"},"content":{"rendered":"\n<h3 class=\"wp-block-heading\"><strong>Recursos para la comunidad LatinX<\/strong> (incluye a la gente sin documentos\/papeles)<\/h3>\n\n\n\n<p><em>Listas en ingl\u00e9s y espa\u00f1ol de recursos espec\u00edficos para los pacientes de la comunidad LatinX. Incluye a psici\u00e1tria, atenci\u00f3n primaria, terapia mental\/emocional, dental, y l\u00edneas de ayuda.<\/em><\/p>\n\n\n\n<div style=\"background-color:#f6f6f6;padding-left:4%;padding-right:4%;padding-bottom:4%;padding-top:4%;margin-bottom:5%\" class=\"wp-block-genesis-blocks-gb-container resource-details gb-block-container\"><div class=\"gb-container-inside\"><div class=\"gb-container-content\">\n<p class=\"icon ion-android-desktop\"><a href=\"https:\/\/www.google.com\/url?q=https:\/\/docs.google.com\/document\/d\/1_SqDEgIzbpm5C1KioKt_nF0wj2uuPHVjj5rhFIJ2LbI\/edit?usp%3Dsharing&amp;sa=D&amp;source=editors&amp;ust=1631377962131000&amp;usg=AOvVaw1z85PVeAbIbJm-atmV_kzE\">https:\/\/docs.google.com\/document\/d\/1_SqDEgIzbpm5C1KioKt_nF0wj2uuPHVjj5rhFIJ2LbI\/edit?usp=sharing<\/a><\/p>\n<\/div><\/div><\/div>\n\n\n\n<h3 class=\"wp-block-heading\"><strong>New Orleans Community Resources Guide<\/strong> <strong>for Resistance and Renewal<\/strong><\/h3>\n\n\n\n<p><em>Lista comprensiva de recursos comunitarios (escrito en April 2022)<\/em><\/p>\n\n\n\n<div style=\"background-color:#f6f6f6;padding-left:4%;padding-right:4%;padding-bottom:4%;padding-top:4%;margin-bottom:5%\" class=\"wp-block-genesis-blocks-gb-container resource-details gb-block-container\"><div class=\"gb-container-inside\"><div class=\"gb-container-content\">\n<p class=\"icon ion-android-desktop\"><a href=\"https:\/\/antigravitymagazine.com\/the-new-orleans-community-resource-guide-for-resistance-renewal\/\">https:\/\/antigravitymagazine.com\/the-new-orleans-community-resource-guide-for-resistance-renewal\/<\/a><\/p>\n<\/div><\/div><\/div>\n\n\n\n<h3 class=\"wp-block-heading\"><strong>Tulane Psych C\/L Resources<\/strong><\/h3>\n\n\n\n<p><em>Lista de recursos creada por Tulane Psychiatry<\/em><\/p>\n\n\n\n<div style=\"background-color:#f6f6f6;padding-left:4%;padding-right:4%;padding-bottom:4%;padding-top:4%;margin-bottom:5%\" class=\"wp-block-genesis-blocks-gb-container resource-details gb-block-container\"><div class=\"gb-container-inside\"><div class=\"gb-container-content\">\n<p class=\"icon ion-android-desktop\"><a href=\"https:\/\/www.google.com\/url?q=https:\/\/docs.google.com\/document\/u\/0\/d\/12BSlbpEDBxidTsHJtxQb-J_23v66vmhMwtl8MWAGjUA\/mobilebasic&amp;sa=D&amp;source=editors&amp;ust=1631377962132000&amp;usg=AOvVaw1g3OsgV1oqdf4WYaVBLf-j\" target=\"_blank\" rel=\"noreferrer noopener\">https:\/\/docs.google.com\/document\/u\/0\/d\/12BSlbpEDBxidTsHJtxQb-J_23v66vmhMwtl8MWAGjUA\/mobilebasic<\/a><\/p>\n<\/div><\/div><\/div>\n\n\n\n<h3 class=\"wp-block-heading\"><strong>Gu\u00eda de recursos: Louisianna Department of health community advisory and action teams.<\/strong><\/h3>\n\n\n\n<p><em>Lista de recursos compilados por New Orleans (Region 1) equipo CAAT en el ministerio de la salud familiar. Recursos dirigidos a familias.&nbsp;<\/em><\/p>\n\n\n\n<div style=\"background-color:#f6f6f6;padding-left:4%;padding-right:4%;padding-bottom:4%;padding-top:4%;margin-bottom:5%\" class=\"wp-block-genesis-blocks-gb-container resource-details gb-block-container\"><div class=\"gb-container-inside\"><div class=\"gb-container-content\">\n<p class=\"icon ion-android-desktop\"><a href=\"https:\/\/app.luminpdf.com\/viewer\/5ffb65805ab3980019df9a29\">https:\/\/app.luminpdf.com\/viewer\/5ffb65805ab3980019df9a29<\/a><\/p>\n<\/div><\/div><\/div>\n\n\n\n<h3 class=\"wp-block-heading\"><strong>Aunt Bertha<\/strong><\/h3>\n\n\n\n<p><em>Lista de programas locales que ofrecen asistencia con comida, pagar las cuentas, y otros recursos.<\/em><\/p>\n\n\n\n<div style=\"background-color:#f6f6f6;padding-left:4%;padding-right:4%;padding-bottom:4%;padding-top:4%;margin-bottom:5%\" class=\"wp-block-genesis-blocks-gb-container resource-details gb-block-container\"><div class=\"gb-container-inside\"><div class=\"gb-container-content\">\n<p class=\"icon ion-android-desktop\"><a href=\"https:\/\/www.findhelp.org\/\">https:\/\/www.findhelp.org\/<\/a><\/p>\n<\/div><\/div><\/div>\n\n\n\n<h3 class=\"wp-block-heading\"><strong>Ministerio de Salud New Orleans&nbsp;<\/strong><\/h3>\n\n\n\n<div style=\"background-color:#f6f6f6;padding-left:4%;padding-right:4%;padding-bottom:4%;padding-top:4%;margin-bottom:5%\" class=\"wp-block-genesis-blocks-gb-container resource-details gb-block-container\"><div class=\"gb-container-inside\"><div class=\"gb-container-content\">\n<p class=\"icon ion-android-desktop\"><a href=\"https:\/\/www.nola.gov\/health\/resources\/\">https:\/\/www.nola.gov\/health\/resources\/<\/a><\/p>\n<\/div><\/div><\/div>\n","protected":false},"excerpt":{"rendered":"<p>Recursos para la comunidad LatinX (incluye a la gente sin documentos\/papeles) Listas en ingl\u00e9s y espa\u00f1ol de recursos espec\u00edficos para los pacientes de la comunidad LatinX. Incluye a psici\u00e1tria, atenci\u00f3n primaria, terapia mental\/emocional, dental, y l\u00edneas de ayuda. New Orleans Community Resources Guide for Resistance and Renewal Lista comprensiva de recursos comunitarios (escrito en April [&hellip;]<\/p>\n","protected":false},"author":1,"featured_media":0,"parent":613,"menu_order":0,"comment_status":"closed","ping_status":"closed","template":"","meta":{"_genesis_hide_title":false,"_genesis_hide_breadcrumbs":false,"_genesis_hide_singular_image":false,"_genesis_hide_footer_widgets":false,"_genesis_custom_body_class":"","_genesis_custom_post_class":"","_genesis_layout":"content-sidebar","footnotes":""},"class_list":{"0":"post-624","1":"page","2":"type-page","3":"status-publish","5":"entry"},"yoast_head":"<!-- This site is optimized with the Yoast SEO plugin v27.4 - https:\/\/yoast.com\/product\/yoast-seo-wordpress\/ -->\n<title>Enlaces en espa\u00f1ol y recursos adicionales - GeauxHealth!<\/title>\n<meta name=\"description\" content=\"Registros de recursos adicionales para gente en New Orleans\" \/>\n<meta name=\"robots\" content=\"index, follow, max-snippet:-1, max-image-preview:large, max-video-preview:-1\" \/>\n<link rel=\"canonical\" href=\"https:\/\/geauxhealth.org\/es\/recursos\/enlaces-en-espanol-y-recursos-adicionales\/\" \/>\n<meta property=\"og:locale\" content=\"es_ES\" \/>\n<meta property=\"og:type\" content=\"article\" \/>\n<meta property=\"og:title\" content=\"Enlaces en espa\u00f1ol y recursos adicionales - GeauxHealth!\" \/>\n<meta property=\"og:description\" content=\"Registros de recursos adicionales para gente en New Orleans\" \/>\n<meta property=\"og:url\" content=\"https:\/\/geauxhealth.org\/es\/recursos\/enlaces-en-espanol-y-recursos-adicionales\/\" \/>\n<meta property=\"og:site_name\" content=\"GeauxHealth!\" \/>\n<meta name=\"twitter:card\" content=\"summary_large_image\" \/>\n<meta name=\"twitter:label1\" content=\"Tiempo de lectura\" \/>\n\t<meta name=\"twitter:data1\" content=\"1 minuto\" \/>\n<script type=\"application\/ld+json\" class=\"yoast-schema-graph\">{\"@context\":\"https:\\\/\\\/schema.org\",\"@graph\":[{\"@type\":\"WebPage\",\"@id\":\"https:\\\/\\\/geauxhealth.org\\\/es\\\/recursos\\\/enlaces-en-espanol-y-recursos-adicionales\\\/\",\"url\":\"https:\\\/\\\/geauxhealth.org\\\/es\\\/recursos\\\/enlaces-en-espanol-y-recursos-adicionales\\\/\",\"name\":\"Enlaces en espa\u00f1ol y recursos adicionales - GeauxHealth!\",\"isPartOf\":{\"@id\":\"https:\\\/\\\/geauxhealth.org\\\/#website\"},\"datePublished\":\"2021-09-11T16:44:08+00:00\",\"description\":\"Registros de recursos adicionales para gente en New Orleans\",\"breadcrumb\":{\"@id\":\"https:\\\/\\\/geauxhealth.org\\\/es\\\/recursos\\\/enlaces-en-espanol-y-recursos-adicionales\\\/#breadcrumb\"},\"inLanguage\":\"es\",\"potentialAction\":[{\"@type\":\"ReadAction\",\"target\":[\"https:\\\/\\\/geauxhealth.org\\\/es\\\/recursos\\\/enlaces-en-espanol-y-recursos-adicionales\\\/\"]}]},{\"@type\":\"BreadcrumbList\",\"@id\":\"https:\\\/\\\/geauxhealth.org\\\/es\\\/recursos\\\/enlaces-en-espanol-y-recursos-adicionales\\\/#breadcrumb\",\"itemListElement\":[{\"@type\":\"ListItem\",\"position\":1,\"name\":\"Home\",\"item\":\"https:\\\/\\\/geauxhealth.org\\\/es\\\/\"},{\"@type\":\"ListItem\",\"position\":2,\"name\":\"Recursos\",\"item\":\"https:\\\/\\\/geauxhealth.org\\\/es\\\/recursos\\\/\"},{\"@type\":\"ListItem\",\"position\":3,\"name\":\"Enlaces en espa\u00f1ol y recursos adicionales\"}]},{\"@type\":\"WebSite\",\"@id\":\"https:\\\/\\\/geauxhealth.org\\\/#website\",\"url\":\"https:\\\/\\\/geauxhealth.org\\\/\",\"name\":\"GeauxHealth\",\"description\":\"Health Resources for the New Orleans Area\",\"potentialAction\":[{\"@type\":\"SearchAction\",\"target\":{\"@type\":\"EntryPoint\",\"urlTemplate\":\"https:\\\/\\\/geauxhealth.org\\\/?s={search_term_string}\"},\"query-input\":{\"@type\":\"PropertyValueSpecification\",\"valueRequired\":true,\"valueName\":\"search_term_string\"}}],\"inLanguage\":\"es\"}]}<\/script>\n<!-- \/ Yoast SEO plugin. -->","yoast_head_json":{"title":"Enlaces en espa\u00f1ol y recursos adicionales - GeauxHealth!","description":"Registros de recursos adicionales para gente en New Orleans","robots":{"index":"index","follow":"follow","max-snippet":"max-snippet:-1","max-image-preview":"max-image-preview:large","max-video-preview":"max-video-preview:-1"},"canonical":"https:\/\/geauxhealth.org\/es\/recursos\/enlaces-en-espanol-y-recursos-adicionales\/","og_locale":"es_ES","og_type":"article","og_title":"Enlaces en espa\u00f1ol y recursos adicionales - GeauxHealth!","og_description":"Registros de recursos adicionales para gente en New Orleans","og_url":"https:\/\/geauxhealth.org\/es\/recursos\/enlaces-en-espanol-y-recursos-adicionales\/","og_site_name":"GeauxHealth!","twitter_card":"summary_large_image","twitter_misc":{"Tiempo de lectura":"1 minuto"},"schema":{"@context":"https:\/\/schema.org","@graph":[{"@type":"WebPage","@id":"https:\/\/geauxhealth.org\/es\/recursos\/enlaces-en-espanol-y-recursos-adicionales\/","url":"https:\/\/geauxhealth.org\/es\/recursos\/enlaces-en-espanol-y-recursos-adicionales\/","name":"Enlaces en espa\u00f1ol y recursos adicionales - GeauxHealth!","isPartOf":{"@id":"https:\/\/geauxhealth.org\/#website"},"datePublished":"2021-09-11T16:44:08+00:00","description":"Registros de recursos adicionales para gente en New Orleans","breadcrumb":{"@id":"https:\/\/geauxhealth.org\/es\/recursos\/enlaces-en-espanol-y-recursos-adicionales\/#breadcrumb"},"inLanguage":"es","potentialAction":[{"@type":"ReadAction","target":["https:\/\/geauxhealth.org\/es\/recursos\/enlaces-en-espanol-y-recursos-adicionales\/"]}]},{"@type":"BreadcrumbList","@id":"https:\/\/geauxhealth.org\/es\/recursos\/enlaces-en-espanol-y-recursos-adicionales\/#breadcrumb","itemListElement":[{"@type":"ListItem","position":1,"name":"Home","item":"https:\/\/geauxhealth.org\/es\/"},{"@type":"ListItem","position":2,"name":"Recursos","item":"https:\/\/geauxhealth.org\/es\/recursos\/"},{"@type":"ListItem","position":3,"name":"Enlaces en espa\u00f1ol y recursos adicionales"}]},{"@type":"WebSite","@id":"https:\/\/geauxhealth.org\/#website","url":"https:\/\/geauxhealth.org\/","name":"GeauxHealth","description":"Health Resources for the New Orleans Area","potentialAction":[{"@type":"SearchAction","target":{"@type":"EntryPoint","urlTemplate":"https:\/\/geauxhealth.org\/?s={search_term_string}"},"query-input":{"@type":"PropertyValueSpecification","valueRequired":true,"valueName":"search_term_string"}}],"inLanguage":"es"}]}},"featured_image_src":null,"featured_image_src_square":null,"_links":{"self":[{"href":"https:\/\/geauxhealth.org\/es\/wp-json\/wp\/v2\/pages\/624","targetHints":{"allow":["GET"]}}],"collection":[{"href":"https:\/\/geauxhealth.org\/es\/wp-json\/wp\/v2\/pages"}],"about":[{"href":"https:\/\/geauxhealth.org\/es\/wp-json\/wp\/v2\/types\/page"}],"author":[{"embeddable":true,"href":"https:\/\/geauxhealth.org\/es\/wp-json\/wp\/v2\/users\/1"}],"replies":[{"embeddable":true,"href":"https:\/\/geauxhealth.org\/es\/wp-json\/wp\/v2\/comments?post=624"}],"version-history":[{"count":0,"href":"https:\/\/geauxhealth.org\/es\/wp-json\/wp\/v2\/pages\/624\/revisions"}],"up":[{"embeddable":true,"href":"https:\/\/geauxhealth.org\/es\/wp-json\/wp\/v2\/pages\/613"}],"wp:attachment":[{"href":"https:\/\/geauxhealth.org\/es\/wp-json\/wp\/v2\/media?parent=624"}],"curies":[{"name":"wp","href":"https:\/\/api.w.org\/{rel}","templated":true}]}}